{"id":632,"date":"2023-03-17T16:23:12","date_gmt":"2023-03-17T15:23:12","guid":{"rendered":"https:\/\/landhaus-sonnrain.at\/vakantiewoningen\/vakantiewoning-kaunertal\/"},"modified":"2023-11-22T16:10:27","modified_gmt":"2023-11-22T15:10:27","slug":"vakantiewoning-kaunertal","status":"publish","type":"page","link":"https:\/\/landhaus-sonnrain.at\/nl\/vakantiewoningen\/vakantiewoning-kaunertal\/","title":{"rendered":"Vakantiewoning &#8220;Kaunertal&#8221;"},"content":{"rendered":"<section class=\"wpb-content-wrapper\"><p>[vc_row full_width=&#8221;stretch_row&#8221; css=&#8221;.vc_custom_1700144711508{padding-top: 20% !important;padding-bottom: 20% !important;background-image: url(https:\/\/landhaus-sonnrain.at\/wp-content\/uploads\/2023\/11\/1.jpg?id=1722) !important;background-position: center !important;background-repeat: no-repeat !important;background-size: cover !important;}&#8221;][vc_column][\/vc_column][\/vc_row][vc_row css=&#8221;.vc_custom_1679057036536{padding-top: 50px !important;padding-bottom: 40px !important;}&#8221;][vc_column][vc_column_text]<span class=\"label\">Voor 1-2 personen<\/span>[\/vc_column_text][vc_column_text]<\/p>\n<h1>Vakantiewoning &#8220;Kaunertal&#8221;<\/h1>\n<p>[\/vc_column_text][vc_row_inner][vc_column_inner width=&#8221;1\/2&#8243;][vc_column_text]De <strong>vakantiewoning &#8220;Kaunertal&#8221;<\/strong> bevindt zich op de <strong>tuinverdieping<\/strong> en is bereikbaar via een trap. De flat van <strong>ongeveer 35 vierkante meter<\/strong> heeft:[\/vc_column_text][vc_column_text el_class=&#8221;liste&#8221;]<\/p>\n<ul>\n<li>een tweepersoonskamer met kledingkast<\/li>\n<li>Voldoende ruimte voor een babybedje (beschikbaar)<\/li>\n<li>een badkamer met douche, WC en wastafel<\/li>\n<li>een volledig uitgeruste eetkeuken<\/li>\n<li>een terras met uitzicht op de bergen<\/li>\n<li>gemeenschappelijke ruimtes voor gebruik: skiruimte<\/li>\n<li>rustige en zindelijk gemaakte huisdieren welkom<br \/>\n(gelieve uw eigen eten \/ andere uitrusting mee te nemen)<\/li>\n<\/ul>\n<p>[\/vc_column_text][\/vc_column_inner][vc_column_inner width=&#8221;1\/2&#8243;][vc_single_image image=&#8221;297&#8243; img_size=&#8221;full&#8221; alignment=&#8221;center&#8221;][\/vc_column_inner][\/vc_row_inner][\/vc_column][\/vc_row][vc_row css=&#8221;.vc_custom_1679056253105{padding-top: 40px !important;}&#8221;][vc_column width=&#8221;1\/4&#8243;][vc_column_text el_class=&#8221;besonderheiten&#8221;]<img decoding=\"async\" class=\"alignleft size-full wp-image-104\" src=\"https:\/\/landhaus-sonnrain.at\/wp-content\/uploads\/2023\/03\/icon_berg_white.svg\" alt=\"\" width=\"33\" height=\"auto\" \/> Bergzicht[\/vc_column_text][\/vc_column][vc_column width=&#8221;1\/4&#8243;][vc_column_text el_class=&#8221;besonderheiten&#8221;]<img decoding=\"async\" class=\"alignleft size-full wp-image-106\" src=\"https:\/\/landhaus-sonnrain.at\/wp-content\/uploads\/2023\/03\/icon_kueche_white.svg\" alt=\"\" width=\"33\" height=\"auto\" \/> Keuken[\/vc_column_text][\/vc_column][vc_column width=&#8221;1\/4&#8243;][vc_column_text el_class=&#8221;besonderheiten&#8221;]<img decoding=\"async\" class=\"alignleft size-full wp-image-108\" src=\"https:\/\/landhaus-sonnrain.at\/wp-content\/uploads\/2023\/03\/icon_terrasse_white.svg\" alt=\"\" width=\"33\" height=\"auto\" \/> Terras \/ Balkon[\/vc_column_text][\/vc_column][vc_column width=&#8221;1\/4&#8243;][vc_column_text el_class=&#8221;besonderheiten&#8221;]<img decoding=\"async\" class=\"alignleft size-full wp-image-107\" src=\"https:\/\/landhaus-sonnrain.at\/wp-content\/uploads\/2023\/03\/icon_parken_white.svg\" alt=\"\" width=\"33\" height=\"auto\" \/> Parkeerplaatsen[\/vc_column_text][\/vc_column][\/vc_row][vc_row css=&#8221;.vc_custom_1679056262159{padding-bottom: 40px !important;}&#8221;][vc_column width=&#8221;1\/4&#8243;][vc_column_text el_class=&#8221;besonderheiten&#8221;]<img decoding=\"async\" class=\"alignleft size-full wp-image-99\" src=\"https:\/\/landhaus-sonnrain.at\/wp-content\/uploads\/2023\/03\/icon_haustiere_white.svg\" alt=\"\" width=\"33\" height=\"auto\" \/> Huisdieren welkom[\/vc_column_text][\/vc_column][vc_column width=&#8221;1\/4&#8243;][vc_column_text el_class=&#8221;besonderheiten&#8221;]<img decoding=\"async\" class=\"alignleft size-full wp-image-102\" src=\"https:\/\/landhaus-sonnrain.at\/wp-content\/uploads\/2023\/03\/icon_wlan_white.svg\" alt=\"\" width=\"33\" height=\"auto\" \/> WLAN inbegrepen[\/vc_column_text][\/vc_column][vc_column width=&#8221;1\/4&#8243;][vc_column_text el_class=&#8221;besonderheiten&#8221;]<img decoding=\"async\" class=\"alignleft size-full wp-image-110\" src=\"https:\/\/landhaus-sonnrain.at\/wp-content\/uploads\/2023\/03\/icon_waschen_white.svg\" alt=\"\" width=\"33\" height=\"auto\" \/> Wasmachine[\/vc_column_text][\/vc_column][vc_column width=&#8221;1\/4&#8243;][vc_column_text el_class=&#8221;besonderheiten&#8221;]<img decoding=\"async\" class=\"alignleft size-full wp-image-109\" src=\"https:\/\/landhaus-sonnrain.at\/wp-content\/uploads\/2023\/03\/icon_trockner_white.svg\" alt=\"\" width=\"33\" height=\"auto\" \/> Droger[\/vc_column_text][\/vc_column][\/vc_row][vc_row css=&#8221;.vc_custom_1679913001334{padding-top: 20px !important;padding-bottom: 40px !important;}&#8221;][vc_column][vc_media_grid element_width=&#8221;6&#8243; gap=&#8221;10&#8243; item=&#8221;125&#8243; grid_id=&#8221;vc_gid:1700578973480-55a7d911-c47b-4&#8243; include=&#8221;1492,1496,1488,1484&#8243;][\/vc_column][\/vc_row][vc_row css=&#8221;.vc_custom_1679069371559{padding-top: 40px !important;padding-bottom: 20px !important;}&#8221;][vc_column width=&#8221;1\/2&#8243;][vc_column_text]<span class=\"label\">Beschikbaarheid<\/span>[\/vc_column_text][vc_column_text css=&#8221;.vc_custom_1680686578590{margin-bottom: 10px !important;}&#8221;]<\/p>\n<h2>Wanneer wilt u ons bezoeken?<\/h2>\n<p>[\/vc_column_text][vc_column_text]Controleer hier of uw gewenste verblijfsperiode nog vrij is voor onze vakantiewoning &#8220;Kaunertal&#8221;.<\/p>\n<p>Rood gemarkeerde gebieden zijn al volgeboekt.[\/vc_column_text][vc_btn title=&#8221;Boek een verblijf&#8221; style=&#8221;outline-custom&#8221; outline_custom_color=&#8221;#111111&#8243; outline_custom_hover_background=&#8221;#1e3829&#8243; outline_custom_hover_text=&#8221;#ffffff&#8221; shape=&#8221;square&#8221; link=&#8221;url:https%3A%2F%2Flandhaus-sonnrain.at%2Fnl%2Fboek-een-verblijf%2F|title:Boek%20een%20verblijf|&#8221;][\/vc_column][vc_column width=&#8221;1\/2&#8243;][vc_raw_html]PGRpdiBpZD0ic21vb2J1QXBhcnRtZW50MTI3ODU0OGRlIiBjbGFzcz0iY2FsZW5kYXJXaWRnZXQiPiAKPGRpdiBjbGFzcz0iY2FsZW5kYXJDb250ZW50IiBkYXRhLWxvYWQtY2FsZW5kYXItdXJsPSJodHRwczovL2xvZ2luLnNtb29idS5jb20vZGUvY29ja3BpdC93aWRnZXQvc2luZ2xlLWNhbGVuZGFyLzEyNzg1NDgiIGRhdGEtdmVyaWZpY2F0aW9uPSJlMDE2ZWQ0YTAyMTBhYjlkMDBlNzUwOThhZDAyZmNhY2Q3MmRkYTQwZTQxNDg5M2JhYThhZDhmZWZkMTQ2NTdmIiBkYXRhLWJhc2V1cmw9Imh0dHBzOi8vbG9naW4uc21vb2J1LmNvbSIgZGF0YS1kaXNhYmxlLWNzcz0iZmFsc2UiPgo8L2Rpdj4gCjxzY3JpcHQgdHlwZT0idGV4dC9qYXZhc2NyaXB0IiBzcmM9Imh0dHBzOi8vbG9naW4uc21vb2J1LmNvbS9qcy9BcGFydG1lbnQvQ2FsZW5kYXJXaWRnZXQuanMiPjwvc2NyaXB0Pgo8L2Rpdj4=[\/vc_raw_html][\/vc_column][\/vc_row][vc_row][vc_column][vc_separator color=&#8221;custom&#8221; accent_color=&#8221;#dd9933&#8243;][\/vc_column][\/vc_row][vc_row][vc_column][vc_column_text]<strong>&#8220;Samenzijn in de bergen: pure romantiek bij Landhaus Sonnrain in Fendels&#8221;<\/strong><\/p>\n<p>Welkom, lieve stellen op zoek naar het perfecte toevluchtsoord voor jullie <strong>romantische vakantie<\/strong>! Dompel je onder in een wereld van samenzijn, omgeven door een <strong>adembenemend berglandschap<\/strong> en onge\u00ebvenaarde <strong>gezelligheid<\/strong> in Landhaus Sonnrain in Fendels. We nodigen je uit om samen <strong>onvergetelijke momenten<\/strong> van liefde en ontspanning te beleven!<\/p>\n<p><strong>Bergmagie voor liefhebbers:<\/strong><\/p>\n<p>Stel je voor dat je wakker wordt en uit het raam kijkt naar majestueuze bergtoppen bedekt met <strong>glinsterende sneeuw.<\/strong> Bij Landhaus Sonnrain kun je elke ochtend samen genieten van dit magische schouwspel. De besneeuwde omgeving cre\u00ebert een romantische sfeer die jullie samenzijn nog intenser laat beleven.<\/p>\n<p><strong>Culinaire hoogtepunten voor twee:<\/strong><\/p>\n<p>Je kunt samen koken of voor elkaar koken in de prachtige nieuwe keuken. Geniet van een <strong>romantisch diner bij kaarslicht<\/strong> &#8211; het toppunt van samenzijn. Of het nu gaat om een ontbijt met uitzicht op de bergen of een diner in een stijlvolle ambiance &#8211; hier proef je de liefde in elke hap.<\/p>\n<p><strong>Wandelingen in de sneeuw:<\/strong><\/p>\n<p>Hand in hand door de besneeuwde landschappen wandelen &#8211; dat is pure romantiek! Landhaus Sonnrain biedt je de mogelijkheid om de omgeving te verkennen tijdens <strong>ontspannen wandelingen<\/strong>. Pak je warme jassen, trek je hoed laag over je gezicht en laat je betoveren door de <strong>winterse idylle.<\/strong><\/p>\n<p><strong>Tijd voor elkaar:<\/strong><\/p>\n<p>Een vakantie met z&#8217;n twee\u00ebn in Landhaus Sonnrain betekent vooral \u00e9\u00e9n ding: <strong>tijd voor elkaar.<\/strong> Weg van de drukte kun je rustige gesprekken voeren, samen plannen maken of gewoon genieten van elkaars gezelschap. De ongestoorde sfeer zorgt ervoor dat je je relatie kunt versterken en <strong>speciale momenten<\/strong> kunt delen.<\/p>\n<p>Laat het leven van alledag achter je en dompel je onder in een wereld van liefde en ontspanning bij Landhaus Sonnrain in Fendels. Hier kun je optimaal genieten van je vakantie voor twee en uitkijken naar een tijd vol romantiek en samenzijn. Kom en beleef jullie tijd samen in de bergen![\/vc_column_text][\/vc_column][\/vc_row]<\/p>\n<\/section>","protected":false},"excerpt":{"rendered":"<p>[vc_row full_width=&#8221;stretch_row&#8221; css=&#8221;.vc_custom_1700144711508{padding-top: 20% !important;padding-bottom: 20% !important;background-image: url(https:\/\/landhaus-sonnrain.at\/wp-content\/uploads\/2023\/11\/1.jpg?id=1722) !important;background-position: center !important;background-repeat: no-repeat !important;background-size: cover !important;}&#8221;][vc_column][\/vc_column][\/vc_row][vc_row css=&#8221;.vc_custom_1679057036536{padding-top: 50px !important;padding-bottom: 40px !important;}&#8221;][vc_column][vc_column_text]Voor 1-2 personen[\/vc_column_text][vc_column_text] Vakantiewoning &#8220;Kaunertal&#8221; [\/vc_column_text][vc_row_inner][vc_column_inner width=&#8221;1\/2&#8243;][vc_column_text]De vakantiewoning &#8220;Kaunertal&#8221; bevindt zich op de tuinverdieping en is bereikbaar via een trap. De flat van ongeveer 35 vierkante meter heeft:[\/vc_column_text][vc_column_text el_class=&#8221;liste&#8221;] een tweepersoonskamer met kledingkast Voldoende ruimte voor [&hellip;]<\/p>\n","protected":false},"author":1,"featured_media":0,"parent":616,"menu_order":0,"comment_status":"closed","ping_status":"closed","template":"","meta":{"_uf_show_specific_survey":0,"_uf_disable_surveys":false,"footnotes":""},"class_list":["post-632","page","type-page","status-publish","hentry","wpbf-post"],"_links":{"self":[{"href":"https:\/\/landhaus-sonnrain.at\/nl\/wp-json\/wp\/v2\/pages\/632","targetHints":{"allow":["GET"]}}],"collection":[{"href":"https:\/\/landhaus-sonnrain.at\/nl\/wp-json\/wp\/v2\/pages"}],"about":[{"href":"https:\/\/landhaus-sonnrain.at\/nl\/wp-json\/wp\/v2\/types\/page"}],"author":[{"embeddable":true,"href":"https:\/\/landhaus-sonnrain.at\/nl\/wp-json\/wp\/v2\/users\/1"}],"replies":[{"embeddable":true,"href":"https:\/\/landhaus-sonnrain.at\/nl\/wp-json\/wp\/v2\/comments?post=632"}],"version-history":[{"count":16,"href":"https:\/\/landhaus-sonnrain.at\/nl\/wp-json\/wp\/v2\/pages\/632\/revisions"}],"predecessor-version":[{"id":1915,"href":"https:\/\/landhaus-sonnrain.at\/nl\/wp-json\/wp\/v2\/pages\/632\/revisions\/1915"}],"up":[{"embeddable":true,"href":"https:\/\/landhaus-sonnrain.at\/nl\/wp-json\/wp\/v2\/pages\/616"}],"wp:attachment":[{"href":"https:\/\/landhaus-sonnrain.at\/nl\/wp-json\/wp\/v2\/media?parent=632"}],"curies":[{"name":"wp","href":"https:\/\/api.w.org\/{rel}","templated":true}]}}