{"id":1929,"date":"2023-11-21T16:16:28","date_gmt":"2023-11-21T15:16:28","guid":{"rendered":"https:\/\/landhaus-sonnrain.at\/workation\/"},"modified":"2023-11-23T07:15:14","modified_gmt":"2023-11-23T06:15:14","slug":"workation","status":"publish","type":"page","link":"https:\/\/landhaus-sonnrain.at\/nl\/workation\/","title":{"rendered":"Workation"},"content":{"rendered":"<section class=\"wpb-content-wrapper\"><p>[vc_row full_width=&#8221;stretch_row&#8221; css=&#8221;.vc_custom_1700580337453{background-position: center !important;background-repeat: no-repeat !important;background-size: cover !important;}&#8221;][vc_column][vc_single_image image=&#8221;1732&#8243; img_size=&#8221;full&#8221; alignment=&#8221;center&#8221;][vc_column_text]<strong>In Tirol worden de bergen van het werk kleiner: je werkplek bij Landhaus Sonnrain in Fendels<\/strong><\/p>\n<p><strong>Welkom bij het kantoor van de bergen<\/strong><\/p>\n<p>Geen saaie vergaderzalen en saaie conferentiegesprekken meer &#8211; n<strong>u kun je werken waar anderen op vakantie gaan<\/strong>: in het pittoreske Landhaus Sonnrain in Fendels! Omringd door groene weiden en majestueuze bergen kunnen gasten hier in alle rust werken zonder af te zien van het comfort van moderne voorzieningen. Het huis is uitgerust met <strong>high-speed Wi-Fi<\/strong> zodat je moeiteloos aan je werkverplichtingen kunt voldoen.<\/p>\n<p><strong>Gezellige accommodatie voor effectief werken<\/strong><\/p>\n<p>De accommodatie in Landhaus Sonnrain is niet alleen <strong>gezellig en comfortabel<\/strong>, maar ook ontworpen om productief werken te bevorderen. Ruime kamers met <strong>inspirerend uitzicht<\/strong> op de bergen en prachtige werkruimtes cre\u00ebren de ideale omgeving om creatieve idee\u00ebn op te doen borrelen en taken effici\u00ebnt af te werken.<\/p>\n<p><strong>Landlucht in plaats van kantoorlucht:<\/strong> dompel je onder in de <strong>frisse berglucht<\/strong> en laat de stress van de grote stad achter je! Bij Landhaus Sonnrain werk je met een adembenemend panoramisch uitzicht op de omliggende bergen. Wie heeft grijze kantoormuren nodig als je de majestueuze bergtoppen en het uitzicht op het Oberinntal voor je hebt?<\/p>\n<p><strong>Productiviteitsboost inbegrepen<\/strong>: De heldere berglucht en de <strong>ontspannen sfeer<\/strong> in Landhaus Sonnrain zorgen voor een echte <strong>productiviteitsboost<\/strong>! Hier kun je je creatieve idee\u00ebn laten borrelen en de <strong>stress van alledag vergeten.<\/strong><\/p>\n<p><strong>Werkplek op de berg<\/strong>: Het landhuis biedt flexibele werkmogelijkheden op het platteland &#8211; de perfecte plek voor elk type werknemer!<\/p>\n<p><strong>Inclusief pauzes voor fijnproevers<\/strong>: Tijdens de lunchpauze is niet alleen de laptop dicht, maar wordt ook het gehemelte verwend! In de nieuwe keuken van je vakantiewoning in Landhaus Sonnrain kun je gemakkelijk <strong>regionale lekkernijen<\/strong> en culinaire hoogstandjes bereiden, zodat je smaakpapillen op een workation trip kunnen gaan.<\/p>\n<p><strong>Hard werken, hard spelen<\/strong>: na het werk is het tijd om de <strong>natuur in te gaan<\/strong>! Fendels biedt talloze vrijetijdsactiviteiten &#8211; of het nu gaat om een wandeling door het idyllische landschap, een ontspannen <strong>picknick bij het zie<\/strong> of <strong>skiplezier<\/strong> in de winter. Hier is voor elke avonturier wat wils!<\/p>\n<p><strong>Conclusie<\/strong>: Werken wordt een plezier bij Landhaus Sonnrain! Maak een einde aan saaie kantooromgevingen en ontdek hoe <strong>inspirerend<\/strong> en productief werken in de natuur kan zijn. Neem even afstand van het dagelijkse leven en geniet van een werkvakantie die je niet snel zult vergeten!<\/p>\n<p><strong>Landhaus Sonnrain &#8211; Waar werken een avontuur wordt<\/strong><\/p>\n<p>De Workation-aanbieding is geldig voor de maanden april en mei en oktober en november. Stuur een e-mail naar info(at)landhaus-sonnrain.at om je persoonlijke aanbieding te ontvangen.[\/vc_column_text][\/vc_column][\/vc_row]<\/p>\n<\/section>","protected":false},"excerpt":{"rendered":"<p>[vc_row full_width=&#8221;stretch_row&#8221; css=&#8221;.vc_custom_1700580337453{background-position: center !important;background-repeat: no-repeat !important;background-size: cover !important;}&#8221;][vc_column][vc_single_image image=&#8221;1732&#8243; img_size=&#8221;full&#8221; alignment=&#8221;center&#8221;][vc_column_text]In Tirol worden de bergen van het werk kleiner: je werkplek bij Landhaus Sonnrain in Fendels Welkom bij het kantoor van de bergen Geen saaie vergaderzalen en saaie conferentiegesprekken meer &#8211; nu kun je werken waar anderen op vakantie gaan: in het pittoreske Landhaus [&hellip;]<\/p>\n","protected":false},"author":2,"featured_media":0,"parent":0,"menu_order":0,"comment_status":"closed","ping_status":"closed","template":"","meta":{"_uf_show_specific_survey":0,"_uf_disable_surveys":false,"footnotes":""},"class_list":["post-1929","page","type-page","status-publish","hentry","wpbf-post"],"_links":{"self":[{"href":"https:\/\/landhaus-sonnrain.at\/nl\/wp-json\/wp\/v2\/pages\/1929","targetHints":{"allow":["GET"]}}],"collection":[{"href":"https:\/\/landhaus-sonnrain.at\/nl\/wp-json\/wp\/v2\/pages"}],"about":[{"href":"https:\/\/landhaus-sonnrain.at\/nl\/wp-json\/wp\/v2\/types\/page"}],"author":[{"embeddable":true,"href":"https:\/\/landhaus-sonnrain.at\/nl\/wp-json\/wp\/v2\/users\/2"}],"replies":[{"embeddable":true,"href":"https:\/\/landhaus-sonnrain.at\/nl\/wp-json\/wp\/v2\/comments?post=1929"}],"version-history":[{"count":3,"href":"https:\/\/landhaus-sonnrain.at\/nl\/wp-json\/wp\/v2\/pages\/1929\/revisions"}],"predecessor-version":[{"id":1932,"href":"https:\/\/landhaus-sonnrain.at\/nl\/wp-json\/wp\/v2\/pages\/1929\/revisions\/1932"}],"wp:attachment":[{"href":"https:\/\/landhaus-sonnrain.at\/nl\/wp-json\/wp\/v2\/media?parent=1929"}],"curies":[{"name":"wp","href":"https:\/\/api.w.org\/{rel}","templated":true}]}}