{"id":674,"date":"2023-03-29T13:31:53","date_gmt":"2023-03-29T11:31:53","guid":{"rendered":"https:\/\/landhaus-sonnrain.at\/mentions-legales\/"},"modified":"2023-11-16T14:12:05","modified_gmt":"2023-11-16T13:12:05","slug":"mentions-legales","status":"publish","type":"page","link":"https:\/\/landhaus-sonnrain.at\/fr\/mentions-legales\/","title":{"rendered":"Mentions l\u00e9gales"},"content":{"rendered":"<section class=\"wpb-content-wrapper\"><p>[vc_row full_width=\u00a0\u00bbstretch_row\u00a0\u00bb css=\u00a0\u00bb.vc_custom_1700140318121{padding-top: 20% !important;padding-bottom: 20% !important;background-image: url(https:\/\/landhaus-sonnrain.at\/wp-content\/uploads\/2023\/11\/Smaragdsee-mit-Huette-Tiroler-Oberland-scaled.jpg?id=1582) !important;background-position: center !important;background-repeat: no-repeat !important;background-size: cover !important;}\u00a0\u00bb][vc_column][\/vc_column][\/vc_row][vc_row css=\u00a0\u00bb.vc_custom_1679057036536{padding-top: 50px !important;padding-bottom: 40px !important;}\u00a0\u00bb][vc_column][vc_column_text]<span class=\"label\">Informations l\u00e9gales<\/span>[\/vc_column_text][vc_column_text]<\/p>\n<h1>Mentions l\u00e9gales<\/h1>\n<p>[\/vc_column_text][vc_row_inner][vc_column_inner width=\u00a0\u00bb1\/3&Prime;][vc_column_text]<\/p>\n<h2>Informations selon \u00a7 5 TMG<\/h2>\n<p>Laura Hitzler<br \/>\nLandhaus Sonnrain<br \/>\nFendels 70<br \/>\n6528 Fendels<\/p>\n<h2>Contact<\/h2>\n<p>T\u00e9l\u00e9phone: +49 \u202d151 67466741\u202c<br \/>\nE-mail: info(at)landhaus-sonnrain.at[\/vc_column_text][\/vc_column_inner][vc_column_inner width=\u00a0\u00bb1\/3&Prime;][vc_column_text]<\/p>\n<h2>Responsable \u00e9ditorial<\/h2>\n<p>Laura Hitzler<\/p>\n<h2>R\u00e8glement des litiges de l&rsquo;UE<\/h2>\n<p>La Commission europ\u00e9enne met \u00e0 disposition une plateforme de r\u00e8glement en ligne des litiges (RLL) : <a href=\"https:\/\/ec.europa.eu\/consumers\/odr\/\" target=\"_blank\" rel=\"noopener noreferrer\">https:\/\/ec.europa.eu\/consumers\/odr\/<\/a>.<br \/>\nVous trouverez notre adresse e-mail en haut dans les mentions l\u00e9gales.[\/vc_column_text][\/vc_column_inner][vc_column_inner width=\u00a0\u00bb1\/3&Prime;][vc_column_text]<\/p>\n<h2>R\u00e8glement des litiges de consommation\/organisme de conciliation universel<\/h2>\n<p>Nous ne sommes pas pr\u00eats ou oblig\u00e9s de participer \u00e0 des proc\u00e9dures de r\u00e8glement des litiges devant un organisme de conciliation des consommateurs.[\/vc_column_text][\/vc_column_inner][\/vc_row_inner][\/vc_column][\/vc_row]<\/p>\n<\/section>","protected":false},"excerpt":{"rendered":"<p>[vc_row full_width=\u00a0\u00bbstretch_row\u00a0\u00bb css=\u00a0\u00bb.vc_custom_1700140318121{padding-top: 20% !important;padding-bottom: 20% !important;background-image: url(https:\/\/landhaus-sonnrain.at\/wp-content\/uploads\/2023\/11\/Smaragdsee-mit-Huette-Tiroler-Oberland-scaled.jpg?id=1582) !important;background-position: center !important;background-repeat: no-repeat !important;background-size: cover !important;}\u00a0\u00bb][vc_column][\/vc_column][\/vc_row][vc_row css=\u00a0\u00bb.vc_custom_1679057036536{padding-top: 50px !important;padding-bottom: 40px !important;}\u00a0\u00bb][vc_column][vc_column_text]Informations l\u00e9gales[\/vc_column_text][vc_column_text] Mentions l\u00e9gales [\/vc_column_text][vc_row_inner][vc_column_inner width=\u00a0\u00bb1\/3&Prime;][vc_column_text] Informations selon \u00a7 5 TMG Laura Hitzler Landhaus Sonnrain Fendels 70 6528 Fendels Contact T\u00e9l\u00e9phone: +49 \u202d151 67466741\u202c E-mail: info(at)landhaus-sonnrain.at[\/vc_column_text][\/vc_column_inner][vc_column_inner width=\u00a0\u00bb1\/3&Prime;][vc_column_text] Responsable \u00e9ditorial Laura Hitzler R\u00e8glement des litiges de l&rsquo;UE [&hellip;]<\/p>\n","protected":false},"author":1,"featured_media":0,"parent":0,"menu_order":0,"comment_status":"closed","ping_status":"closed","template":"","meta":{"_uf_show_specific_survey":0,"_uf_disable_surveys":false,"footnotes":""},"class_list":["post-674","page","type-page","status-publish","hentry","wpbf-post"],"_links":{"self":[{"href":"https:\/\/landhaus-sonnrain.at\/fr\/wp-json\/wp\/v2\/pages\/674","targetHints":{"allow":["GET"]}}],"collection":[{"href":"https:\/\/landhaus-sonnrain.at\/fr\/wp-json\/wp\/v2\/pages"}],"about":[{"href":"https:\/\/landhaus-sonnrain.at\/fr\/wp-json\/wp\/v2\/types\/page"}],"author":[{"embeddable":true,"href":"https:\/\/landhaus-sonnrain.at\/fr\/wp-json\/wp\/v2\/users\/1"}],"replies":[{"embeddable":true,"href":"https:\/\/landhaus-sonnrain.at\/fr\/wp-json\/wp\/v2\/comments?post=674"}],"version-history":[{"count":5,"href":"https:\/\/landhaus-sonnrain.at\/fr\/wp-json\/wp\/v2\/pages\/674\/revisions"}],"predecessor-version":[{"id":1716,"href":"https:\/\/landhaus-sonnrain.at\/fr\/wp-json\/wp\/v2\/pages\/674\/revisions\/1716"}],"wp:attachment":[{"href":"https:\/\/landhaus-sonnrain.at\/fr\/wp-json\/wp\/v2\/media?parent=674"}],"curies":[{"name":"wp","href":"https:\/\/api.w.org\/{rel}","templated":true}]}}