{"id":584,"date":"2023-03-27T12:41:14","date_gmt":"2023-03-27T10:41:14","guid":{"rendered":"https:\/\/landhaus-sonnrain.at\/reserver-un-sejour\/"},"modified":"2024-09-20T14:43:14","modified_gmt":"2024-09-20T12:43:14","slug":"reserver-un-sejour","status":"publish","type":"page","link":"https:\/\/landhaus-sonnrain.at\/fr\/reserver-un-sejour\/","title":{"rendered":"R\u00e9server un s\u00e9jour"},"content":{"rendered":"<section class=\"wpb-content-wrapper\"><p>[vc_row full_width=\u00a0\u00bbstretch_row\u00a0\u00bb css=\u00a0\u00bb.vc_custom_1699801124773{padding-top: 20% !important;padding-bottom: 20% !important;background-image: url(https:\/\/landhaus-sonnrain.at\/wp-content\/uploads\/2023\/11\/Sonnenaufgang-Fendels-1-scaled.jpg?id=1591) !important;background-position: center !important;background-repeat: no-repeat !important;background-size: cover !important;}\u00a0\u00bb][vc_column][\/vc_column][\/vc_row][vc_row css=\u00a0\u00bb.vc_custom_1679057036536{padding-top: 50px !important;padding-bottom: 40px !important;}\u00a0\u00bb][vc_column][vc_column_text]<span class=\"label\">Tarifs<\/span>[\/vc_column_text][vc_column_text]<\/p>\n<h1>Aper\u00e7u des tarifs des appartements<\/h1>\n<p>[\/vc_column_text][vc_column_text]Nos tarifs s&rsquo;entendent <strong>par appartement et par nuit<\/strong>. Cela comprend \u00e9galement une <strong>place de parking<\/strong> (places suppl\u00e9mentaires sur demande), la <strong>taxe de s\u00e9jour<\/strong> (3,50 \u20ac par personne), le<strong> linge de lit<\/strong>, les <strong>serviettes<\/strong>, le <strong>WiFi<\/strong> et l&rsquo;utilisation gratuite du <strong>local \u00e0 skis<\/strong>. Il n&rsquo;y a pas de frais suppl\u00e9mentaires pour les chiens.[\/vc_column_text][vc_column_text el_class=\u00a0\u00bbpreise\u00a0\u00bb]<\/p>\n<table style=\"height: 149px;\" width=\"726\">\n<tbody>\n<tr>\n<th><strong>appartement *<\/strong><\/th>\n<th><strong>hiver (6.12.24 &#8211; 30.3.25)<\/strong><\/th>\n<th><strong> \u00e9t\u00e9 (6.6.25 &#8211; 5.10.25) <\/strong><\/th>\n<\/tr>\n<tr>\n<td>Kaunertal (1\u20132 personnes)<\/td>\n<td>100 \u20ac<\/td>\n<td>80 \u20ac<\/td>\n<\/tr>\n<tr>\n<td>Oberinntal (1\u20134 personnes)<\/td>\n<td>200 \u20ac<\/td>\n<td>160 \u20ac<\/td>\n<\/tr>\n<tr>\n<td>Fendels (1\u20136 personnes)<\/td>\n<td>300 \u20ac<\/td>\n<td>240 \u20ac<\/td>\n<\/tr>\n<tr>\n<td>Roter Schrofen (1-6 personnes)<\/td>\n<td>300 \u20ac<\/td>\n<td>240 \u20ac<\/td>\n<\/tr>\n<\/tbody>\n<\/table>\n<p>[\/vc_column_text][vc_column_text el_class=\u00a0\u00bbpreise\u00a0\u00bb]<\/p>\n<table style=\"height: 149px;\" width=\"726\">\n<tbody>\n<tr>\n<th><strong>appartement *<\/strong><\/th>\n<th><strong>hiver <\/strong>(5.12.25 \u2013 12.04.26)<\/th>\n<th><strong>\u00e9t\u00e9 (5.6.26 &#8211; 11.10.26) <\/strong><\/th>\n<\/tr>\n<tr>\n<td>Kaunertal (1\u20132 personnes)<\/td>\n<td>110 \u20ac<\/td>\n<td>90 \u20ac<\/td>\n<\/tr>\n<tr>\n<td>Oberinntal (1\u20134 personnes)<\/td>\n<td>220 \u20ac<\/td>\n<td>180 \u20ac<\/td>\n<\/tr>\n<tr>\n<td>Fendels (1\u20136 personnes)<\/td>\n<td>330 \u20ac<\/td>\n<td>270 \u20ac<\/td>\n<\/tr>\n<tr>\n<td>Roter Schrofen (1\u20136 personnes)<\/td>\n<td>330 \u20ac<\/td>\n<td>270 \u20ac<\/td>\n<\/tr>\n<\/tbody>\n<\/table>\n<p>[\/vc_column_text][vc_column_text]<\/p>\n<p style=\"text-align: right;\">* plus un <strong>forfait de nettoyage<\/strong> de 80\/100\/150 \u20ac.<\/p>\n<p>[\/vc_column_text][\/vc_column][\/vc_row][vc_row full_width=\u00a0\u00bbstretch_row\u00a0\u00bb content_placement=\u00a0\u00bbmiddle\u00a0\u00bb css=\u00a0\u00bb.vc_custom_1679061584980{background-color: #e9b44c !important;}\u00a0\u00bb el_class=\u00a0\u00bbcta\u00a0\u00bb][vc_column width=\u00a0\u00bb2\/3&Prime;][vc_column_text]<\/p>\n<h2>Vous avez des questions ? Nous sommes heureux de vous aider !<\/h2>\n<p>[\/vc_column_text][\/vc_column][vc_column width=\u00a0\u00bb1\/3&Prime;][vc_btn title=\u00a0\u00bbEnvoyer une demande\u00a0\u00bb style=\u00a0\u00bboutline-custom\u00a0\u00bb outline_custom_color=\u00a0\u00bb#ffffff\u00a0\u00bb outline_custom_hover_background=\u00a0\u00bb#1e3829&Prime; outline_custom_hover_text=\u00a0\u00bb#ffffff\u00a0\u00bb shape=\u00a0\u00bbsquare\u00a0\u00bb align=\u00a0\u00bbcenter\u00a0\u00bb button_block=\u00a0\u00bbtrue\u00a0\u00bb link=\u00a0\u00bburl:mailto%3Ainfo%40landhaus-sonnrain.at|title:info%28at%29landhaus-sonnrain.at|\u00a0\u00bb][\/vc_column][\/vc_row][vc_row css=\u00a0\u00bb.vc_custom_1679915665950{padding-top: 40px !important;}\u00a0\u00bb][vc_column][vc_column_text]<span class=\"label\">R\u00e9servation<\/span>[\/vc_column_text][vc_row_inner][vc_column_inner width=\u00a0\u00bb1\/3&Prime;][vc_column_text css=\u00a0\u00bb.vc_custom_1680687537309{margin-bottom: 10px !important;}\u00a0\u00bb]<\/p>\n<h2>Quand souhaitez-vous nous rendre visite ?<\/h2>\n<p>[\/vc_column_text][vc_column_text]Entrez simplement ici la dur\u00e9e de votre s\u00e9jour souhait\u00e9e et le nombre de personnes souhait\u00e9es et r\u00e9servez directement votre s\u00e9jour dans notre magnifique Landhaus Sonnrain ! <strong>Nous avons h\u00e2te de vous voir ! <\/strong>Vous pouvez trouver les questions fr\u00e9quemment pos\u00e9es <strong><a href=\"https:\/\/landhaus-sonnrain.at\/fr\/reserver-un-sejour\/questions-frequemment-posees\/\">ici<\/a><\/strong>. En r\u00e9servant via notre site Internet, vous acceptez nos <a href=\"https:\/\/landhaus-sonnrain.at\/fr\/reserver-un-sejour\/conditions-generales-de-vente\/\"><strong>termes et conditions<\/strong><\/a>.[\/vc_column_text][\/vc_column_inner][vc_column_inner width=\u00a0\u00bb2\/3&Prime;][vc_raw_js]JTNDZGl2JTIwaWQlM0QlMjJhcGFydG1lbnRJZnJhbWVBbGwlMjIlM0UlMEElM0NzY3JpcHQlMjB0eXBlJTNEJTIydGV4dCUyRmphdmFzY3JpcHQlMjIlMjBzcmMlM0QlMjJodHRwcyUzQSUyRiUyRmxvZ2luLnNtb29idS5jb20lMkZqcyUyRlNldHRpbmdzJTJGQm9va2luZ1Rvb2xJZnJhbWUuanMlMjIlM0UlM0MlMkZzY3JpcHQlM0UlMEElM0NzY3JpcHQlM0VCb29raW5nVG9vbElmcmFtZS5pbml0aWFsaXplJTI4JTdCJTIydXJsJTIyJTNBJTIwJTIyaHR0cHMlM0ElMkYlMkZsb2dpbi5zbW9vYnUuY29tJTJGZGUlMkZib29raW5nLXRvb2wlMkZpZnJhbWUlMkY0MjkwMjYlMjIlMkMlMjAlMjJiYXNlVXJsJTIyJTNBJTIwJTIyaHR0cHMlM0ElMkYlMkZsb2dpbi5zbW9vYnUuY29tJTIyJTJDJTIwJTIydGFyZ2V0JTIyJTNBJTIwJTIyJTIzYXBhcnRtZW50SWZyYW1lQWxsJTIyJTdEJTI5JTNDJTJGc2NyaXB0JTNFJTBBJTNDJTJGZGl2JTNF[\/vc_raw_js][\/vc_column_inner][\/vc_row_inner][\/vc_column][\/vc_row]<\/p>\n<\/section>","protected":false},"excerpt":{"rendered":"<p>[vc_row full_width=\u00a0\u00bbstretch_row\u00a0\u00bb css=\u00a0\u00bb.vc_custom_1699801124773{padding-top: 20% !important;padding-bottom: 20% !important;background-image: url(https:\/\/landhaus-sonnrain.at\/wp-content\/uploads\/2023\/11\/Sonnenaufgang-Fendels-1-scaled.jpg?id=1591) !important;background-position: center !important;background-repeat: no-repeat !important;background-size: cover !important;}\u00a0\u00bb][vc_column][\/vc_column][\/vc_row][vc_row css=\u00a0\u00bb.vc_custom_1679057036536{padding-top: 50px !important;padding-bottom: 40px !important;}\u00a0\u00bb][vc_column][vc_column_text]Tarifs[\/vc_column_text][vc_column_text] Aper\u00e7u des tarifs des appartements [\/vc_column_text][vc_column_text]Nos tarifs s&rsquo;entendent par appartement et par nuit. Cela comprend \u00e9galement une place de parking (places suppl\u00e9mentaires sur demande), la taxe de s\u00e9jour (3,50 \u20ac par personne), le linge de [&hellip;]<\/p>\n","protected":false},"author":1,"featured_media":0,"parent":0,"menu_order":0,"comment_status":"closed","ping_status":"closed","template":"","meta":{"_uf_show_specific_survey":0,"_uf_disable_surveys":false,"footnotes":""},"class_list":["post-584","page","type-page","status-publish","hentry","wpbf-post"],"_links":{"self":[{"href":"https:\/\/landhaus-sonnrain.at\/fr\/wp-json\/wp\/v2\/pages\/584","targetHints":{"allow":["GET"]}}],"collection":[{"href":"https:\/\/landhaus-sonnrain.at\/fr\/wp-json\/wp\/v2\/pages"}],"about":[{"href":"https:\/\/landhaus-sonnrain.at\/fr\/wp-json\/wp\/v2\/types\/page"}],"author":[{"embeddable":true,"href":"https:\/\/landhaus-sonnrain.at\/fr\/wp-json\/wp\/v2\/users\/1"}],"replies":[{"embeddable":true,"href":"https:\/\/landhaus-sonnrain.at\/fr\/wp-json\/wp\/v2\/comments?post=584"}],"version-history":[{"count":31,"href":"https:\/\/landhaus-sonnrain.at\/fr\/wp-json\/wp\/v2\/pages\/584\/revisions"}],"predecessor-version":[{"id":2552,"href":"https:\/\/landhaus-sonnrain.at\/fr\/wp-json\/wp\/v2\/pages\/584\/revisions\/2552"}],"wp:attachment":[{"href":"https:\/\/landhaus-sonnrain.at\/fr\/wp-json\/wp\/v2\/media?parent=584"}],"curies":[{"name":"wp","href":"https:\/\/api.w.org\/{rel}","templated":true}]}}