{"id":581,"date":"2023-03-29T10:57:33","date_gmt":"2023-03-29T08:57:33","guid":{"rendered":"https:\/\/landhaus-sonnrain.at\/comment-nous-trouver\/"},"modified":"2023-11-23T08:12:54","modified_gmt":"2023-11-23T07:12:54","slug":"comment-nous-trouver","status":"publish","type":"page","link":"https:\/\/landhaus-sonnrain.at\/fr\/comment-nous-trouver\/","title":{"rendered":"Nous sommes ici"},"content":{"rendered":"<section class=\"wpb-content-wrapper\"><p>[vc_row full_width=\u00a0\u00bbstretch_row\u00a0\u00bb css=\u00a0\u00bb.vc_custom_1700143976957{padding-top: 20% !important;padding-bottom: 20% !important;background-image: url(https:\/\/landhaus-sonnrain.at\/wp-content\/uploads\/2023\/11\/9.jpg?id=1759) !important;background-position: center !important;background-repeat: no-repeat !important;background-size: cover !important;}\u00a0\u00bb][vc_column][\/vc_column][\/vc_row][vc_row css=\u00a0\u00bb.vc_custom_1679057036536{padding-top: 50px !important;padding-bottom: 40px !important;}\u00a0\u00bb][vc_column][vc_column_text]<span class=\"label\">Mise \u00e0 jour : novembre 2023<\/span>[\/vc_column_text][vc_column_text]<\/p>\n<h1>Voici comment nous trouver !<\/h1>\n<p>[\/vc_column_text][vc_row_inner][vc_column_inner width=\u00a0\u00bb1\/2&Prime;][vc_column_text]Si vous souhaitez traverser <strong>Landeck<\/strong>, vous pouvez emprunter la route nationale dans les deux sens, car elle est \u00e0 nouveau ouverte. Notez toutefois qu&rsquo;une vignette autorouti\u00e8re est n\u00e9cessaire pour emprunter le \u00ab\u00a0<strong>Landecker Tunnels<\/strong>\u00ab\u00a0.<\/p>\n<p>Vous devez traverser compl\u00e8tement <strong>le chantier de Prutz<\/strong> et tourner \u00e0 gauche en direction de Prutz. Veuillez noter que seul cet acc\u00e8s est temporairement disponible.<\/p>\n<p>Si vous venez chez nous \u00e0 <strong>Fendels<\/strong>, sachez que les rues du village sont d\u00e9neig\u00e9es plusieurs fois par jour en cas de chutes de neige. Toutefois, en cas de fortes chutes de neige, le service de d\u00e9neigement peut mettre plus de temps \u00e0 faire ses rondes. <strong>Il est important d&rsquo;avoir des cha\u00eenes \u00e0 neige<\/strong>!<\/p>\n<p><strong>Veuillez imp\u00e9rativement respecter toutes les consignes et rouler prudemment et en toute s\u00e9curit\u00e9 sur les routes.<\/strong>[\/vc_column_text][\/vc_column_inner][vc_column_inner width=\u00a0\u00bb1\/2&Prime;][vc_gmaps link=\u00a0\u00bb#E-8_JTNDaWZyYW1lJTIwc3JjJTNEJTIyaHR0cHMlM0ElMkYlMkZ3d3cuZ29vZ2xlLmNvbSUyRm1hcHMlMkZlbWJlZCUzRnBiJTNEJTIxMW0xOCUyMTFtMTIlMjExbTMlMjExZDI3MTguMzAyMzE5MTY4NDI4MyUyMTJkMTAuNjc1NTUwNDU3OTE5MzE0JTIxM2Q0Ny4wNTM5MTk2MzgyMTk1OSUyMTJtMyUyMTFmMCUyMTJmMCUyMTNmMCUyMTNtMiUyMTFpMTAyNCUyMTJpNzY4JTIxNGYxMy4xJTIxM20zJTIxMW0yJTIxMXMweDQ3OWNkMTExMzMxMWFiYWYlMjUzQTB4ODJmMjU5OTg5YTQ1OWI2JTIxMnNMYW5kaGF1cyUyNTIwU29ubnJhaW4lMjUyMEZlbmRlbHMlMjE1ZTAlMjEzbTIlMjExc2RlJTIxMnNkZSUyMTR2MTY4MDA4MTIwNTE2MyUyMTVtMiUyMTFzZGUlMjEyc2RlJTIyJTIwd2lkdGglM0QlMjI2MDAlMjIlMjBoZWlnaHQlM0QlMjI0NTAlMjIlMjBzdHlsZSUzRCUyMmJvcmRlciUzQTAlM0IlMjIlMjBhbGxvd2Z1bGxzY3JlZW4lM0QlMjIlMjIlMjBsb2FkaW5nJTNEJTIybGF6eSUyMiUyMHJlZmVycmVycG9saWN5JTNEJTIybm8tcmVmZXJyZXItd2hlbi1kb3duZ3JhZGUlMjIlM0UlM0MlMkZpZnJhbWUlM0U=\u00a0\u00bb][\/vc_column_inner][\/vc_row_inner][\/vc_column][\/vc_row][vc_row full_width=\u00a0\u00bbstretch_row\u00a0\u00bb content_placement=\u00a0\u00bbmiddle\u00a0\u00bb css=\u00a0\u00bb.vc_custom_1679061584980{background-color: #e9b44c !important;}\u00a0\u00bb el_class=\u00a0\u00bbcta\u00a0\u00bb][vc_column width=\u00a0\u00bb2\/3&Prime;][vc_column_text]<\/p>\n<h2>Vous avez des questions ? Nous sommes heureux de vous aider !<\/h2>\n<p>[\/vc_column_text][\/vc_column][vc_column width=\u00a0\u00bb1\/3&Prime;][vc_btn title=\u00a0\u00bbEnvoyer une demande\u00a0\u00bb style=\u00a0\u00bboutline-custom\u00a0\u00bb outline_custom_color=\u00a0\u00bb#ffffff\u00a0\u00bb outline_custom_hover_background=\u00a0\u00bb#1e3829&Prime; outline_custom_hover_text=\u00a0\u00bb#ffffff\u00a0\u00bb shape=\u00a0\u00bbsquare\u00a0\u00bb align=\u00a0\u00bbcenter\u00a0\u00bb button_block=\u00a0\u00bbtrue\u00a0\u00bb link=\u00a0\u00bburl:mailto%3Ainfo%40landhaus-sonnrain.at|title:info%28at%29landhaus-sonnrain.at|\u00a0\u00bb][\/vc_column][\/vc_row]<\/p>\n<\/section>","protected":false},"excerpt":{"rendered":"<p>[vc_row full_width=\u00a0\u00bbstretch_row\u00a0\u00bb css=\u00a0\u00bb.vc_custom_1700143976957{padding-top: 20% !important;padding-bottom: 20% !important;background-image: url(https:\/\/landhaus-sonnrain.at\/wp-content\/uploads\/2023\/11\/9.jpg?id=1759) !important;background-position: center !important;background-repeat: no-repeat !important;background-size: cover !important;}\u00a0\u00bb][vc_column][\/vc_column][\/vc_row][vc_row css=\u00a0\u00bb.vc_custom_1679057036536{padding-top: 50px !important;padding-bottom: 40px !important;}\u00a0\u00bb][vc_column][vc_column_text]Mise \u00e0 jour : novembre 2023[\/vc_column_text][vc_column_text] Voici comment nous trouver ! [\/vc_column_text][vc_row_inner][vc_column_inner width=\u00a0\u00bb1\/2&Prime;][vc_column_text]Si vous souhaitez traverser Landeck, vous pouvez emprunter la route nationale dans les deux sens, car elle est \u00e0 nouveau ouverte. Notez toutefois qu&rsquo;une [&hellip;]<\/p>\n","protected":false},"author":1,"featured_media":0,"parent":0,"menu_order":0,"comment_status":"closed","ping_status":"closed","template":"","meta":{"_uf_show_specific_survey":0,"_uf_disable_surveys":false,"footnotes":""},"class_list":["post-581","page","type-page","status-publish","hentry","wpbf-post"],"_links":{"self":[{"href":"https:\/\/landhaus-sonnrain.at\/fr\/wp-json\/wp\/v2\/pages\/581","targetHints":{"allow":["GET"]}}],"collection":[{"href":"https:\/\/landhaus-sonnrain.at\/fr\/wp-json\/wp\/v2\/pages"}],"about":[{"href":"https:\/\/landhaus-sonnrain.at\/fr\/wp-json\/wp\/v2\/types\/page"}],"author":[{"embeddable":true,"href":"https:\/\/landhaus-sonnrain.at\/fr\/wp-json\/wp\/v2\/users\/1"}],"replies":[{"embeddable":true,"href":"https:\/\/landhaus-sonnrain.at\/fr\/wp-json\/wp\/v2\/comments?post=581"}],"version-history":[{"count":11,"href":"https:\/\/landhaus-sonnrain.at\/fr\/wp-json\/wp\/v2\/pages\/581\/revisions"}],"predecessor-version":[{"id":1960,"href":"https:\/\/landhaus-sonnrain.at\/fr\/wp-json\/wp\/v2\/pages\/581\/revisions\/1960"}],"wp:attachment":[{"href":"https:\/\/landhaus-sonnrain.at\/fr\/wp-json\/wp\/v2\/media?parent=581"}],"curies":[{"name":"wp","href":"https:\/\/api.w.org\/{rel}","templated":true}]}}