{"id":569,"date":"2023-03-28T12:52:07","date_gmt":"2023-03-28T10:52:07","guid":{"rendered":"https:\/\/landhaus-sonnrain.at\/appartements-de-vacances\/appartement-de-vacances-roter-schrofen\/"},"modified":"2023-11-23T08:06:24","modified_gmt":"2023-11-23T07:06:24","slug":"appartement-de-vacances-roter-schrofen","status":"publish","type":"page","link":"https:\/\/landhaus-sonnrain.at\/fr\/appartements-de-vacances\/appartement-de-vacances-roter-schrofen\/","title":{"rendered":"Appartement \u00ab\u00a0Roter Schrofen\u00a0\u00bb"},"content":{"rendered":"<section class=\"wpb-content-wrapper\"><p>[vc_row full_width=\u00a0\u00bbstretch_row\u00a0\u00bb css=\u00a0\u00bb.vc_custom_1700144937018{padding-top: 20% !important;padding-bottom: 20% !important;background-image: url(https:\/\/landhaus-sonnrain.at\/wp-content\/uploads\/2023\/11\/2.jpg?id=1726) !important;background-position: center !important;background-repeat: no-repeat !important;background-size: cover !important;}\u00a0\u00bb][vc_column][\/vc_column][\/vc_row][vc_row css=\u00a0\u00bb.vc_custom_1679057036536{padding-top: 50px !important;padding-bottom: 40px !important;}\u00a0\u00bb][vc_column][vc_column_text]<span class=\"label\">Pour 1-6 personnes<\/span>[\/vc_column_text][vc_column_text]<\/p>\n<h1>Appartement \u00ab\u00a0Roter Schrofen\u00a0\u00bb<\/h1>\n<p>[\/vc_column_text][vc_row_inner][vc_column_inner width=\u00a0\u00bb1\/2&Prime;][vc_column_text]<strong>L&rsquo;appartement de vacances \u00ab\u00a0Roter Schrofen\u00a0\u00bb<\/strong> se trouve au <strong>dernier \u00e9tage <\/strong> de la maison et est accessible par un escalier. L&rsquo;appartement d&rsquo;environ <strong>100 m\u00e8tres<\/strong> carr\u00e9s dispose de :[\/vc_column_text][vc_column_text el_class=\u00a0\u00bbliste\u00a0\u00bb]<\/p>\n<ul>\n<li>trois chambres doubles, y compris armoires<\/li>\n<li>de magnifiques pentes de toit en bois<\/li>\n<li>une salle de bains avec baignoire et lavabo<\/li>\n<li>une salle de bain avec douche et lavabo<\/li>\n<li>un WC<\/li>\n<li>un salon confortable avec un canap\u00e9 et une t\u00e9l\u00e9vision<\/li>\n<li>un balcon confortable et enti\u00e8rement couvert<\/li>\n<li>un petit balcon pour le petit-d\u00e9jeuner<\/li>\n<li>Vue sur la montagne<\/li>\n<li>locaux communs \u00e0 utiliser : local \u00e0 skis<\/li>\n<li>animaux domestiques calmes et propres bienvenus<br \/>\n(nourriture \/ autre \u00e9quipement \u00e0 apporter par vos soins)<\/li>\n<\/ul>\n<p>[\/vc_column_text][\/vc_column_inner][vc_column_inner width=\u00a0\u00bb1\/2&Prime;][vc_single_image image=\u00a0\u00bb416&Prime; img_size=\u00a0\u00bbfull\u00a0\u00bb alignment=\u00a0\u00bbcenter\u00a0\u00bb][\/vc_column_inner][\/vc_row_inner][\/vc_column][\/vc_row][vc_row css=\u00a0\u00bb.vc_custom_1679056253105{padding-top: 40px !important;}\u00a0\u00bb][vc_column width=\u00a0\u00bb1\/4&Prime;][vc_column_text el_class=\u00a0\u00bbbesonderheiten\u00a0\u00bb]<img decoding=\"async\" class=\"alignleft size-full wp-image-104\" src=\"https:\/\/landhaus-sonnrain.at\/wp-content\/uploads\/2023\/03\/icon_berg_white.svg\" alt=\"\" width=\"33\" height=\"auto\"> Vue sur la montagne[\/vc_column_text][\/vc_column][vc_column width=\u00a0\u00bb1\/4&Prime;][vc_column_text el_class=\u00a0\u00bbbesonderheiten\u00a0\u00bb]<img decoding=\"async\" class=\"alignleft size-full wp-image-106\" src=\"https:\/\/landhaus-sonnrain.at\/wp-content\/uploads\/2023\/03\/icon_kueche_white.svg\" alt=\"\" width=\"33\" height=\"auto\"> Cuisine[\/vc_column_text][\/vc_column][vc_column width=\u00a0\u00bb1\/4&Prime;][vc_column_text el_class=\u00a0\u00bbbesonderheiten\u00a0\u00bb]<img decoding=\"async\" class=\"alignleft size-full wp-image-108\" src=\"https:\/\/landhaus-sonnrain.at\/wp-content\/uploads\/2023\/03\/icon_terrasse_white.svg\" alt=\"\" width=\"33\" height=\"auto\"> Terrasse \/ balcon[\/vc_column_text][\/vc_column][vc_column width=\u00a0\u00bb1\/4&Prime;][vc_column_text el_class=\u00a0\u00bbbesonderheiten\u00a0\u00bb]<img decoding=\"async\" class=\"alignleft size-full wp-image-107\" src=\"https:\/\/landhaus-sonnrain.at\/wp-content\/uploads\/2023\/03\/icon_parken_white.svg\" alt=\"\" width=\"33\" height=\"auto\"> Places de parking[\/vc_column_text][\/vc_column][\/vc_row][vc_row css=\u00a0\u00bb.vc_custom_1679056262159{padding-bottom: 40px !important;}\u00a0\u00bb][vc_column width=\u00a0\u00bb1\/4&Prime;][vc_column_text el_class=\u00a0\u00bbbesonderheiten\u00a0\u00bb]<img decoding=\"async\" class=\"alignleft size-full wp-image-99\" src=\"https:\/\/landhaus-sonnrain.at\/wp-content\/uploads\/2023\/03\/icon_haustiere_white.svg\" alt=\"\" width=\"33\" height=\"auto\"> Hunde willkommen[\/vc_column_text][\/vc_column][vc_column width=\u00a0\u00bb1\/4&Prime;][vc_column_text el_class=\u00a0\u00bbbesonderheiten\u00a0\u00bb]<img decoding=\"async\" class=\"alignleft size-full wp-image-102\" src=\"https:\/\/landhaus-sonnrain.at\/wp-content\/uploads\/2023\/03\/icon_wlan_white.svg\" alt=\"\" width=\"33\" height=\"auto\"> Wi-Fi inclus[\/vc_column_text][\/vc_column][vc_column width=\u00a0\u00bb1\/4&Prime;][vc_column_text el_class=\u00a0\u00bbbesonderheiten\u00a0\u00bb]<img decoding=\"async\" class=\"alignleft size-full wp-image-110\" src=\"https:\/\/landhaus-sonnrain.at\/wp-content\/uploads\/2023\/03\/icon_waschen_white.svg\" alt=\"\" width=\"33\" height=\"auto\"> Machine \u00e0 laver[\/vc_column_text][\/vc_column][vc_column width=\u00a0\u00bb1\/4&Prime;][vc_column_text el_class=\u00a0\u00bbbesonderheiten\u00a0\u00bb]<img decoding=\"async\" class=\"alignleft size-full wp-image-109\" src=\"https:\/\/landhaus-sonnrain.at\/wp-content\/uploads\/2023\/03\/icon_trockner_white.svg\" alt=\"\" width=\"33\" height=\"auto\"> S\u00e8che-linge[\/vc_column_text][\/vc_column][\/vc_row][vc_row css=\u00a0\u00bb.vc_custom_1679913001334{padding-top: 20px !important;padding-bottom: 40px !important;}\u00a0\u00bb][vc_column][vc_media_grid gap=\u00a0\u00bb10&Prime; item=\u00a0\u00bb125&Prime; grid_id=\u00a0\u00bbvc_gid:1700579368221-0659d98f-5437-4&Prime; include=\u00a0\u00bb1631,1550,1542,1498,1566,1554,1546,1538,1518,1534,1530,1526&Prime;][\/vc_column][\/vc_row][vc_row css=\u00a0\u00bb.vc_custom_1679069371559{padding-top: 40px !important;padding-bottom: 20px !important;}\u00a0\u00bb][vc_column width=\u00a0\u00bb1\/2&Prime;][vc_column_text]<span class=\"label\">Disponibilit\u00e9<\/span>[\/vc_column_text][vc_column_text css=\u00a0\u00bb.vc_custom_1680686772502{margin-bottom: 10px !important;}\u00a0\u00bb]<\/p>\n<h2>Quand souhaitez-vous nous rendre visite ?<\/h2>\n<p>[\/vc_column_text][vc_column_text]V\u00e9rifie ici si la p\u00e9riode de s\u00e9jour souhait\u00e9e pour notre appartement de vacances \u00ab\u00a0Roter Schrofen\u00a0\u00bb est encore disponible.<\/p>\n<p>Les zones marqu\u00e9es en rouge sont d\u00e9j\u00e0 compl\u00e8tes.[\/vc_column_text][vc_btn title=\u00a0\u00bbR\u00e9server un s\u00e9jour\u00a0\u00bb style=\u00a0\u00bboutline-custom\u00a0\u00bb outline_custom_color=\u00a0\u00bb#111111&Prime; outline_custom_hover_background=\u00a0\u00bb#1e3829&Prime; outline_custom_hover_text=\u00a0\u00bb#ffffff\u00a0\u00bb shape=\u00a0\u00bbsquare\u00a0\u00bb link=\u00a0\u00bburl:https%3A%2F%2Flandhaus-sonnrain.at%2Ffr%2Freserver-un-sejour%2F|title:R%C3%A9server%20un%20s%C3%A9jour|\u00a0\u00bb][\/vc_column][vc_column width=\u00a0\u00bb1\/2&Prime;][vc_raw_html]PGRpdiBpZD0ic21vb2J1QXBhcnRtZW50MTI3NjcyN2RlIiBjbGFzcz0iY2FsZW5kYXJXaWRnZXQiPiA8ZGl2IGNsYXNzPSJjYWxlbmRhckNvbnRlbnQiIGRhdGEtbG9hZC1jYWxlbmRhci11cmw9Imh0dHBzOi8vbG9naW4uc21vb2J1LmNvbS9kZS9jb2NrcGl0L3dpZGdldC9zaW5nbGUtY2FsZW5kYXIvMTI3NjcyNyIgZGF0YS12ZXJpZmljYXRpb249ImFmZDhmZTQxZDY1NDU3NDYxNmY3ZjBiZGI5MzJiZDVkMTUwZTI5YmVkNzc0NTRkYTY0ODUyMTA2MTU2YTI3YjIiIGRhdGEtYmFzZXVybD0iaHR0cHM6Ly9sb2dpbi5zbW9vYnUuY29tIiBkYXRhLWRpc2FibGUtY3NzPSJmYWxzZSI+PC9kaXY+IDxzY3JpcHQgdHlwZT0idGV4dC9qYXZhc2NyaXB0IiBzcmM9Imh0dHBzOi8vbG9naW4uc21vb2J1LmNvbS9qcy9BcGFydG1lbnQvQ2FsZW5kYXJXaWRnZXQuanMiPjwvc2NyaXB0PjwvZGl2Pg==[\/vc_raw_html][\/vc_column][\/vc_row][vc_row][vc_column][vc_separator color=\u00a0\u00bbcustom\u00a0\u00bb accent_color=\u00a0\u00bb#dd9933&Prime;][vc_column_text]<strong>\u00ab\u00a0Amis, neige et plaisir sans fin : l&rsquo;exp\u00e9rience hivernale ultime au Landhaus Sonnrain \u00e0 Fendels !\u00a0\u00bb<\/strong><\/p>\n<p>Oh\u00e9, h\u00e9ros de la neige et experts de l&rsquo;apr\u00e8s-ski ! Si tu es \u00e0 la recherche des vacances d&rsquo;hiver ultimes avec ta d\u00e9licieuse troupe de fous des pistes, laisse-moi te dire pourquoi le Landhaus Sonnrain \u00e0 Fendels devrait \u00eatre ton terrain de jeu hivernal \u00e9pique ! Pr\u00e9pare-toi \u00e0 des sommets enneig\u00e9s, \u00e0 des batailles de boules de neige endiabl\u00e9es et \u00e0 des soir\u00e9es inoubliables en bonne compagnie !<\/p>\n<p><strong>Pays des merveilles des sommets<\/strong><\/p>\n<p>Que tu sois un skieur d\u00e9butant ou un professionnel des pistes, les pentes enneig\u00e9es autour du Landhaus Sonnrain offrent de l&rsquo;action pour tous les go\u00fbts. Des descentes douces aux pentes raides charg\u00e9es d&rsquo;adr\u00e9naline, tu trouveras ici des pistes qui feront de tes r\u00eaves de sports d&rsquo;hiver une r\u00e9alit\u00e9. N&rsquo;oublie pas de <strong><a href=\"https:\/\/www.kaunertaler-gletscher.at\/bergbahnen-fendels\/winterberg-fendels\/fendels-skigebiet.html\" target=\"_blank\" rel=\"noopener\">d\u00e9valer la montagne<\/a><\/strong> en combinaison de neige &#8211; cela ne fait pas seulement rire, c&rsquo;est aussi tr\u00e8s amusant !<\/p>\n<p><strong> Des souvenirs communs qui restent<\/strong><\/p>\n<p>Les amis sont comme les flocons de neige &#8211; uniques et pr\u00e9cieux. Au Landhaus Sonnrain, vous pouvez non seulement conqu\u00e9rir les pistes ensemble, mais aussi faire passer votre amiti\u00e9 au niveau sup\u00e9rieur. Des aventures communes, des rires bruyants et des moments chaleureux cr\u00e9eront des souvenirs qui vous donneront le sourire des ann\u00e9es plus tard.<\/p>\n<p><strong> Des refuges douillets<\/strong><\/p>\n<p>Apr\u00e8s toute cette folie hivernale, m\u00eame le h\u00e9ros du ski le plus endurci a besoin de souffler un peu. Les chambres confortables du Landhaus Sonnrain constituent le lieu de retraite id\u00e9al pour se ressourcer et se pr\u00e9parer \u00e0 une prochaine journ\u00e9e pleine d&rsquo;aventures.<\/p>\n<p>Et bien s\u00fbr, qu&rsquo;est-ce qui ne doit pas manquer ? &#8211; Un repas d\u00e9licieux ! Avec la machine \u00e0 caf\u00e9 et le <strong><a href=\"https:\/\/www.baeckereikoehle.at\/\" target=\"_blank\" rel=\"noopener\">service de petits pains<\/a><\/strong>, le petit d\u00e9jeuner est presque meilleur qu&rsquo;\u00e0 l&rsquo;h\u00f4tel et le soir, vous pouvez cuisiner ensemble un menu magique dans la superbe cuisine ou tout simplement faire une raclette, il y en a pour tous les go\u00fbts !<\/p>\n<p>Alors, chers fous des pistes, prenez votre \u00e9quipement de ski et passez les meilleures vacances de ski et d&rsquo;hiver de votre vie au Landhaus Sonnrain \u00e0 Fendels ! La neige, le plaisir et l&rsquo;amiti\u00e9 t&rsquo;attendent &#8211; qu&rsquo;est-ce que vous attendez ?[\/vc_column_text][\/vc_column][\/vc_row]<\/p>\n<\/section>","protected":false},"excerpt":{"rendered":"<p>[vc_row full_width=\u00a0\u00bbstretch_row\u00a0\u00bb css=\u00a0\u00bb.vc_custom_1700144937018{padding-top: 20% !important;padding-bottom: 20% !important;background-image: url(https:\/\/landhaus-sonnrain.at\/wp-content\/uploads\/2023\/11\/2.jpg?id=1726) !important;background-position: center !important;background-repeat: no-repeat !important;background-size: cover !important;}\u00a0\u00bb][vc_column][\/vc_column][\/vc_row][vc_row css=\u00a0\u00bb.vc_custom_1679057036536{padding-top: 50px !important;padding-bottom: 40px !important;}\u00a0\u00bb][vc_column][vc_column_text]Pour 1-6 personnes[\/vc_column_text][vc_column_text] Appartement \u00ab\u00a0Roter Schrofen\u00a0\u00bb [\/vc_column_text][vc_row_inner][vc_column_inner width=\u00a0\u00bb1\/2&Prime;][vc_column_text]L&rsquo;appartement de vacances \u00ab\u00a0Roter Schrofen\u00a0\u00bb se trouve au dernier \u00e9tage de la maison et est accessible par un escalier. L&rsquo;appartement d&rsquo;environ 100 m\u00e8tres carr\u00e9s dispose de :[\/vc_column_text][vc_column_text el_class=\u00a0\u00bbliste\u00a0\u00bb] trois [&hellip;]<\/p>\n","protected":false},"author":1,"featured_media":0,"parent":536,"menu_order":0,"comment_status":"closed","ping_status":"closed","template":"","meta":{"_uf_show_specific_survey":0,"_uf_disable_surveys":false,"footnotes":""},"class_list":["post-569","page","type-page","status-publish","hentry","wpbf-post"],"_links":{"self":[{"href":"https:\/\/landhaus-sonnrain.at\/fr\/wp-json\/wp\/v2\/pages\/569","targetHints":{"allow":["GET"]}}],"collection":[{"href":"https:\/\/landhaus-sonnrain.at\/fr\/wp-json\/wp\/v2\/pages"}],"about":[{"href":"https:\/\/landhaus-sonnrain.at\/fr\/wp-json\/wp\/v2\/types\/page"}],"author":[{"embeddable":true,"href":"https:\/\/landhaus-sonnrain.at\/fr\/wp-json\/wp\/v2\/users\/1"}],"replies":[{"embeddable":true,"href":"https:\/\/landhaus-sonnrain.at\/fr\/wp-json\/wp\/v2\/comments?post=569"}],"version-history":[{"count":22,"href":"https:\/\/landhaus-sonnrain.at\/fr\/wp-json\/wp\/v2\/pages\/569\/revisions"}],"predecessor-version":[{"id":1955,"href":"https:\/\/landhaus-sonnrain.at\/fr\/wp-json\/wp\/v2\/pages\/569\/revisions\/1955"}],"up":[{"embeddable":true,"href":"https:\/\/landhaus-sonnrain.at\/fr\/wp-json\/wp\/v2\/pages\/536"}],"wp:attachment":[{"href":"https:\/\/landhaus-sonnrain.at\/fr\/wp-json\/wp\/v2\/media?parent=569"}],"curies":[{"name":"wp","href":"https:\/\/api.w.org\/{rel}","templated":true}]}}