{"id":557,"date":"2023-03-27T16:38:35","date_gmt":"2023-03-27T14:38:35","guid":{"rendered":"https:\/\/landhaus-sonnrain.at\/appartements-de-vacances\/appartement-de-vacances-oberinntal\/"},"modified":"2023-11-29T10:50:56","modified_gmt":"2023-11-29T09:50:56","slug":"appartement-de-vacances-oberinntal","status":"publish","type":"page","link":"https:\/\/landhaus-sonnrain.at\/fr\/appartements-de-vacances\/appartement-de-vacances-oberinntal\/","title":{"rendered":"Appartement \u00ab\u00a0Oberinntal\u00a0\u00bb"},"content":{"rendered":"<section class=\"wpb-content-wrapper\"><p>[vc_row full_width=\u00a0\u00bbstretch_row\u00a0\u00bb css=\u00a0\u00bb.vc_custom_1700144773656{padding-top: 20% !important;padding-bottom: 20% !important;background-image: url(https:\/\/landhaus-sonnrain.at\/wp-content\/uploads\/2023\/11\/4.jpg?id=1734) !important;background-position: center !important;background-repeat: no-repeat !important;background-size: cover !important;}\u00a0\u00bb][vc_column][\/vc_column][\/vc_row][vc_row css=\u00a0\u00bb.vc_custom_1679057036536{padding-top: 50px !important;padding-bottom: 40px !important;}\u00a0\u00bb][vc_column width=\u00a0\u00bb1\/2&Prime;][vc_column_text]<span class=\"label\">Pour 1-4 personnes<\/span>[\/vc_column_text][vc_column_text]<\/p>\n<h1>Appartement \u00ab\u00a0Oberinntal\u00a0\u00bb<\/h1>\n<p>[\/vc_column_text][vc_column_text]<strong>L&rsquo;appartement \u00ab\u00a0Oberinntal\u00a0\u00bb<\/strong> se trouve au <strong>rez-de-jardin<\/strong> et est accessible par un escalier. L&rsquo;appartement d&rsquo;environ <strong>45 m\u00e8tres <\/strong> carr\u00e9s dispose de :[\/vc_column_text][vc_column_text el_class=\u00a0\u00bbliste\u00a0\u00bb]<\/p>\n<ul>\n<li>deux chambres doubles avec armoires armoires<\/li>\n<li>une cuisine-s\u00e9jour enti\u00e8rement \u00e9quip\u00e9e avec un agr\u00e9able coin repas<\/li>\n<li>une salle de bain avec douche<\/li>\n<li>un WC s\u00e9par\u00e9<\/li>\n<li>une terrasse avec vue sur la montagne<\/li>\n<li>locaux communs \u00e0 utiliser : local \u00e0 skis<\/li>\n<li>animaux domestiques calmes et propres bienvenus<br \/>\n(nourriture \/ autre \u00e9quipement \u00e0 apporter par vos soins)<\/li>\n<\/ul>\n<p>[\/vc_column_text][\/vc_column][vc_column width=\u00a0\u00bb1\/2&Prime;][vc_single_image image=\u00a0\u00bb356&Prime; img_size=\u00a0\u00bbfull\u00a0\u00bb alignment=\u00a0\u00bbcenter\u00a0\u00bb][\/vc_column][\/vc_row][vc_row css=\u00a0\u00bb.vc_custom_1679056253105{padding-top: 40px !important;}\u00a0\u00bb][vc_column width=\u00a0\u00bb1\/4&Prime;][vc_column_text el_class=\u00a0\u00bbbesonderheiten\u00a0\u00bb]<img decoding=\"async\" class=\"alignleft size-full wp-image-104\" src=\"https:\/\/landhaus-sonnrain.at\/wp-content\/uploads\/2023\/03\/icon_berg_white.svg\" alt=\"\" width=\"33\" height=\"auto\"> Vue sur la montagne[\/vc_column_text][\/vc_column][vc_column width=\u00a0\u00bb1\/4&Prime;][vc_column_text el_class=\u00a0\u00bbbesonderheiten\u00a0\u00bb]<img decoding=\"async\" class=\"alignleft size-full wp-image-106\" src=\"https:\/\/landhaus-sonnrain.at\/wp-content\/uploads\/2023\/03\/icon_kueche_white.svg\" alt=\"\" width=\"33\" height=\"auto\"> Cuisine[\/vc_column_text][\/vc_column][vc_column width=\u00a0\u00bb1\/4&Prime;][vc_column_text el_class=\u00a0\u00bbbesonderheiten\u00a0\u00bb]<img decoding=\"async\" class=\"alignleft size-full wp-image-108\" src=\"https:\/\/landhaus-sonnrain.at\/wp-content\/uploads\/2023\/03\/icon_terrasse_white.svg\" alt=\"\" width=\"33\" height=\"auto\"> Terrasse \/ balcon[\/vc_column_text][\/vc_column][vc_column width=\u00a0\u00bb1\/4&Prime;][vc_column_text el_class=\u00a0\u00bbbesonderheiten\u00a0\u00bb]<img decoding=\"async\" class=\"alignleft size-full wp-image-107\" src=\"https:\/\/landhaus-sonnrain.at\/wp-content\/uploads\/2023\/03\/icon_parken_white.svg\" alt=\"\" width=\"33\" height=\"auto\"> Places de parking[\/vc_column_text][\/vc_column][\/vc_row][vc_row css=\u00a0\u00bb.vc_custom_1679056262159{padding-bottom: 40px !important;}\u00a0\u00bb][vc_column width=\u00a0\u00bb1\/4&Prime;][vc_column_text el_class=\u00a0\u00bbbesonderheiten\u00a0\u00bb]<img decoding=\"async\" class=\"alignleft size-full wp-image-99\" src=\"https:\/\/landhaus-sonnrain.at\/wp-content\/uploads\/2023\/03\/icon_haustiere_white.svg\" alt=\"\" width=\"33\" height=\"auto\">Chiens bienvenus[\/vc_column_text][\/vc_column][vc_column width=\u00a0\u00bb1\/4&Prime;][vc_column_text el_class=\u00a0\u00bbbesonderheiten\u00a0\u00bb]<img decoding=\"async\" class=\"alignleft size-full wp-image-102\" src=\"https:\/\/landhaus-sonnrain.at\/wp-content\/uploads\/2023\/03\/icon_wlan_white.svg\" alt=\"\" width=\"33\" height=\"auto\"> Wi-Fi inclus[\/vc_column_text][\/vc_column][vc_column width=\u00a0\u00bb1\/4&Prime;][vc_column_text el_class=\u00a0\u00bbbesonderheiten\u00a0\u00bb]<img decoding=\"async\" class=\"alignleft size-full wp-image-110\" src=\"https:\/\/landhaus-sonnrain.at\/wp-content\/uploads\/2023\/03\/icon_waschen_white.svg\" alt=\"\" width=\"33\" height=\"auto\"> Machine \u00e0 laver[\/vc_column_text][\/vc_column][vc_column width=\u00a0\u00bb1\/4&Prime;][vc_column_text el_class=\u00a0\u00bbbesonderheiten\u00a0\u00bb]<img decoding=\"async\" class=\"alignleft size-full wp-image-109\" src=\"https:\/\/landhaus-sonnrain.at\/wp-content\/uploads\/2023\/03\/icon_trockner_white.svg\" alt=\"\" width=\"33\" height=\"auto\"> S\u00e8che-linge[\/vc_column_text][\/vc_column][\/vc_row][vc_row css=\u00a0\u00bb.vc_custom_1679913001334{padding-top: 20px !important;padding-bottom: 40px !important;}\u00a0\u00bb][vc_column][vc_media_grid element_width=\u00a0\u00bb6&Prime; gap=\u00a0\u00bb10&Prime; item=\u00a0\u00bb125&Prime; grid_id=\u00a0\u00bbvc_gid:1701246737395-c57a4a62-36b5-10&Prime; include=\u00a0\u00bb1625,1574,1566,1502,1506,1510,1514&Prime;][\/vc_column][\/vc_row][vc_row css=\u00a0\u00bb.vc_custom_1679069371559{padding-top: 40px !important;padding-bottom: 20px !important;}\u00a0\u00bb][vc_column width=\u00a0\u00bb1\/2&Prime;][vc_column_text]<span class=\"label\">Disponibilit\u00e9<\/span>[\/vc_column_text][vc_column_text css=\u00a0\u00bb.vc_custom_1680686649979{margin-bottom: 10px !important;}\u00a0\u00bb]<\/p>\n<h2>Quand souhaitez-vous nous rendre visite ?<\/h2>\n<p>[\/vc_column_text][vc_column_text]V\u00e9rifie ici si la p\u00e9riode de s\u00e9jour souhait\u00e9e pour notre appartement de vacances \u00ab\u00a0Oberinntal\u00a0\u00bb est encore disponible.<\/p>\n<p>Les zones marqu\u00e9es en rouge sont d\u00e9j\u00e0 compl\u00e8tes.[\/vc_column_text][vc_btn title=\u00a0\u00bbR\u00e9server un s\u00e9jour\u00a0\u00bb style=\u00a0\u00bboutline-custom\u00a0\u00bb outline_custom_color=\u00a0\u00bb#111111&Prime; outline_custom_hover_background=\u00a0\u00bb#1e3829&Prime; outline_custom_hover_text=\u00a0\u00bb#ffffff\u00a0\u00bb shape=\u00a0\u00bbsquare\u00a0\u00bb link=\u00a0\u00bburl:https%3A%2F%2Flandhaus-sonnrain.at%2Ffr%2Freserver-un-sejour%2F|title:R%C3%A9server%20un%20s%C3%A9jour|\u00a0\u00bb][\/vc_column][vc_column width=\u00a0\u00bb1\/2&Prime;][vc_raw_html]PGRpdiBpZD0ic21vb2J1QXBhcnRtZW50MTI3ODU0NWRlIiBjbGFzcz0iY2FsZW5kYXJXaWRnZXQiPiA8ZGl2IGNsYXNzPSJjYWxlbmRhckNvbnRlbnQiIGRhdGEtbG9hZC1jYWxlbmRhci11cmw9Imh0dHBzOi8vbG9naW4uc21vb2J1LmNvbS9kZS9jb2NrcGl0L3dpZGdldC9zaW5nbGUtY2FsZW5kYXIvMTI3ODU0NSIgZGF0YS12ZXJpZmljYXRpb249IjhhNGUxZmI5MTZiNjIxNTdkNDcxYzY4MmZhYTIyMzNkMjJkNDFhMTMyNDRiOGQ0YmU2ZjFiZTg2ZDczNWQ1YWUiIGRhdGEtYmFzZXVybD0iaHR0cHM6Ly9sb2dpbi5zbW9vYnUuY29tIiBkYXRhLWRpc2FibGUtY3NzPSJmYWxzZSI+PC9kaXY+IDxzY3JpcHQgdHlwZT0idGV4dC9qYXZhc2NyaXB0IiBzcmM9Imh0dHBzOi8vbG9naW4uc21vb2J1LmNvbS9qcy9BcGFydG1lbnQvQ2FsZW5kYXJXaWRnZXQuanMiPjwvc2NyaXB0PjwvZGl2Pg==[\/vc_raw_html][\/vc_column][\/vc_row][vc_row][vc_column][vc_separator color=\u00a0\u00bborange\u00a0\u00bb][\/vc_column][\/vc_row][vc_row][vc_column][vc_column_text]<strong>D\u00e9couvre l&rsquo;Oberland tyrolien : ton paradis pour des vacances actives !<\/strong><\/p>\n<p>Plongez dans la nature \u00e9poustouflante de l&rsquo;Oberland tyrolien et vivez des vacances inoubliables pour les amoureux de la nature et du sport. Ici, ce ne sont pas seulement des paysages de montagne pittoresques qui vous attendent, mais aussi une multitude d&rsquo;activit\u00e9s de plein air qui raviront m\u00eame le voyageur le plus aventureux.<\/p>\n<p><strong>Faire de la randonn\u00e9e : Sur les sommets de la f\u00e9licit\u00e9<\/strong><\/p>\n<p>Les innombrables sentiers de randonn\u00e9e de l&rsquo;Oberland tyrolien r\u00e9pondent \u00e0 tous les go\u00fbts et \u00e0 tous les niveaux. Des promenades tranquilles le long d&rsquo;alpages idylliques aux randonn\u00e9es en montagne plus exigeantes, chaque amateur de randonn\u00e9e trouvera ici son paradis personnel. Une <strong><a href=\"https:\/\/www.wildpaws.at\/husky-wanderungen\" target=\"_blank\" rel=\"noopener\">randonn\u00e9e avec des huskies<\/a><\/strong> est une exp\u00e9rience tr\u00e8s particuli\u00e8re !<\/p>\n<p><strong>L&rsquo;escalade : D\u00e9fis en hauteur<\/strong><\/p>\n<p>Pour les passionn\u00e9s d&rsquo;escalade, l&rsquo;Oberland tyrolien est un v\u00e9ritable eldorado. Des parois rocheuses majestueuses et des via ferrata promettent des sensations fortes et des vues inoubliables. Que tu sois un grimpeur exp\u00e9riment\u00e9 ou que tu fasses tes premiers pas verticaux, la r\u00e9gion offre \u00e0 chacun le terrain parfait.<\/p>\n<p><strong>Rafting : une mont\u00e9e d&rsquo;adr\u00e9naline sur des eaux sauvages<\/strong><\/p>\n<p>Les rivi\u00e8res tumultueuses de l&rsquo;Oberland tyrolien invitent \u00e0 des aventures de rafting passionnantes. D\u00e9couvre la fascination de la nature sous une nouvelle perspective et ressens l&rsquo;adr\u00e9naline lorsque tu affrontes les rapides avec ton canot pneumatique. Pour plus d&rsquo;informations, voir : <a href=\"https:\/\/www.h2o-adventure.at\/de\/\" target=\"_blank\" rel=\"noopener\"><strong>H2O Adventure<\/strong><\/a>.<\/p>\n<p><strong>Trailrunning : le plaisir de courir dans un d\u00e9cor alpin<\/strong><\/p>\n<p>Pour les coureurs passionn\u00e9s, l&rsquo;Oberland tyrolien est un v\u00e9ritable eldorado. Les trails vari\u00e9s \u00e0 travers les for\u00eats, le long des ruisseaux de montagne et \u00e0 travers les alpages verdoyants offrent non seulement des d\u00e9fis sportifs, mais aussi des panoramas impressionnants. Directement au d\u00e9part de Fendels : <a href=\"https:\/\/www.nauders.com\/de\/Ihr-Nauders\/Orte-Sehenswuerdigkeiten\/Tourenportal\/Trailrun-Anton-Renk-Fendels-Ried_t-17740\" target=\"_blank\" rel=\"noopener\"><strong>Anton RenkTrail<\/strong><\/a><\/p>\n<p><strong>Faire du v\u00e9lo : Respirer \u00e0 fond sur deux roues<\/strong><\/p>\n<p>La r\u00e9gion de l&rsquo;Oberland tyrolien est un paradis pour les cyclistes. Qu&rsquo;il s&rsquo;agisse de tours tranquilles le long de la <strong><a href=\"https:\/\/www.viaclaudia.org\/via-claudia-augusta-willkommen\" target=\"_blank\" rel=\"noopener\">Via Claudia Augusta<\/a><\/strong> sur l&rsquo;Inn ou de parcours VTT exigeants \u00e0 travers les montagnes, tous les amateurs de v\u00e9lo y trouveront leur compte. Le paysage vari\u00e9 promet du plaisir \u00e0 v\u00e9lo pour les d\u00e9butants comme pour les professionnels.<\/p>\n<p><strong>La Summercard : ta cl\u00e9 pour atteindre les sommets<\/strong><\/p>\n<p>Avec la <strong><a href=\"https:\/\/www.tiroler-oberland.com\/de\/Ihr-Tiroler-Oberland\/im-Sommer\/Summercards\" target=\"_blank\" rel=\"noopener\">Summercard<\/a><\/strong> de l&rsquo;Oberland tyrolien, tes vacances actives seront encore plus attrayantes. Cette carte te donne non seulement libre acc\u00e8s aux remont\u00e9es m\u00e9caniques, mais aussi \u00e0 de nombreuses autres installations de loisirs. Tu pourras ainsi facilement gravir les sommets et profiter pleinement de la beaut\u00e9 de la r\u00e9gion.<\/p>\n<p>D\u00e9couvre l&rsquo;Oberland tyrolien et vis des vacances actives qui feront de tous tes r\u00eaves sportifs une r\u00e9alit\u00e9. Plongez dans la nature fascinante et vivez des aventures inoubliables dans les Alpes tyroliennes ![\/vc_column_text][\/vc_column][\/vc_row]<\/p>\n<\/section>","protected":false},"excerpt":{"rendered":"<p>[vc_row full_width=\u00a0\u00bbstretch_row\u00a0\u00bb css=\u00a0\u00bb.vc_custom_1700144773656{padding-top: 20% !important;padding-bottom: 20% !important;background-image: url(https:\/\/landhaus-sonnrain.at\/wp-content\/uploads\/2023\/11\/4.jpg?id=1734) !important;background-position: center !important;background-repeat: no-repeat !important;background-size: cover !important;}\u00a0\u00bb][vc_column][\/vc_column][\/vc_row][vc_row css=\u00a0\u00bb.vc_custom_1679057036536{padding-top: 50px !important;padding-bottom: 40px !important;}\u00a0\u00bb][vc_column width=\u00a0\u00bb1\/2&Prime;][vc_column_text]Pour 1-4 personnes[\/vc_column_text][vc_column_text] Appartement \u00ab\u00a0Oberinntal\u00a0\u00bb [\/vc_column_text][vc_column_text]L&rsquo;appartement \u00ab\u00a0Oberinntal\u00a0\u00bb se trouve au rez-de-jardin et est accessible par un escalier. L&rsquo;appartement d&rsquo;environ 45 m\u00e8tres carr\u00e9s dispose de :[\/vc_column_text][vc_column_text el_class=\u00a0\u00bbliste\u00a0\u00bb] deux chambres doubles avec armoires armoires une cuisine-s\u00e9jour enti\u00e8rement [&hellip;]<\/p>\n","protected":false},"author":1,"featured_media":0,"parent":536,"menu_order":0,"comment_status":"closed","ping_status":"closed","template":"","meta":{"_uf_show_specific_survey":0,"_uf_disable_surveys":false,"footnotes":""},"class_list":["post-557","page","type-page","status-publish","hentry","wpbf-post"],"_links":{"self":[{"href":"https:\/\/landhaus-sonnrain.at\/fr\/wp-json\/wp\/v2\/pages\/557","targetHints":{"allow":["GET"]}}],"collection":[{"href":"https:\/\/landhaus-sonnrain.at\/fr\/wp-json\/wp\/v2\/pages"}],"about":[{"href":"https:\/\/landhaus-sonnrain.at\/fr\/wp-json\/wp\/v2\/types\/page"}],"author":[{"embeddable":true,"href":"https:\/\/landhaus-sonnrain.at\/fr\/wp-json\/wp\/v2\/users\/1"}],"replies":[{"embeddable":true,"href":"https:\/\/landhaus-sonnrain.at\/fr\/wp-json\/wp\/v2\/comments?post=557"}],"version-history":[{"count":21,"href":"https:\/\/landhaus-sonnrain.at\/fr\/wp-json\/wp\/v2\/pages\/557\/revisions"}],"predecessor-version":[{"id":2011,"href":"https:\/\/landhaus-sonnrain.at\/fr\/wp-json\/wp\/v2\/pages\/557\/revisions\/2011"}],"up":[{"embeddable":true,"href":"https:\/\/landhaus-sonnrain.at\/fr\/wp-json\/wp\/v2\/pages\/536"}],"wp:attachment":[{"href":"https:\/\/landhaus-sonnrain.at\/fr\/wp-json\/wp\/v2\/media?parent=557"}],"curies":[{"name":"wp","href":"https:\/\/api.w.org\/{rel}","templated":true}]}}