{"id":545,"date":"2023-03-17T16:23:12","date_gmt":"2023-03-17T15:23:12","guid":{"rendered":"https:\/\/landhaus-sonnrain.at\/appartements-de-vacances\/appartement-de-vacances-kaunertal\/"},"modified":"2023-11-23T08:00:10","modified_gmt":"2023-11-23T07:00:10","slug":"appartement-de-vacances-kaunertal","status":"publish","type":"page","link":"https:\/\/landhaus-sonnrain.at\/fr\/appartements-de-vacances\/appartement-de-vacances-kaunertal\/","title":{"rendered":"Appartement \u00ab\u00a0Kaunertal\u00a0\u00bb"},"content":{"rendered":"<section class=\"wpb-content-wrapper\"><p>[vc_row full_width=\u00a0\u00bbstretch_row\u00a0\u00bb css=\u00a0\u00bb.vc_custom_1700144711508{padding-top: 20% !important;padding-bottom: 20% !important;background-image: url(https:\/\/landhaus-sonnrain.at\/wp-content\/uploads\/2023\/11\/1.jpg?id=1722) !important;background-position: center !important;background-repeat: no-repeat !important;background-size: cover !important;}\u00a0\u00bb][vc_column][\/vc_column][\/vc_row][vc_row css=\u00a0\u00bb.vc_custom_1679057036536{padding-top: 50px !important;padding-bottom: 40px !important;}\u00a0\u00bb][vc_column][vc_column_text]<span class=\"label\">Pour 1-2 personnes<\/span>[\/vc_column_text][vc_column_text]<\/p>\n<h1>Appartement \u00ab\u00a0Kaunertal\u00a0\u00bb<\/h1>\n<p>[\/vc_column_text][vc_row_inner][vc_column_inner width=\u00a0\u00bb1\/2&Prime;][vc_column_text]<strong>L&rsquo;appartement de vacances \u00ab\u00a0Kaunertal\u00a0\u00bb<\/strong> se trouve au <strong>rez-de-jardin <\/strong> et est accessible par un escalier. L&rsquo;appartement d&rsquo;environ <strong>35 m\u00e8tres<\/strong> carr\u00e9s dispose de :[\/vc_column_text][vc_column_text el_class=\u00a0\u00bbliste\u00a0\u00bb]<\/p>\n<ul>\n<li>une chambre double avec une armoire<\/li>\n<li>suffisamment de place pour un lit de b\u00e9b\u00e9 (disponible)<\/li>\n<li>une salle de bains avec douche, WC et lavabo<\/li>\n<li>une cuisine-s\u00e9jour enti\u00e8rement \u00e9quip\u00e9e<\/li>\n<li>une terrasse avec vue sur la montagne<\/li>\n<li>locaux communs \u00e0 utiliser : local \u00e0 skis<\/li>\n<li>animaux domestiques calmes et propres bienvenus<br \/>\n(nourriture \/ autre \u00e9quipement \u00e0 apporter par vos soins)<\/li>\n<\/ul>\n<p>[\/vc_column_text][\/vc_column_inner][vc_column_inner width=\u00a0\u00bb1\/2&Prime;][vc_single_image image=\u00a0\u00bb299&Prime; img_size=\u00a0\u00bbfull\u00a0\u00bb alignment=\u00a0\u00bbcenter\u00a0\u00bb][\/vc_column_inner][\/vc_row_inner][\/vc_column][\/vc_row][vc_row css=\u00a0\u00bb.vc_custom_1679056253105{padding-top: 40px !important;}\u00a0\u00bb][vc_column width=\u00a0\u00bb1\/4&Prime;][vc_column_text el_class=\u00a0\u00bbbesonderheiten\u00a0\u00bb]<img decoding=\"async\" class=\"alignleft size-full wp-image-104\" src=\"https:\/\/landhaus-sonnrain.at\/wp-content\/uploads\/2023\/03\/icon_berg_white.svg\" alt=\"\" width=\"33\" height=\"auto\"> Vue sur la montagne[\/vc_column_text][\/vc_column][vc_column width=\u00a0\u00bb1\/4&Prime;][vc_column_text el_class=\u00a0\u00bbbesonderheiten\u00a0\u00bb]<img decoding=\"async\" class=\"alignleft size-full wp-image-106\" src=\"https:\/\/landhaus-sonnrain.at\/wp-content\/uploads\/2023\/03\/icon_kueche_white.svg\" alt=\"\" width=\"33\" height=\"auto\"> Cuisine[\/vc_column_text][\/vc_column][vc_column width=\u00a0\u00bb1\/4&Prime;][vc_column_text el_class=\u00a0\u00bbbesonderheiten\u00a0\u00bb]<img decoding=\"async\" class=\"alignleft size-full wp-image-108\" src=\"https:\/\/landhaus-sonnrain.at\/wp-content\/uploads\/2023\/03\/icon_terrasse_white.svg\" alt=\"\" width=\"33\" height=\"auto\"> Terrasse \/ balcon[\/vc_column_text][\/vc_column][vc_column width=\u00a0\u00bb1\/4&Prime;][vc_column_text el_class=\u00a0\u00bbbesonderheiten\u00a0\u00bb]<img decoding=\"async\" class=\"alignleft size-full wp-image-107\" src=\"https:\/\/landhaus-sonnrain.at\/wp-content\/uploads\/2023\/03\/icon_parken_white.svg\" alt=\"\" width=\"33\" height=\"auto\"> Places de parking[\/vc_column_text][\/vc_column][\/vc_row][vc_row css=\u00a0\u00bb.vc_custom_1679056262159{padding-bottom: 40px !important;}\u00a0\u00bb][vc_column width=\u00a0\u00bb1\/4&Prime;][vc_column_text el_class=\u00a0\u00bbbesonderheiten\u00a0\u00bb]<img decoding=\"async\" class=\"alignleft size-full wp-image-99\" src=\"https:\/\/landhaus-sonnrain.at\/wp-content\/uploads\/2023\/03\/icon_haustiere_white.svg\" alt=\"\" width=\"33\" height=\"auto\"> Animaux autoris\u00e9s[\/vc_column_text][\/vc_column][vc_column width=\u00a0\u00bb1\/4&Prime;][vc_column_text el_class=\u00a0\u00bbbesonderheiten\u00a0\u00bb]<img decoding=\"async\" class=\"alignleft size-full wp-image-102\" src=\"https:\/\/landhaus-sonnrain.at\/wp-content\/uploads\/2023\/03\/icon_wlan_white.svg\" alt=\"\" width=\"33\" height=\"auto\"> Wi-Fi inclus[\/vc_column_text][\/vc_column][vc_column width=\u00a0\u00bb1\/4&Prime;][vc_column_text el_class=\u00a0\u00bbbesonderheiten\u00a0\u00bb]<img decoding=\"async\" class=\"alignleft size-full wp-image-110\" src=\"https:\/\/landhaus-sonnrain.at\/wp-content\/uploads\/2023\/03\/icon_waschen_white.svg\" alt=\"\" width=\"33\" height=\"auto\"> Machine \u00e0 laver[\/vc_column_text][\/vc_column][vc_column width=\u00a0\u00bb1\/4&Prime;][vc_column_text el_class=\u00a0\u00bbbesonderheiten\u00a0\u00bb]<img decoding=\"async\" class=\"alignleft size-full wp-image-109\" src=\"https:\/\/landhaus-sonnrain.at\/wp-content\/uploads\/2023\/03\/icon_trockner_white.svg\" alt=\"\" width=\"33\" height=\"auto\"> S\u00e8che-linge[\/vc_column_text][\/vc_column][\/vc_row][vc_row css=\u00a0\u00bb.vc_custom_1679913001334{padding-top: 20px !important;padding-bottom: 40px !important;}\u00a0\u00bb][vc_column][vc_media_grid element_width=\u00a0\u00bb6&Prime; gap=\u00a0\u00bb10&Prime; item=\u00a0\u00bb125&Prime; grid_id=\u00a0\u00bbvc_gid:1700578973480-55a7d911-c47b-4&Prime; include=\u00a0\u00bb1494,1498,1490,1486&Prime;][\/vc_column][\/vc_row][vc_row css=\u00a0\u00bb.vc_custom_1679069371559{padding-top: 40px !important;padding-bottom: 20px !important;}\u00a0\u00bb][vc_column width=\u00a0\u00bb1\/2&Prime;][vc_column_text]<span class=\"label\">Disponibilit\u00e9<\/span>[\/vc_column_text][vc_column_text css=\u00a0\u00bb.vc_custom_1680686578590{margin-bottom: 10px !important;}\u00a0\u00bb]<\/p>\n<h2>Quand souhaitez-vous nous rendre visite ?<\/h2>\n<p>[\/vc_column_text][vc_column_text]V\u00e9rifie ici si la p\u00e9riode de s\u00e9jour souhait\u00e9e pour notre appartement de vacances \u00ab\u00a0Kaunertal\u00a0\u00bb est encore disponible.<\/p>\n<p>Les zones marqu\u00e9es en rouge sont d\u00e9j\u00e0 compl\u00e8tes.[\/vc_column_text][vc_btn title=\u00a0\u00bbR\u00e9server un s\u00e9jour\u00a0\u00bb style=\u00a0\u00bboutline-custom\u00a0\u00bb outline_custom_color=\u00a0\u00bb#111111&Prime; outline_custom_hover_background=\u00a0\u00bb#1e3829&Prime; outline_custom_hover_text=\u00a0\u00bb#ffffff\u00a0\u00bb shape=\u00a0\u00bbsquare\u00a0\u00bb link=\u00a0\u00bburl:https%3A%2F%2Flandhaus-sonnrain.at%2Ffr%2Freserver-un-sejour%2F|title:R%C3%A9server%20un%20s%C3%A9jour|\u00a0\u00bb][\/vc_column][vc_column width=\u00a0\u00bb1\/2&Prime;][vc_raw_html]PGRpdiBpZD0ic21vb2J1QXBhcnRtZW50MTI3ODU0OGRlIiBjbGFzcz0iY2FsZW5kYXJXaWRnZXQiPiAKPGRpdiBjbGFzcz0iY2FsZW5kYXJDb250ZW50IiBkYXRhLWxvYWQtY2FsZW5kYXItdXJsPSJodHRwczovL2xvZ2luLnNtb29idS5jb20vZGUvY29ja3BpdC93aWRnZXQvc2luZ2xlLWNhbGVuZGFyLzEyNzg1NDgiIGRhdGEtdmVyaWZpY2F0aW9uPSJlMDE2ZWQ0YTAyMTBhYjlkMDBlNzUwOThhZDAyZmNhY2Q3MmRkYTQwZTQxNDg5M2JhYThhZDhmZWZkMTQ2NTdmIiBkYXRhLWJhc2V1cmw9Imh0dHBzOi8vbG9naW4uc21vb2J1LmNvbSIgZGF0YS1kaXNhYmxlLWNzcz0iZmFsc2UiPgo8L2Rpdj4gCjxzY3JpcHQgdHlwZT0idGV4dC9qYXZhc2NyaXB0IiBzcmM9Imh0dHBzOi8vbG9naW4uc21vb2J1LmNvbS9qcy9BcGFydG1lbnQvQ2FsZW5kYXJXaWRnZXQuanMiPjwvc2NyaXB0Pgo8L2Rpdj4=[\/vc_raw_html][\/vc_column][\/vc_row][vc_row][vc_column][vc_separator color=\u00a0\u00bbcustom\u00a0\u00bb accent_color=\u00a0\u00bb#dd9933&Prime;][\/vc_column][\/vc_row][vc_row][vc_column][vc_column_text]<strong>\u00ab\u00a0La vie \u00e0 deux en montagne : le romantisme \u00e0 l&rsquo;\u00e9tat pur au Landhaus Sonnrain \u00e0 Fendels\u00a0\u00bb.<\/strong><\/p>\n<p>Bienvenue, chers couples \u00e0 la recherche de la retraite parfaite pour vos <strong>vacances romantiques<\/strong> ! Plongez dans un monde de complicit\u00e9, entour\u00e9 de <strong>paysages de montagne<\/strong> \u00e0 couper le souffle et d&rsquo;une <strong>convivialit\u00e9<\/strong> incomparable au Landhaus Sonnrain \u00e0 Fendels. Nous vous invitons \u00e0 vivre ensemble <strong>des moments inoubliables<\/strong> d&rsquo;amour et de d\u00e9tente !<\/p>\n<p><strong>La magie de la montagne pour les amoureux :<\/strong><\/p>\n<p>Imaginez que vous vous r\u00e9veillez et que vous regardez par la fen\u00eatre des sommets majestueux recouverts de <strong>neige scintillante.<\/strong> Au Landhaus Sonnrain, vous pourrez profiter ensemble de ce spectacle magique chaque matin. L&rsquo;environnement enneig\u00e9 cr\u00e9e une atmosph\u00e8re romantique qui rendra vos moments \u00e0 deux encore plus intenses.<\/p>\n<p><strong>Des moments culinaires forts \u00e0 deux :<\/strong><\/p>\n<p>Dans la nouvelle et magnifique cuisine, vous pouvez cuisiner ensemble ou vous faire mutuellement \u00e0 manger. Profitez d&rsquo;un <strong>d\u00eener romantique<\/strong> aux chandelles &#8211; la quintessence de l&rsquo;intimit\u00e9 \u00e0 deux. Que ce soit au petit-d\u00e9jeuner avec vue sur les montagnes ou au d\u00eener dans une ambiance \u00e9l\u00e9gante &#8211; ici, vous go\u00fbtez l&rsquo;amour \u00e0 chaque bouch\u00e9e.<\/p>\n<p><strong>Promenades dans la neige :<\/strong><\/p>\n<p>Se promener main dans la main dans les paysages enneig\u00e9s, c&rsquo;est le romantisme \u00e0 l&rsquo;\u00e9tat pur ! Le Landhaus Sonnrain vous offre la possibilit\u00e9 d&rsquo;explorer les environs lors de <strong>promenades agr\u00e9ables.<\/strong> Prenez des vestes chaudes, enfoncez vos bonnets dans votre visage et laissez-vous envo\u00fbter par <strong>l&rsquo;idylle hivernale<\/strong>.<\/p>\n<p><strong>Du temps pour l&rsquo;autre :<\/strong><\/p>\n<p>Des vacances en couple au Landhaus Sonnrain signifient avant tout une chose : <strong>du temps pour l&rsquo;autre.<\/strong> Loin de l&rsquo;agitation, vous pouvez discuter en toute tranquillit\u00e9, faire des projets communs ou simplement profiter de la proximit\u00e9 de l&rsquo;autre. L&rsquo;atmosph\u00e8re non perturb\u00e9e vous permet de renforcer votre relation et de partager des <strong>moments particuliers<\/strong>.<\/p>\n<p>Laissez le quotidien derri\u00e8re vous et plongez dans le monde de l&rsquo;amour et de la d\u00e9tente au Landhaus Sonnrain \u00e0 Fendels. Ici, vous pouvez profiter pleinement de vos vacances \u00e0 deux et vous r\u00e9jouir d&rsquo;un moment de romantisme et de complicit\u00e9. Venez vivre votre escapade commune \u00e0 la montagne ![\/vc_column_text][\/vc_column][\/vc_row]<\/p>\n<\/section>","protected":false},"excerpt":{"rendered":"<p>[vc_row full_width=\u00a0\u00bbstretch_row\u00a0\u00bb css=\u00a0\u00bb.vc_custom_1700144711508{padding-top: 20% !important;padding-bottom: 20% !important;background-image: url(https:\/\/landhaus-sonnrain.at\/wp-content\/uploads\/2023\/11\/1.jpg?id=1722) !important;background-position: center !important;background-repeat: no-repeat !important;background-size: cover !important;}\u00a0\u00bb][vc_column][\/vc_column][\/vc_row][vc_row css=\u00a0\u00bb.vc_custom_1679057036536{padding-top: 50px !important;padding-bottom: 40px !important;}\u00a0\u00bb][vc_column][vc_column_text]Pour 1-2 personnes[\/vc_column_text][vc_column_text] Appartement \u00ab\u00a0Kaunertal\u00a0\u00bb [\/vc_column_text][vc_row_inner][vc_column_inner width=\u00a0\u00bb1\/2&Prime;][vc_column_text]L&rsquo;appartement de vacances \u00ab\u00a0Kaunertal\u00a0\u00bb se trouve au rez-de-jardin et est accessible par un escalier. L&rsquo;appartement d&rsquo;environ 35 m\u00e8tres carr\u00e9s dispose de :[\/vc_column_text][vc_column_text el_class=\u00a0\u00bbliste\u00a0\u00bb] une chambre double avec une armoire suffisamment [&hellip;]<\/p>\n","protected":false},"author":1,"featured_media":0,"parent":536,"menu_order":0,"comment_status":"closed","ping_status":"closed","template":"","meta":{"_uf_show_specific_survey":0,"_uf_disable_surveys":false,"footnotes":""},"class_list":["post-545","page","type-page","status-publish","hentry","wpbf-post"],"_links":{"self":[{"href":"https:\/\/landhaus-sonnrain.at\/fr\/wp-json\/wp\/v2\/pages\/545","targetHints":{"allow":["GET"]}}],"collection":[{"href":"https:\/\/landhaus-sonnrain.at\/fr\/wp-json\/wp\/v2\/pages"}],"about":[{"href":"https:\/\/landhaus-sonnrain.at\/fr\/wp-json\/wp\/v2\/types\/page"}],"author":[{"embeddable":true,"href":"https:\/\/landhaus-sonnrain.at\/fr\/wp-json\/wp\/v2\/users\/1"}],"replies":[{"embeddable":true,"href":"https:\/\/landhaus-sonnrain.at\/fr\/wp-json\/wp\/v2\/comments?post=545"}],"version-history":[{"count":16,"href":"https:\/\/landhaus-sonnrain.at\/fr\/wp-json\/wp\/v2\/pages\/545\/revisions"}],"predecessor-version":[{"id":1949,"href":"https:\/\/landhaus-sonnrain.at\/fr\/wp-json\/wp\/v2\/pages\/545\/revisions\/1949"}],"up":[{"embeddable":true,"href":"https:\/\/landhaus-sonnrain.at\/fr\/wp-json\/wp\/v2\/pages\/536"}],"wp:attachment":[{"href":"https:\/\/landhaus-sonnrain.at\/fr\/wp-json\/wp\/v2\/media?parent=545"}],"curies":[{"name":"wp","href":"https:\/\/api.w.org\/{rel}","templated":true}]}}