{"id":540,"date":"2023-03-28T10:13:40","date_gmt":"2023-03-28T08:13:40","guid":{"rendered":"https:\/\/landhaus-sonnrain.at\/appartements-de-vacances\/appartement-de-vacances-fendels\/"},"modified":"2023-11-23T07:43:25","modified_gmt":"2023-11-23T06:43:25","slug":"appartement-de-vacances-fendels","status":"publish","type":"page","link":"https:\/\/landhaus-sonnrain.at\/fr\/appartements-de-vacances\/appartement-de-vacances-fendels\/","title":{"rendered":"Appartement \u00ab\u00a0Fendels\u00a0\u00bb"},"content":{"rendered":"<section class=\"wpb-content-wrapper\"><p>[vc_row full_width=\u00a0\u00bbstretch_row\u00a0\u00bb css=\u00a0\u00bb.vc_custom_1700144543437{padding-top: 20% !important;padding-bottom: 20% !important;background-image: url(https:\/\/landhaus-sonnrain.at\/wp-content\/uploads\/2023\/11\/3.jpg?id=1730) !important;background-position: center !important;background-repeat: no-repeat !important;background-size: cover !important;}\u00a0\u00bb][vc_column][\/vc_column][\/vc_row][vc_row css=\u00a0\u00bb.vc_custom_1679057036536{padding-top: 50px !important;padding-bottom: 40px !important;}\u00a0\u00bb][vc_column][vc_column_text]<span class=\"label\">Pour 1-6 personnes<\/span>[\/vc_column_text][vc_column_text]<\/p>\n<h1>Appartement \u00ab\u00a0Fendels\u00a0\u00bb<\/h1>\n<p>[\/vc_column_text][vc_row_inner][vc_column_inner width=\u00a0\u00bb1\/2&Prime;][vc_column_text]<strong>L&rsquo;appartement de vacances \u00ab\u00a0Fendels\u00a0\u00bb<\/strong> se trouve au <strong>rez-de-chauss\u00e9e<\/strong> de la maison et est de plain-pied. L&rsquo;appartement d&rsquo;environ <strong>100 m\u00e8tres<\/strong> carr\u00e9s dispose de :[\/vc_column_text][vc_column_text el_class=\u00a0\u00bbliste\u00a0\u00bb]<\/p>\n<ul>\n<li>trois chambres doubles, y compris armoires<\/li>\n<li>une salle de bains avec douche, baignoire, double lavabo et toilettes<\/li>\n<li>une salle de bain avec douche et lavabo<\/li>\n<li>un WC suppl\u00e9mentaire<\/li>\n<li>une grande terrasse<\/li>\n<li>un salon avec balcon adjacent<\/li>\n<li>une grande cuisine enti\u00e8rement \u00e9quip\u00e9e avec un coin repas adjacent et vue sur la montagne<\/li>\n<li>Salle commune \u00e0 utiliser : local \u00e0 skis<\/li>\n<li>animaux domestiques calmes et propres bienvenus<br \/>\n(nourriture \/ autre \u00e9quipement \u00e0 apporter par vos soins)<\/li>\n<\/ul>\n<p>[\/vc_column_text][\/vc_column_inner][vc_column_inner width=\u00a0\u00bb1\/2&Prime;][vc_single_image image=\u00a0\u00bb377&Prime; img_size=\u00a0\u00bbfull\u00a0\u00bb alignment=\u00a0\u00bbcenter\u00a0\u00bb][\/vc_column_inner][\/vc_row_inner][\/vc_column][\/vc_row][vc_row css=\u00a0\u00bb.vc_custom_1679056253105{padding-top: 40px !important;}\u00a0\u00bb][vc_column width=\u00a0\u00bb1\/4&Prime;][vc_column_text el_class=\u00a0\u00bbbesonderheiten\u00a0\u00bb]<img decoding=\"async\" class=\"alignleft size-full wp-image-104\" src=\"https:\/\/landhaus-sonnrain.at\/wp-content\/uploads\/2023\/03\/icon_berg_white.svg\" alt=\"\" width=\"33\" height=\"auto\"> Vue sur la montagne[\/vc_column_text][\/vc_column][vc_column width=\u00a0\u00bb1\/4&Prime;][vc_column_text el_class=\u00a0\u00bbbesonderheiten\u00a0\u00bb]<img decoding=\"async\" class=\"alignleft size-full wp-image-106\" src=\"https:\/\/landhaus-sonnrain.at\/wp-content\/uploads\/2023\/03\/icon_kueche_white.svg\" alt=\"\" width=\"33\" height=\"auto\"> Cuisine[\/vc_column_text][\/vc_column][vc_column width=\u00a0\u00bb1\/4&Prime;][vc_column_text el_class=\u00a0\u00bbbesonderheiten\u00a0\u00bb]<img decoding=\"async\" class=\"alignleft size-full wp-image-108\" src=\"https:\/\/landhaus-sonnrain.at\/wp-content\/uploads\/2023\/03\/icon_terrasse_white.svg\" alt=\"\" width=\"33\" height=\"auto\"> Terrasse \/ balcon[\/vc_column_text][\/vc_column][vc_column width=\u00a0\u00bb1\/4&Prime;][vc_column_text el_class=\u00a0\u00bbbesonderheiten\u00a0\u00bb]<img decoding=\"async\" class=\"alignleft size-full wp-image-107\" src=\"https:\/\/landhaus-sonnrain.at\/wp-content\/uploads\/2023\/03\/icon_parken_white.svg\" alt=\"\" width=\"33\" height=\"auto\"> Places de parking[\/vc_column_text][\/vc_column][\/vc_row][vc_row css=\u00a0\u00bb.vc_custom_1679056262159{padding-bottom: 40px !important;}\u00a0\u00bb][vc_column width=\u00a0\u00bb1\/4&Prime;][vc_column_text el_class=\u00a0\u00bbbesonderheiten\u00a0\u00bb]<img decoding=\"async\" class=\"alignleft size-full wp-image-99\" src=\"https:\/\/landhaus-sonnrain.at\/wp-content\/uploads\/2023\/03\/icon_haustiere_white.svg\" alt=\"\" width=\"33\" height=\"auto\"> Chiens bienvenus[\/vc_column_text][\/vc_column][vc_column width=\u00a0\u00bb1\/4&Prime;][vc_column_text el_class=\u00a0\u00bbbesonderheiten\u00a0\u00bb]<img decoding=\"async\" class=\"alignleft size-full wp-image-102\" src=\"https:\/\/landhaus-sonnrain.at\/wp-content\/uploads\/2023\/03\/icon_wlan_white.svg\" alt=\"\" width=\"33\" height=\"auto\"> Wi-Fi inclus[\/vc_column_text][\/vc_column][vc_column width=\u00a0\u00bb1\/4&Prime;][vc_column_text el_class=\u00a0\u00bbbesonderheiten\u00a0\u00bb]<img decoding=\"async\" class=\"alignleft size-full wp-image-110\" src=\"https:\/\/landhaus-sonnrain.at\/wp-content\/uploads\/2023\/03\/icon_waschen_white.svg\" alt=\"\" width=\"33\" height=\"auto\"> Machine \u00e0 laver[\/vc_column_text][\/vc_column][vc_column width=\u00a0\u00bb1\/4&Prime;][vc_column_text el_class=\u00a0\u00bbbesonderheiten\u00a0\u00bb]<img decoding=\"async\" class=\"alignleft size-full wp-image-109\" src=\"https:\/\/landhaus-sonnrain.at\/wp-content\/uploads\/2023\/03\/icon_trockner_white.svg\" alt=\"\" width=\"33\" height=\"auto\"> S\u00e8che-linge[\/vc_column_text][\/vc_column][\/vc_row][vc_row css=\u00a0\u00bb.vc_custom_1679913001334{padding-top: 20px !important;padding-bottom: 40px !important;}\u00a0\u00bb][vc_column][vc_media_grid gap=\u00a0\u00bb10&Prime; item=\u00a0\u00bb125&Prime; grid_id=\u00a0\u00bbvc_gid:1700663150533-7f4aaee3-9877-4&Prime; include=\u00a0\u00bb1478,1470,1466,1482,1474,1426,1422,1418,1414,1410,1498,1566&Prime;][\/vc_column][\/vc_row][vc_row full_width=\u00a0\u00bbstretch_row\u00a0\u00bb content_placement=\u00a0\u00bbmiddle\u00a0\u00bb css=\u00a0\u00bb.vc_custom_1679061584980{background-color: #e9b44c !important;}\u00a0\u00bb el_class=\u00a0\u00bbcta\u00a0\u00bb][vc_column width=\u00a0\u00bb2\/3&Prime;][vc_column_text]<\/p>\n<h2>D\u00e9couvrez la diversit\u00e9 de la r\u00e9gion !<\/h2>\n<p>[\/vc_column_text][\/vc_column][vc_column width=\u00a0\u00bb1\/3&Prime;][vc_btn title=\u00a0\u00bbVoir le guide de Fendels\u00a0\u00bb style=\u00a0\u00bboutline-custom\u00a0\u00bb outline_custom_color=\u00a0\u00bb#ffffff\u00a0\u00bb outline_custom_hover_background=\u00a0\u00bb#1e3829&Prime; outline_custom_hover_text=\u00a0\u00bb#ffffff\u00a0\u00bb shape=\u00a0\u00bbsquare\u00a0\u00bb align=\u00a0\u00bbcenter\u00a0\u00bb button_block=\u00a0\u00bbtrue\u00a0\u00bb link=\u00a0\u00bburl:https%3A%2F%2Fwww.airbnb.de%2Fs%2Fguidebooks%3Frefinement_paths%5B%5D%3D%2Fguidebooks%2F3811813|target:_blank|\u00a0\u00bb][\/vc_column][\/vc_row][vc_row css=\u00a0\u00bb.vc_custom_1679069371559{padding-top: 40px !important;padding-bottom: 20px !important;}\u00a0\u00bb][vc_column width=\u00a0\u00bb1\/2&Prime;][vc_column_text]<span class=\"label\">Disponibilit\u00e9<\/span>[\/vc_column_text][vc_column_text css=\u00a0\u00bb.vc_custom_1680686728288{margin-bottom: 10px !important;}\u00a0\u00bb]<\/p>\n<h2>Quand souhaitez-vous nous rendre visite ?<\/h2>\n<p>[\/vc_column_text][vc_column_text]V\u00e9rifie ici si la p\u00e9riode de s\u00e9jour souhait\u00e9e pour notre appartement de vacances \u00ab\u00a0Fendels\u00a0\u00bb est encore disponible.<\/p>\n<p>Les zones marqu\u00e9es en rouge sont d\u00e9j\u00e0 compl\u00e8tes.[\/vc_column_text][vc_btn title=\u00a0\u00bbR\u00e9server un s\u00e9jour\u00a0\u00bb style=\u00a0\u00bboutline-custom\u00a0\u00bb outline_custom_color=\u00a0\u00bb#111111&Prime; outline_custom_hover_background=\u00a0\u00bb#1e3829&Prime; outline_custom_hover_text=\u00a0\u00bb#ffffff\u00a0\u00bb shape=\u00a0\u00bbsquare\u00a0\u00bb link=\u00a0\u00bburl:https%3A%2F%2Flandhaus-sonnrain.at%2Ffr%2Freserver-un-sejour%2F|title:R%C3%A9server%20un%20s%C3%A9jour|\u00a0\u00bb][\/vc_column][vc_column width=\u00a0\u00bb1\/2&Prime;][vc_raw_html]PGRpdiBpZD0ic21vb2J1QXBhcnRtZW50MTI3ODU0MmRlIiBjbGFzcz0iY2FsZW5kYXJXaWRnZXQiPiA8ZGl2IGNsYXNzPSJjYWxlbmRhckNvbnRlbnQiIGRhdGEtbG9hZC1jYWxlbmRhci11cmw9Imh0dHBzOi8vbG9naW4uc21vb2J1LmNvbS9kZS9jb2NrcGl0L3dpZGdldC9zaW5nbGUtY2FsZW5kYXIvMTI3ODU0MiIgZGF0YS12ZXJpZmljYXRpb249IjRlODkzNjExNTgwY2UwY2Y5ZjBlMWRiZTQ0OWQ2MWJkYjI1Y2UyYTVlMmQzMTMyOGUwOGU5ZGM1ZjRjYTQzYWQiIGRhdGEtYmFzZXVybD0iaHR0cHM6Ly9sb2dpbi5zbW9vYnUuY29tIiBkYXRhLWRpc2FibGUtY3NzPSJmYWxzZSI+PC9kaXY+IDxzY3JpcHQgdHlwZT0idGV4dC9qYXZhc2NyaXB0IiBzcmM9Imh0dHBzOi8vbG9naW4uc21vb2J1LmNvbS9qcy9BcGFydG1lbnQvQ2FsZW5kYXJXaWRnZXQuanMiPjwvc2NyaXB0PjwvZGl2Pg==[\/vc_raw_html][\/vc_column][\/vc_row][vc_row][vc_column][vc_separator color=\u00a0\u00bbcustom\u00a0\u00bb accent_color=\u00a0\u00bb#dd9933&Prime;][\/vc_column][\/vc_row][vc_row][vc_column][vc_column_text]<strong>\u00ab\u00a0Le plaisir en famille deluxe : pourquoi le Landhaus Sonnrain \u00e0 Fendels devrait \u00eatre ta prochaine destination de vacances !\u00a0\u00bb<\/strong><\/p>\n<p><strong>Le paradis des dormeurs :<\/strong><\/p>\n<p>Tu connais ce sentiment, lorsque tu veux simplement faire une <strong>bonne grasse matin\u00e9e<\/strong> en vacances, alors que les enfants s&rsquo;agitent d\u00e9j\u00e0 \u00e0 6 heures du matin avec une \u00e9nergie sans limite ? Au Landhaus Sonnrain, ce probl\u00e8me appartient au pass\u00e9 ! Les lits divinement confortables sont si accueillants que m\u00eame les aventuriers en herbe les plus turbulents passent volontairement quelques heures suppl\u00e9mentaires au <strong>pays des r\u00eaves<\/strong>.<\/p>\n<p><strong>Des aventures familiales pleines d&rsquo;action :<\/strong><\/p>\n<p>L&rsquo;ennui ? Pas ici ! Autour du Landhaus Sonnrain, il y a une multitude d&rsquo;<strong>activit\u00e9s<\/strong> qui satisferont m\u00eame les plus grands \u00e9nergum\u00e8nes. Que tu d\u00e9cides de faire de la r<strong>andonn\u00e9e<\/strong>, du VTT, de <strong>nager<\/strong> dans le lac de baignade de Ried, de visiter l<strong>&lsquo;aire de jeux<\/strong> de Bach am Moos ou le superbe espace enfants du Sattelklause, y compris la descente en mountaincarts, il y a toujours quelque chose \u00e0 faire ici.<\/p>\n<p>Et ce n&rsquo;est pas seulement en \u00e9t\u00e9 que Fendels est l&rsquo;endroit id\u00e9al pour vos <strong>vacances en famille.<\/strong> En hiver, le <strong>domaine skiable de Fendels<\/strong> offre la possibilit\u00e9 parfaite d&rsquo;apprendre \u00e0 skier et les skieurs d\u00e9j\u00e0 confirm\u00e9s y trouvent leur compte. Et si Fendels ne suffit pas, il est possible de faire une excursion d&rsquo;une journ\u00e9e au <strong>glacier du Kaunertal<\/strong> ou \u00e0 Serfaus-Fiss-Ladis. Trois superbes domaines skiables garantissent <strong>des plaisirs hivernaux<\/strong> sans fin !<\/p>\n<p>Une exp\u00e9rience tr\u00e8s particuli\u00e8re est une promenade en <strong>tra\u00eeneau tir\u00e9 par des huskies<\/strong>, qui a envie de vivre cette aventure ?<\/p>\n<p><strong>Des soir\u00e9es agr\u00e9ables<\/strong><\/p>\n<p>Apr\u00e8s une journ\u00e9e aussi excitante en plein air, tout le monde a \u00e9videmment tr\u00e8s faim ! <strong>Cuisiner<\/strong> ensemble dans la cuisine enti\u00e8rement \u00e9quip\u00e9e est un vrai plaisir. Et ensuite, vous terminerez cette journ\u00e9e bien remplie par une agr\u00e9able <strong>soir\u00e9e de jeux.<\/strong><\/p>\n<p>Alors, si tu cherches un endroit o\u00f9 action et d\u00e9tente se conjuguent pour toute la famille, le Landhaus Sonnrain \u00e0 Fendels est ta <strong>destination parfaite<\/strong> ! Ici, chaque jour devient une aventure et chaque moment un <strong>souvenir<\/strong> que vous garderez \u00e0 jamais dans votre c\u0153ur. Alors, qu&rsquo;est-ce que vous attendez ? Faites vos valises et pr\u00e9parez-vous \u00e0 passer des <strong>vacances inoubliables<\/strong> en famille au Landhaus Sonnrain ![\/vc_column_text][\/vc_column][\/vc_row]<\/p>\n<\/section>","protected":false},"excerpt":{"rendered":"<p>[vc_row full_width=\u00a0\u00bbstretch_row\u00a0\u00bb css=\u00a0\u00bb.vc_custom_1700144543437{padding-top: 20% !important;padding-bottom: 20% !important;background-image: url(https:\/\/landhaus-sonnrain.at\/wp-content\/uploads\/2023\/11\/3.jpg?id=1730) !important;background-position: center !important;background-repeat: no-repeat !important;background-size: cover !important;}\u00a0\u00bb][vc_column][\/vc_column][\/vc_row][vc_row css=\u00a0\u00bb.vc_custom_1679057036536{padding-top: 50px !important;padding-bottom: 40px !important;}\u00a0\u00bb][vc_column][vc_column_text]Pour 1-6 personnes[\/vc_column_text][vc_column_text] Appartement \u00ab\u00a0Fendels\u00a0\u00bb [\/vc_column_text][vc_row_inner][vc_column_inner width=\u00a0\u00bb1\/2&Prime;][vc_column_text]L&rsquo;appartement de vacances \u00ab\u00a0Fendels\u00a0\u00bb se trouve au rez-de-chauss\u00e9e de la maison et est de plain-pied. L&rsquo;appartement d&rsquo;environ 100 m\u00e8tres carr\u00e9s dispose de :[\/vc_column_text][vc_column_text el_class=\u00a0\u00bbliste\u00a0\u00bb] trois chambres doubles, y compris armoires [&hellip;]<\/p>\n","protected":false},"author":1,"featured_media":0,"parent":536,"menu_order":0,"comment_status":"closed","ping_status":"closed","template":"","meta":{"_uf_show_specific_survey":0,"_uf_disable_surveys":false,"footnotes":""},"class_list":["post-540","page","type-page","status-publish","hentry","wpbf-post"],"_links":{"self":[{"href":"https:\/\/landhaus-sonnrain.at\/fr\/wp-json\/wp\/v2\/pages\/540","targetHints":{"allow":["GET"]}}],"collection":[{"href":"https:\/\/landhaus-sonnrain.at\/fr\/wp-json\/wp\/v2\/pages"}],"about":[{"href":"https:\/\/landhaus-sonnrain.at\/fr\/wp-json\/wp\/v2\/types\/page"}],"author":[{"embeddable":true,"href":"https:\/\/landhaus-sonnrain.at\/fr\/wp-json\/wp\/v2\/users\/1"}],"replies":[{"embeddable":true,"href":"https:\/\/landhaus-sonnrain.at\/fr\/wp-json\/wp\/v2\/comments?post=540"}],"version-history":[{"count":16,"href":"https:\/\/landhaus-sonnrain.at\/fr\/wp-json\/wp\/v2\/pages\/540\/revisions"}],"predecessor-version":[{"id":1946,"href":"https:\/\/landhaus-sonnrain.at\/fr\/wp-json\/wp\/v2\/pages\/540\/revisions\/1946"}],"up":[{"embeddable":true,"href":"https:\/\/landhaus-sonnrain.at\/fr\/wp-json\/wp\/v2\/pages\/536"}],"wp:attachment":[{"href":"https:\/\/landhaus-sonnrain.at\/fr\/wp-json\/wp\/v2\/media?parent=540"}],"curies":[{"name":"wp","href":"https:\/\/api.w.org\/{rel}","templated":true}]}}