{"id":536,"date":"2023-03-17T13:39:51","date_gmt":"2023-03-17T12:39:51","guid":{"rendered":"https:\/\/landhaus-sonnrain.at\/appartements-de-vacances\/"},"modified":"2023-11-23T07:35:18","modified_gmt":"2023-11-23T06:35:18","slug":"appartements-de-vacances","status":"publish","type":"page","link":"https:\/\/landhaus-sonnrain.at\/fr\/appartements-de-vacances\/","title":{"rendered":"Appartements de vacances"},"content":{"rendered":"<section class=\"wpb-content-wrapper\"><p>[vc_row full_width=\u00a0\u00bbstretch_row\u00a0\u00bb css=\u00a0\u00bb.vc_custom_1700144020305{padding-top: 20% !important;padding-bottom: 20% !important;background: #ffffff url(https:\/\/landhaus-sonnrain.at\/wp-content\/uploads\/2023\/11\/8.jpg?id=1755) !important;background-position: center !important;background-repeat: no-repeat !important;background-size: cover !important;}\u00a0\u00bb][vc_column][\/vc_column][\/vc_row][vc_row css=\u00a0\u00bb.vc_custom_1679057036536{padding-top: 50px !important;padding-bottom: 40px !important;}\u00a0\u00bb][vc_column][vc_column_text]<span class=\"label\">Landhaus Sonnrain<\/span>[\/vc_column_text][vc_column_text]<\/p>\n<h1>Appartements de vacances \u00e0 Fendels<\/h1>\n<p>[\/vc_column_text][vc_column_text]Les familles peuvent profiter d&rsquo;un programme estival passionnant sur le Sommerberg Fendels et la route du glacier du Kaunertal est un <strong>point fort pour tous<\/strong>. En hiver, les domaines skiables de Fendels et de Kaunertal attirent les skieurs.<\/p>\n<p>Que vous soyez actif ou d\u00e9tendu, notre maison de campagne Sonnrain est l&rsquo;endroit parfait pour passer <strong>des vacances inoubliables<\/strong> \u00e0 Fendels. N&rsquo;h\u00e9sitez pas \u00e0 venir avec votre chien calme et en bonne sant\u00e9 afin de passer ensemble de superbes vacances dans les montagnes tyroliennes.<\/p>\n<p>Dans presque toutes les chambres, il y a de la place pour un lit b\u00e9b\u00e9 et des chaises hautes sont \u00e9galement disponibles.<\/p>\n<p><strong>R\u00e9servez d\u00e8s maintenant votre s\u00e9jour chez nous et d\u00e9couvrez la beaut\u00e9 et la tranquillit\u00e9 du Tyrol !<\/strong>[\/vc_column_text][\/vc_column][\/vc_row][vc_row full_width=\u00a0\u00bbstretch_row\u00a0\u00bb content_placement=\u00a0\u00bbmiddle\u00a0\u00bb css=\u00a0\u00bb.vc_custom_1679061584980{background-color: #e9b44c !important;}\u00a0\u00bb el_class=\u00a0\u00bbcta\u00a0\u00bb][vc_column width=\u00a0\u00bb2\/3&Prime;][vc_column_text]<\/p>\n<h2>D\u00e9couvrez la diversit\u00e9 de la r\u00e9gion !<\/h2>\n<p>[\/vc_column_text][\/vc_column][vc_column width=\u00a0\u00bb1\/3&Prime;][vc_btn title=\u00a0\u00bbVoir le guide de Fendels\u00a0\u00bb style=\u00a0\u00bboutline-custom\u00a0\u00bb outline_custom_color=\u00a0\u00bb#ffffff\u00a0\u00bb outline_custom_hover_background=\u00a0\u00bb#1e3829&Prime; outline_custom_hover_text=\u00a0\u00bb#ffffff\u00a0\u00bb shape=\u00a0\u00bbsquare\u00a0\u00bb align=\u00a0\u00bbcenter\u00a0\u00bb button_block=\u00a0\u00bbtrue\u00a0\u00bb link=\u00a0\u00bburl:https%3A%2F%2Fwww.airbnb.de%2Fs%2Fguidebooks%3Frefinement_paths%5B%5D%3D%2Fguidebooks%2F3811813|target:_blank|\u00a0\u00bb][\/vc_column][\/vc_row][vc_row css=\u00a0\u00bb.vc_custom_1699798918879{padding-top: 40px !important;padding-bottom: 40px !important;background-position: center !important;background-repeat: no-repeat !important;background-size: contain !important;}\u00a0\u00bb][vc_column width=\u00a0\u00bb1\/2&Prime;][vc_column_text]<span class=\"label\">Pour 1-2 personnes<\/span>[\/vc_column_text][vc_column_text css=\u00a0\u00bb.vc_custom_1679057166862{margin-bottom: 10px !important;}\u00a0\u00bb]<\/p>\n<h2>Appartement \u00ab\u00a0Kaunertal\u00a0\u00bb<\/h2>\n<p>[\/vc_column_text][vc_column_text]Cet appartement se trouve au rez-de-jardin, on y acc\u00e8de par un escalier et il peut accueillir 1 \u00e0 2 personnes. [\/vc_column_text][vc_btn title=\u00a0\u00bbEn savoir plus\u00a0\u00bb style=\u00a0\u00bboutline-custom\u00a0\u00bb outline_custom_color=\u00a0\u00bb#111111&Prime; outline_custom_hover_background=\u00a0\u00bb#1e3829&Prime; outline_custom_hover_text=\u00a0\u00bb#ffffff\u00a0\u00bb shape=\u00a0\u00bbsquare\u00a0\u00bb link=\u00a0\u00bburl:https%3A%2F%2Flandhaus-sonnrain.at%2Ffr%2Fappartements-de-vacances%2Fappartement-de-vacances-kaunertal%2F|title:Appartement%20de%20vacances%20%E2%80%9EKaunertal%E2%80%9C|\u00a0\u00bb][\/vc_column][vc_column width=\u00a0\u00bb1\/2&Prime;][vc_single_image image=\u00a0\u00bb1490&Prime; img_size=\u00a0\u00bb2560&#215;1920&Prime; alignment=\u00a0\u00bbcenter\u00a0\u00bb][\/vc_column][\/vc_row][vc_row css=\u00a0\u00bb.vc_custom_1699799186838{padding-top: 40px !important;padding-bottom: 40px !important;background-position: center !important;background-repeat: no-repeat !important;background-size: contain !important;}\u00a0\u00bb][vc_column width=\u00a0\u00bb1\/2&Prime;][vc_column_text]<span class=\"label\">Pour 1-4 personnes<\/span>[\/vc_column_text][vc_column_text css=\u00a0\u00bb.vc_custom_1679059521381{margin-bottom: 10px !important;}\u00a0\u00bb]<\/p>\n<h2>Appartement \u00ab\u00a0Oberinntal\u00a0\u00bb<\/h2>\n<p>[\/vc_column_text][vc_column_text]Cet appartement se trouve au rez-de-jardin, on y acc\u00e8de par un escalier et il peut accueillir jusqu&rsquo;\u00e0 4 personnes.[\/vc_column_text][vc_btn title=\u00a0\u00bbEn savoir plus\u00a0\u00bb style=\u00a0\u00bboutline-custom\u00a0\u00bb outline_custom_color=\u00a0\u00bb#111111&Prime; outline_custom_hover_background=\u00a0\u00bb#1e3829&Prime; outline_custom_hover_text=\u00a0\u00bb#ffffff\u00a0\u00bb shape=\u00a0\u00bbsquare\u00a0\u00bb link=\u00a0\u00bburl:https%3A%2F%2Flandhaus-sonnrain.at%2Ffr%2Fappartements-de-vacances%2Fappartement-de-vacances-oberinntal%2F|title:Appartement%20%22Oberinntal%22|\u00a0\u00bb][\/vc_column][vc_column width=\u00a0\u00bb1\/2&Prime;][vc_single_image image=\u00a0\u00bb1462&Prime; img_size=\u00a0\u00bb2560&#215;1920&Prime; alignment=\u00a0\u00bbcenter\u00a0\u00bb][\/vc_column][\/vc_row][vc_row css=\u00a0\u00bb.vc_custom_1699798865562{padding-top: 40px !important;padding-bottom: 40px !important;background-position: center !important;background-repeat: no-repeat !important;background-size: contain !important;}\u00a0\u00bb][vc_column width=\u00a0\u00bb1\/2&Prime;][vc_column_text]<span class=\"label\">Pour 1-6 personnes<\/span>[\/vc_column_text][vc_column_text css=\u00a0\u00bb.vc_custom_1679059574164{margin-bottom: 10px !important;}\u00a0\u00bb]<\/p>\n<h2>Appartement \u00ab\u00a0Fendels\u00a0\u00bb<\/h2>\n<p>[\/vc_column_text][vc_column_text]Cet appartement se trouve au rez-de-chauss\u00e9e, il est accessible de plain-pied et peut accueillir jusqu&rsquo;\u00e0 6 personnes.[\/vc_column_text][vc_btn title=\u00a0\u00bbEn savoir plus\u00a0\u00bb style=\u00a0\u00bboutline-custom\u00a0\u00bb outline_custom_color=\u00a0\u00bb#111111&Prime; outline_custom_hover_background=\u00a0\u00bb#1e3829&Prime; outline_custom_hover_text=\u00a0\u00bb#ffffff\u00a0\u00bb shape=\u00a0\u00bbsquare\u00a0\u00bb link=\u00a0\u00bburl:https%3A%2F%2Flandhaus-sonnrain.at%2Ffr%2Fappartements-de-vacances%2Fappartement-de-vacances-fendels%2F|title:Appartement%20de%20vacances%20%E2%80%9EFendels%E2%80%9C|\u00a0\u00bb][\/vc_column][vc_column width=\u00a0\u00bb1\/2&Prime;][vc_single_image image=\u00a0\u00bb1478&Prime; img_size=\u00a0\u00bb2560&#215;1920&Prime; alignment=\u00a0\u00bbcenter\u00a0\u00bb][\/vc_column][\/vc_row][vc_row css=\u00a0\u00bb.vc_custom_1699799195091{padding-top: 40px !important;padding-bottom: 40px !important;background-position: center !important;background-repeat: no-repeat !important;background-size: contain !important;}\u00a0\u00bb][vc_column width=\u00a0\u00bb1\/2&Prime;][vc_column_text]<span class=\"label\">Pour 1-6 personnes<\/span>[\/vc_column_text][vc_column_text css=\u00a0\u00bb.vc_custom_1679059601072{margin-bottom: 10px !important;}\u00a0\u00bb]<\/p>\n<h2>Appartement \u00ab\u00a0Roter Schrofen\u00a0\u00bb<\/h2>\n<p>[\/vc_column_text][vc_column_text]Cet appartement se trouve au dernier \u00e9tage, on y acc\u00e8de par un escalier et il peut accueillir jusqu&rsquo;\u00e0 6 personnes.[\/vc_column_text][vc_btn title=\u00a0\u00bbEn savoir plus\u00a0\u00bb style=\u00a0\u00bboutline-custom\u00a0\u00bb outline_custom_color=\u00a0\u00bb#111111&Prime; outline_custom_hover_background=\u00a0\u00bb#1e3829&Prime; outline_custom_hover_text=\u00a0\u00bb#ffffff\u00a0\u00bb shape=\u00a0\u00bbsquare\u00a0\u00bb link=\u00a0\u00bburl:https%3A%2F%2Flandhaus-sonnrain.at%2Ffr%2Fappartements-de-vacances%2Fappartement-de-vacances-roter-schrofen%2F|title:Appartement%20de%20vacances%20%E2%80%9ERoter%20Schrofen%E2%80%9C|\u00a0\u00bb][\/vc_column][vc_column width=\u00a0\u00bb1\/2&Prime;][vc_single_image image=\u00a0\u00bb1550&Prime; img_size=\u00a0\u00bb2560&#215;1920&Prime; alignment=\u00a0\u00bbcenter\u00a0\u00bb][\/vc_column][\/vc_row]<\/p>\n<\/section>","protected":false},"excerpt":{"rendered":"<p>[vc_row full_width=\u00a0\u00bbstretch_row\u00a0\u00bb css=\u00a0\u00bb.vc_custom_1700144020305{padding-top: 20% !important;padding-bottom: 20% !important;background: #ffffff url(https:\/\/landhaus-sonnrain.at\/wp-content\/uploads\/2023\/11\/8.jpg?id=1755) !important;background-position: center !important;background-repeat: no-repeat !important;background-size: cover !important;}\u00a0\u00bb][vc_column][\/vc_column][\/vc_row][vc_row css=\u00a0\u00bb.vc_custom_1679057036536{padding-top: 50px !important;padding-bottom: 40px !important;}\u00a0\u00bb][vc_column][vc_column_text]Landhaus Sonnrain[\/vc_column_text][vc_column_text] Appartements de vacances \u00e0 Fendels [\/vc_column_text][vc_column_text]Les familles peuvent profiter d&rsquo;un programme estival passionnant sur le Sommerberg Fendels et la route du glacier du Kaunertal est un point fort pour tous. En hiver, les [&hellip;]<\/p>\n","protected":false},"author":1,"featured_media":0,"parent":0,"menu_order":0,"comment_status":"closed","ping_status":"closed","template":"","meta":{"_uf_show_specific_survey":0,"_uf_disable_surveys":false,"footnotes":""},"class_list":["post-536","page","type-page","status-publish","hentry","wpbf-post"],"_links":{"self":[{"href":"https:\/\/landhaus-sonnrain.at\/fr\/wp-json\/wp\/v2\/pages\/536","targetHints":{"allow":["GET"]}}],"collection":[{"href":"https:\/\/landhaus-sonnrain.at\/fr\/wp-json\/wp\/v2\/pages"}],"about":[{"href":"https:\/\/landhaus-sonnrain.at\/fr\/wp-json\/wp\/v2\/types\/page"}],"author":[{"embeddable":true,"href":"https:\/\/landhaus-sonnrain.at\/fr\/wp-json\/wp\/v2\/users\/1"}],"replies":[{"embeddable":true,"href":"https:\/\/landhaus-sonnrain.at\/fr\/wp-json\/wp\/v2\/comments?post=536"}],"version-history":[{"count":16,"href":"https:\/\/landhaus-sonnrain.at\/fr\/wp-json\/wp\/v2\/pages\/536\/revisions"}],"predecessor-version":[{"id":1943,"href":"https:\/\/landhaus-sonnrain.at\/fr\/wp-json\/wp\/v2\/pages\/536\/revisions\/1943"}],"wp:attachment":[{"href":"https:\/\/landhaus-sonnrain.at\/fr\/wp-json\/wp\/v2\/media?parent=536"}],"curies":[{"name":"wp","href":"https:\/\/api.w.org\/{rel}","templated":true}]}}