{"id":528,"date":"2023-03-16T16:21:40","date_gmt":"2023-03-16T15:21:40","guid":{"rendered":"https:\/\/landhaus-sonnrain.at\/accueil\/"},"modified":"2024-07-06T06:25:24","modified_gmt":"2024-07-06T04:25:24","slug":"accueil","status":"publish","type":"page","link":"https:\/\/landhaus-sonnrain.at\/fr\/","title":{"rendered":"Accueil"},"content":{"rendered":"<section class=\"wpb-content-wrapper\"><p>[vc_row full_width=\u00a0\u00bbstretch_row\u00a0\u00bb][vc_column]\n\t\t\t<!-- START Home REVOLUTION SLIDER 6.5.31 --><p class=\"rs-p-wp-fix\"><\/p>\n\t\t\t<rs-module-wrap id=\"rev_slider_1_1_wrapper\" data-source=\"gallery\" style=\"visibility:hidden;background:transparent;padding:0;\">\n\t\t\t\t<rs-module id=\"rev_slider_1_1\" style=\"\" data-version=\"6.5.31\">\n\t\t\t\t\t<rs-slides>\n\t\t\t\t\t\t<rs-slide style=\"position: absolute;\" data-key=\"rs-4\" data-title=\"Home-Slide FR\" data-in=\"o:0;\" data-out=\"a:false;\">\n\t\t\t\t\t\t\t<img decoding=\"async\" src=\"\/\/landhaus-sonnrain.at\/wp-content\/plugins\/revslider\/public\/assets\/assets\/dummy.png\" alt=\"\" title=\"Fendels-rechts-hoch_4.jpeg\" width=\"1280\" height=\"720\" class=\"rev-slidebg tp-rs-img rs-lazyload\" data-lazyload=\"\/\/landhaus-sonnrain.at\/wp-content\/uploads\/revslider\/video-media\/Fendels-rechts-hoch_4.jpeg\" data-no-retina>\n\t\t\t\t\t\t\t<rs-bgvideo \n\t\t\t\t\t\t\t\tdata-video=\"w:100%;h:100%;nse:false;l:false;ptimer:false;vfc:true;\"\n\t\t\t\t\t\t\t\tdata-mp4=\"\/\/landhaus-sonnrain.at\/wp-content\/uploads\/2023\/11\/Fendels-rechts-hoch.mp4\"\n\t\t\t\t\t\t\t><\/rs-bgvideo>\n<!--\n\t\t\t\t\t\t\t--><rs-layer\n\t\t\t\t\t\t\t\tid=\"slider-1-slide-4-layer-0\" \n\t\t\t\t\t\t\t\tdata-type=\"text\"\n\t\t\t\t\t\t\t\tdata-color=\"#ffffff\"\n\t\t\t\t\t\t\t\tdata-rsp_ch=\"on\"\n\t\t\t\t\t\t\t\tdata-xy=\"x:c;y:712px;\"\n\t\t\t\t\t\t\t\tdata-text=\"w:normal;s:27;l:34;\"\n\t\t\t\t\t\t\t\tdata-frame_999=\"o:0;st:w;sR:8700;\"\n\t\t\t\t\t\t\t\tstyle=\"z-index:10;font-family:'Handlee';\"\n\t\t\t\t\t\t\t>Appartements de vacances au Tyrol \n\t\t\t\t\t\t\t<\/rs-layer><!--\n\n\t\t\t\t\t\t\t--><rs-layer\n\t\t\t\t\t\t\t\tid=\"slider-1-slide-4-layer-1\" \n\t\t\t\t\t\t\t\tdata-type=\"image\"\n\t\t\t\t\t\t\t\tdata-rsp_ch=\"on\"\n\t\t\t\t\t\t\t\tdata-xy=\"x:c;y:c;yo:150px;\"\n\t\t\t\t\t\t\t\tdata-text=\"w:normal;\"\n\t\t\t\t\t\t\t\tdata-dim=\"w:631px;h:164px;\"\n\t\t\t\t\t\t\t\tdata-frame_999=\"o:0;st:w;sR:8700;\"\n\t\t\t\t\t\t\t\tstyle=\"z-index:9;\"\n\t\t\t\t\t\t\t><img decoding=\"async\" src=\"\/\/landhaus-sonnrain.at\/wp-content\/plugins\/revslider\/public\/assets\/assets\/dummy.png\" alt=\"\" class=\"tp-rs-img rs-lazyload\" width=\"\" height=\"\" data-lazyload=\"\/\/landhaus-sonnrain.at\/wp-content\/uploads\/2023\/03\/Landhaus-Sonnrain_Logo_White.svg\" data-no-retina> \n\t\t\t\t\t\t\t<\/rs-layer><!--\n\n\t\t\t\t\t\t\t--><rs-layer\n\t\t\t\t\t\t\t\tid=\"slider-1-slide-4-layer-2\" \n\t\t\t\t\t\t\t\tdata-type=\"shape\"\n\t\t\t\t\t\t\t\tdata-rsp_ch=\"on\"\n\t\t\t\t\t\t\t\tdata-text=\"w:normal;\"\n\t\t\t\t\t\t\t\tdata-dim=\"w:100%;h:100%;\"\n\t\t\t\t\t\t\t\tdata-basealign=\"slide\"\n\t\t\t\t\t\t\t\tdata-frame_999=\"o:0;st:w;sR:8700;\"\n\t\t\t\t\t\t\t\tstyle=\"z-index:8;background-color:rgba(0,0,0,0.14);\"\n\t\t\t\t\t\t\t> \n\t\t\t\t\t\t\t<\/rs-layer><!--\n-->\t\t\t\t\t\t<\/rs-slide>\n\t\t\t\t\t\t<rs-slide style=\"position: absolute;\" data-key=\"rs-7\" data-title=\"Slide\" data-in=\"o:0;\" data-out=\"a:false;\">\n\t\t\t\t\t\t\t<img decoding=\"async\" src=\"\/\/landhaus-sonnrain.at\/wp-content\/plugins\/revslider\/public\/assets\/assets\/dummy.png\" alt=\"Slide\" title=\"Accueil\" class=\"rev-slidebg tp-rs-img rs-lazyload\" data-lazyload=\"\/\/landhaus-sonnrain.at\/wp-content\/plugins\/revslider\/public\/assets\/assets\/transparent.png\" data-no-retina>\n<!---->\t\t\t\t\t\t<\/rs-slide>\n\t\t\t\t\t<\/rs-slides>\n\t\t\t\t<\/rs-module>\n\t\t\t\t<script>\n\t\t\t\t\tsetREVStartSize({c: 'rev_slider_1_1',rl:[1240,1024,778,480],el:[900],gw:[1200],gh:[900],type:'standard',justify:'',layout:'fullscreen',offsetContainer:'',offset:'',mh:\"0\"});if (window.RS_MODULES!==undefined && window.RS_MODULES.modules!==undefined && window.RS_MODULES.modules[\"revslider11\"]!==undefined) {window.RS_MODULES.modules[\"revslider11\"].once = false;window.revapi1 = undefined;if (window.RS_MODULES.checkMinimal!==undefined) window.RS_MODULES.checkMinimal()}\n\t\t\t\t<\/script>\n\t\t\t<\/rs-module-wrap>\n\t\t\t<!-- END REVOLUTION SLIDER -->\n[\/vc_column][\/vc_row][vc_row css=\u00a0\u00bb.vc_custom_1679051317829{margin-top: 60px !important;padding-top: 40px !important;}\u00a0\u00bb][vc_column width=\u00a0\u00bb1\/3&Prime;][vc_row_inner][vc_column_inner width=\u00a0\u00bb5\/6&Prime;][vc_single_image image=\u00a0\u00bb2523&Prime; img_size=\u00a0\u00bbfull\u00a0\u00bb][\/vc_column_inner][vc_column_inner width=\u00a0\u00bb1\/6&Prime;][\/vc_column_inner][\/vc_row_inner][\/vc_column][vc_column width=\u00a0\u00bb2\/3&Prime;][vc_column_text]<span class=\"label\">Bienvenue \u00e0 tous<\/span>[\/vc_column_text][vc_column_text]<\/p>\n<h1>Bienvenue au Landhaus Sonnrain \u00e0 Fendels !<\/h1>\n<p>[\/vc_column_text][vc_column_text]D\u00e9couvrez la destination parfaite pour vos prochaines vacances en Autriche !<\/p>\n<p>Le Landhaus Sonnrain \u00e0 Fendels est id\u00e9alement situ\u00e9 pour de superbes <strong>randonn\u00e9es au printemps, en \u00e9t\u00e9<\/strong> <strong>et en automne<\/strong> et pour des exp\u00e9riences de <strong>ski passionnantes en hiver.<\/strong> Le domaine skiable de Fendels n&rsquo;est qu&rsquo;\u00e0 quelques minutes \u00e0 pied et le domaine skiable de Serfaus-Fiss-Ladis n&rsquo;est qu&rsquo;\u00e0 20 minutes en voiture.<\/p>\n<p>Nous proposons <strong>quatre appartements confortables<\/strong> de diff\u00e9rentes tailles, parfaits pour les couples, les familles et les grands groupes jusqu&rsquo;\u00e0 18 personnes. Chaque appartement dispose d&rsquo;un balcon ou d&rsquo;une terrasse o\u00f9 vous pourrez profiter de la vue imprenable sur les montagnes et du calme.<\/p>\n<p>Votre chien est le bienvenu chez nous !<\/p>\n<p><strong>Nous nous r\u00e9jouissons de votre visite dans la belle ville de Fendels !<\/strong>[\/vc_column_text][vc_column_text]Laura<\/p>\n<p>du Landhaus Sonnrain[\/vc_column_text][\/vc_column][\/vc_row][vc_row css=\u00a0\u00bb.vc_custom_1679056253105{padding-top: 40px !important;}\u00a0\u00bb][vc_column width=\u00a0\u00bb1\/4&Prime;][vc_column_text el_class=\u00a0\u00bbbesonderheiten\u00a0\u00bb]<img decoding=\"async\" class=\"alignleft size-full wp-image-104\" src=\"https:\/\/landhaus-sonnrain.at\/wp-content\/uploads\/2023\/03\/icon_berg_white.svg\" alt=\"\" width=\"33\" height=\"auto\"> Vue sur la montagne[\/vc_column_text][\/vc_column][vc_column width=\u00a0\u00bb1\/4&Prime;][vc_column_text el_class=\u00a0\u00bbbesonderheiten\u00a0\u00bb]<img decoding=\"async\" class=\"alignleft size-full wp-image-106\" src=\"https:\/\/landhaus-sonnrain.at\/wp-content\/uploads\/2023\/03\/icon_kueche_white.svg\" alt=\"\" width=\"33\" height=\"auto\"> Cuisine[\/vc_column_text][\/vc_column][vc_column width=\u00a0\u00bb1\/4&Prime;][vc_column_text el_class=\u00a0\u00bbbesonderheiten\u00a0\u00bb]<img decoding=\"async\" class=\"alignleft size-full wp-image-108\" src=\"https:\/\/landhaus-sonnrain.at\/wp-content\/uploads\/2023\/03\/icon_terrasse_white.svg\" alt=\"\" width=\"33\" height=\"auto\"> Terrasse \/ balcon[\/vc_column_text][\/vc_column][vc_column width=\u00a0\u00bb1\/4&Prime;][vc_column_text el_class=\u00a0\u00bbbesonderheiten\u00a0\u00bb]<img decoding=\"async\" class=\"alignleft size-full wp-image-107\" src=\"https:\/\/landhaus-sonnrain.at\/wp-content\/uploads\/2023\/03\/icon_parken_white.svg\" alt=\"\" width=\"33\" height=\"auto\"> Places de parking[\/vc_column_text][\/vc_column][\/vc_row][vc_row css=\u00a0\u00bb.vc_custom_1679056262159{padding-bottom: 40px !important;}\u00a0\u00bb][vc_column width=\u00a0\u00bb1\/4&Prime;][vc_column_text el_class=\u00a0\u00bbbesonderheiten\u00a0\u00bb]<img decoding=\"async\" class=\"alignleft size-full wp-image-99\" src=\"https:\/\/landhaus-sonnrain.at\/wp-content\/uploads\/2023\/03\/icon_haustiere_white.svg\" alt=\"\" width=\"33\" height=\"auto\"> Animaux autoris\u00e9s[\/vc_column_text][\/vc_column][vc_column width=\u00a0\u00bb1\/4&Prime;][vc_column_text el_class=\u00a0\u00bbbesonderheiten\u00a0\u00bb]<img decoding=\"async\" class=\"alignleft size-full wp-image-102\" src=\"https:\/\/landhaus-sonnrain.at\/wp-content\/uploads\/2023\/03\/icon_wlan_white.svg\" alt=\"\" width=\"33\" height=\"auto\"> Wi-Fi inclus[\/vc_column_text][\/vc_column][vc_column width=\u00a0\u00bb1\/4&Prime;][vc_column_text el_class=\u00a0\u00bbbesonderheiten\u00a0\u00bb]<img decoding=\"async\" class=\"alignleft size-full wp-image-110\" src=\"https:\/\/landhaus-sonnrain.at\/wp-content\/uploads\/2023\/03\/icon_waschen_white.svg\" alt=\"\" width=\"33\" height=\"auto\"> Machine \u00e0 laver[\/vc_column_text][\/vc_column][vc_column width=\u00a0\u00bb1\/4&Prime;][vc_column_text el_class=\u00a0\u00bbbesonderheiten\u00a0\u00bb]<img decoding=\"async\" class=\"alignleft size-full wp-image-109\" src=\"https:\/\/landhaus-sonnrain.at\/wp-content\/uploads\/2023\/03\/icon_trockner_white.svg\" alt=\"\" width=\"33\" height=\"auto\"> S\u00e8che-linge[\/vc_column_text][\/vc_column][\/vc_row][vc_row][vc_column][vc_single_image image=\u00a0\u00bb1383&Prime; img_size=\u00a0\u00bbfull\u00a0\u00bb alignment=\u00a0\u00bbcenter\u00a0\u00bb][\/vc_column][\/vc_row]<\/p>\n<\/section>","protected":false},"excerpt":{"rendered":"<p>[vc_row full_width=\u00a0\u00bbstretch_row\u00a0\u00bb][vc_column][\/vc_column][\/vc_row][vc_row css=\u00a0\u00bb.vc_custom_1679051317829{margin-top: 60px !important;padding-top: 40px !important;}\u00a0\u00bb][vc_column width=\u00a0\u00bb1\/3&Prime;][vc_row_inner][vc_column_inner width=\u00a0\u00bb5\/6&Prime;][vc_single_image image=\u00a0\u00bb2523&Prime; img_size=\u00a0\u00bbfull\u00a0\u00bb][\/vc_column_inner][vc_column_inner width=\u00a0\u00bb1\/6&Prime;][\/vc_column_inner][\/vc_row_inner][\/vc_column][vc_column width=\u00a0\u00bb2\/3&Prime;][vc_column_text]Bienvenue \u00e0 tous[\/vc_column_text][vc_column_text] Bienvenue au Landhaus Sonnrain \u00e0 Fendels ! [\/vc_column_text][vc_column_text]D\u00e9couvrez la destination parfaite pour vos prochaines vacances en Autriche ! Le Landhaus Sonnrain \u00e0 Fendels est id\u00e9alement situ\u00e9 pour de superbes randonn\u00e9es au printemps, en \u00e9t\u00e9 et en automne et pour des [&hellip;]<\/p>\n","protected":false},"author":1,"featured_media":0,"parent":0,"menu_order":0,"comment_status":"closed","ping_status":"open","template":"","meta":{"_uf_show_specific_survey":0,"_uf_disable_surveys":false,"footnotes":""},"class_list":["post-528","page","type-page","status-publish","hentry","wpbf-post"],"_links":{"self":[{"href":"https:\/\/landhaus-sonnrain.at\/fr\/wp-json\/wp\/v2\/pages\/528","targetHints":{"allow":["GET"]}}],"collection":[{"href":"https:\/\/landhaus-sonnrain.at\/fr\/wp-json\/wp\/v2\/pages"}],"about":[{"href":"https:\/\/landhaus-sonnrain.at\/fr\/wp-json\/wp\/v2\/types\/page"}],"author":[{"embeddable":true,"href":"https:\/\/landhaus-sonnrain.at\/fr\/wp-json\/wp\/v2\/users\/1"}],"replies":[{"embeddable":true,"href":"https:\/\/landhaus-sonnrain.at\/fr\/wp-json\/wp\/v2\/comments?post=528"}],"version-history":[{"count":21,"href":"https:\/\/landhaus-sonnrain.at\/fr\/wp-json\/wp\/v2\/pages\/528\/revisions"}],"predecessor-version":[{"id":2536,"href":"https:\/\/landhaus-sonnrain.at\/fr\/wp-json\/wp\/v2\/pages\/528\/revisions\/2536"}],"wp:attachment":[{"href":"https:\/\/landhaus-sonnrain.at\/fr\/wp-json\/wp\/v2\/media?parent=528"}],"curies":[{"name":"wp","href":"https:\/\/api.w.org\/{rel}","templated":true}]}}