{"id":2055,"date":"2024-04-23T14:13:21","date_gmt":"2024-04-23T12:13:21","guid":{"rendered":"https:\/\/landhaus-sonnrain.at\/reserver-un-sejour\/conditions-generales-de-vente\/"},"modified":"2025-08-15T16:51:31","modified_gmt":"2025-08-15T14:51:31","slug":"conditions-generales-de-vente","status":"publish","type":"page","link":"https:\/\/landhaus-sonnrain.at\/fr\/reserver-un-sejour\/conditions-generales-de-vente\/","title":{"rendered":"Conditions g\u00e9n\u00e9rales de vente"},"content":{"rendered":"<h1><\/h1>\n<h1>Table des mati\u00e8res<\/h1>\n<h3>\u00a7 1. D\u00e9finitions<\/h3>\n<h3>\u00a7 2 R\u00e9servation\/confirmation de r\u00e9servation<\/h3>\n<h3>\u00a7 3 Conditions de paiement<\/h3>\n<h3>\u00a7 4 Arriv\u00e9e et d\u00e9part<\/h3>\n<h3>\u00a7 5 Appartements de vacances<\/h3>\n<h3>\u00a7 6 Animaux domestiques<\/h3>\n<h3>\u00a7 7 S\u00e9jour<\/h3>\n<h3>\u00a7 8 Annulation du voyage<\/h3>\n<h3>\u00a7 9 Annulation par le propri\u00e9taire<\/h3>\n<h3>\u00a7 10 Responsabilit\u00e9 du propri\u00e9taire<\/h3>\n<h3>\u00a7 11 Autorisation d&rsquo;utiliser l&rsquo;acc\u00e8s Internet via WLAN<\/h3>\n<h3>\u00a7 11.1 Acc\u00e9der aux donn\u00e9es<\/h3>\n<h3>\u00a7 11.2 Dangers li\u00e9s \u00e0 l&rsquo;utilisation du WLAN, limitation de responsabilit\u00e9<\/h3>\n<h3>\u00a7 12 R\u00e8glement int\u00e9rieur, droits et obligations g\u00e9n\u00e9raux<\/h3>\n<p>&nbsp;<\/p>\n<h1>Validit\u00e9 des Conditions G\u00e9n\u00e9rales<\/h1>\n<p>(1) Les pr\u00e9sentes conditions g\u00e9n\u00e9rales s&rsquo;appliquent aux contrats de location d&rsquo;appartements de vacances \u00e0 des fins d&rsquo;h\u00e9bergement ainsi qu&rsquo;\u00e0 tous les autres services et livraisons fournis au client par Landhaus Sonnrain. Les prestations fournies par Landhaus Sonnrain sont fournies exclusivement sur la base des pr\u00e9sentes conditions g\u00e9n\u00e9rales.<\/p>\n<p>(2) La sous-location ou la relocation de l&rsquo;appartement de vacances mis \u00e0 disposition ainsi que son utilisation \u00e0 des fins autres que r\u00e9sidentielles n\u00e9cessitent notre accord \u00e9crit pr\u00e9alable.<\/p>\n<p>(3) Les conditions g\u00e9n\u00e9rales du client ne s&rsquo;appliquent que si elles ont \u00e9t\u00e9 convenues au pr\u00e9alable. Les d\u00e9rogations \u00e0 ces conditions ne sont effectives que si nous les avons express\u00e9ment confirm\u00e9es par \u00e9crit.<\/p>\n<h3>\u00a7 1. D\u00e9finitions<\/h3>\n<ol>\n<li>a) Le terme \u00ab Landhaus Sonnrain \u00bb, \u00ab nous \u00bb, \u00ab notre \u00bb ou \u00ab notre \u00bb fait r\u00e9f\u00e9rence \u00e0 Landhaus Sonnrain, une soci\u00e9t\u00e9 inscrite au registre GISA sous le num\u00e9ro d&rsquo;identification 35773658.<\/li>\n<li>b) Le terme \u00ab Landhaus Sonnrain \u00bb fait r\u00e9f\u00e9rence \u00e0 notre site Internet landhaus-sonnrain.at.<\/li>\n<li>c) Le terme \u00ab Services \u00bb fait r\u00e9f\u00e9rence \u00e0 tous les services fournis par Landhaus Sonnrain de temps \u00e0 autre, y compris, mais sans s&rsquo;y limiter, la r\u00e9ception d&rsquo;informations de r\u00e9servation via notre syst\u00e8me de r\u00e9servation et de paiement, la gestion des r\u00e9servations et des paiements et la r\u00e9ponse aux demandes des clients via notre syst\u00e8me de r\u00e9servation et le gestion des contenus sur les cha\u00eenes tierces via notre Channel Manager.<\/li>\n<li>d) Le terme \u00ab client \u00bb d\u00e9signe la personne qui r\u00e9serve un s\u00e9jour au Landhaus Sonnrain en son propre nom soit directement sur le site Internet, soit via le portail de r\u00e9servation booking.com.<\/li>\n<li>e) Le terme \u00ab Propri\u00e9t\u00e9 \u00bb d\u00e9signe toute forme d&rsquo;h\u00e9bergement, b\u00e2timent, p\u00e9niche, appartement, chambre, immeuble, maison ou autre appartement ou espace de location affich\u00e9 par le Client ou un canal tiers et propos\u00e9 \u00e0 la location via les Services.<\/li>\n<li>f) Le terme \u00ab Contenu \u00bb d\u00e9signe le texte, les graphiques, les images, la musique, les logiciels, l&rsquo;audio, la vid\u00e9o, les informations ou toute autre forme de donn\u00e9es.<\/li>\n<li>g) Der Begriff \u00ab\u00a0Kundeninhalte\u00a0\u00bb bezieht sich auf Inhalte, die vom Kunden im Rahmen der Nutzung der Dienste bereitgestellt werden, einschlie\u00dflich, aber nicht beschr\u00e4nkt auf andere Informationen.<\/li>\n<\/ol>\n<h3>\u00a7 2 R\u00e9servation\/confirmation de r\u00e9servation<\/h3>\n<p>Toutes les demandes de r\u00e9servation doivent \u00eatre effectu\u00e9es via notre site Internet <a href=\"http:\/\/www.landhaus-sonnrain.at\">www.landhaus-sonnrain.at<\/a> ou par e-mail info@landhaus-sonnrain.at.S\u00e4mtliche Buchungsanfragen m\u00fcssen \u00fcber unsere Webseite www.landhaus-sonnrain.at oder per E-Mail info@landhaus-sonnrain.at get\u00e4tigt werden. Toutes les demandes effectu\u00e9es par tout autre moyen, comme par t\u00e9l\u00e9phone au +43 670 551 7120 ou via Instagram, ne seront pas prises en compte.<\/p>\n<p>Si nous pouvons vous proposer l&rsquo;appartement de vacances dans la p\u00e9riode souhait\u00e9e, nous vous enverrons une confirmation \u00e9crite et la facture par e-mail. Une fois que vous recevez la confirmation de r\u00e9servation, votre r\u00e9servation est juridiquement contraignante.<\/p>\n<h3>\u00a7 3 Conditions de paiement<\/h3>\n<p>Le montant total doit \u00eatre r\u00e9gl\u00e9 quatre semaines avant votre s\u00e9jour. Si les d\u00e9lais de paiement ne sont pas respect\u00e9s, Landhaus Sonnrain peut r\u00e9silier le contrat. Le non-paiement est consid\u00e9r\u00e9 comme une r\u00e9tractation et vous donne droit \u00e0 une relocation.<\/p>\n<p>Les frais suppl\u00e9mentaires pour l&rsquo;eau, la place de parking, les d\u00e9chets et l&rsquo;\u00e9nergie ne sont pas factur\u00e9s.<\/p>\n<p>La taxe de s\u00e9jour de 3,50 \u20ac par personne (plus de 15 ans) et par nuit est \u00e0 r\u00e9gler en esp\u00e8ces sur place.<\/p>\n<h3>\u00a7 4 Arriv\u00e9e et d\u00e9part<\/h3>\n<p>Le jour de l&rsquo;arriv\u00e9e, l&rsquo;appartement de vacances est disponible \u00e0 partir de 16h00. Le client recevra les informations de remise des cl\u00e9s 1 jour avant son arriv\u00e9e par e-mail, SMS ou WhatsApp.<\/p>\n<p>Le jour du d\u00e9part, l&rsquo;appartement doit \u00eatre lib\u00e9r\u00e9 avant 11h00. Si le client souhaite un d\u00e9part tardif, il doit en discuter avec nous \u00e0 l&rsquo;avance. Un d\u00e9part tardif sans accord pr\u00e9alable sera factur\u00e9.<\/p>\n<p>Si le client ne se pr\u00e9sente pas avant 23h59 le jour de son arriv\u00e9e, le contrat est consid\u00e9r\u00e9 comme r\u00e9sili\u00e9 apr\u00e8s un d\u00e9lai de 48 heures sans notification au Landhaus Sonnrain. Landhaus Sonnrain ou notre repr\u00e9sentant peuvent alors disposer librement de la propri\u00e9t\u00e9. Il n&rsquo;y aura g\u00e9n\u00e9ralement pas de remboursement (proportionn\u00e9) du loyer en cas de d\u00e9part anticip\u00e9.<\/p>\n<p>L&rsquo;appartement doit \u00eatre rendu propre le jour du d\u00e9part. La vaisselle, les verres, etc. doivent \u00eatre plac\u00e9s et allum\u00e9s au lave-vaisselle et le r\u00e9frig\u00e9rateur doit \u00eatre vid\u00e9. Les oreillers et les housses de couette doivent \u00eatre retir\u00e9s et r\u00e9cup\u00e9r\u00e9s sur un lit. Toutes les serviettes doivent \u00eatre r\u00e9cup\u00e9r\u00e9es dans une douche ou une baignoire. Les poubelles doivent \u00eatre vid\u00e9es et le tri correct des d\u00e9chets doit \u00eatre respect\u00e9. Si les d\u00e9chets ne sont pas tri\u00e9s correctement ou si l&rsquo;appartement n&rsquo;est pas rendu comme demand\u00e9, cela pourra vous \u00eatre factur\u00e9.<\/p>\n<h3>\u00a7 5 Appartements de vacances<\/h3>\n<p>Nous remettons l&rsquo;appartement de vacances dans un \u00e9tat bien rang\u00e9 et propre avec un inventaire complet. Si vous constatez des d\u00e9fauts pendant votre s\u00e9jour, le client est tenu d&rsquo;en informer imm\u00e9diatement le Landhaus Sonnrain. Le client est responsable de tout dommage caus\u00e9 par lui au bien lou\u00e9, \u00e0 l&rsquo;inventaire, par exemple vaisselle cass\u00e9e, dommages au sol ou aux meubles. Cela inclut \u00e9galement les frais li\u00e9s \u00e0 la perte des cl\u00e9s.<\/p>\n<p>L&rsquo;inventaire doit \u00eatre trait\u00e9 avec douceur et soin et est uniquement destin\u00e9 \u00e0 rester dans les appartements de vacances. Il est interdit de modifier les meubles, notamment les lits. Le client est \u00e9galement responsable de la n\u00e9gligence de ses compagnons de voyage. Les dommages caus\u00e9s par un cas de force majeure en sont exclus. Si l&rsquo;appartement de vacances est utilis\u00e9 en violation du contrat, par exemple sous-location, surpeuplement, trouble \u00e0 l&rsquo;ordre public, etc., le contrat peut \u00eatre r\u00e9sili\u00e9 sans pr\u00e9avis et le client doit donc quitter l&rsquo;appartement de vacances. Le loyer d\u00e9j\u00e0 pay\u00e9 reste acquis au Landhaus Sonnrain.<\/p>\n<h3>\u00a7 6 Animaux domestiques<\/h3>\n<p>Les animaux de compagnie sont admis dans l&rsquo;appartement de vacances, mais doivent \u00eatre signal\u00e9s au Landhaus Sonnrain \u00e0 l&rsquo;avance. Des frais de m\u00e9nage suppl\u00e9mentaires de 50 \u20ac sont \u00e0 r\u00e9gler en esp\u00e8ces au moment du d\u00e9part. <\/p>\n<h3>\u00a7 7 S\u00e9jour<\/h3>\n<p>L&rsquo;appartement de vacances ne peut \u00eatre utilis\u00e9 que par les personnes indiqu\u00e9es dans la r\u00e9servation. Si l&rsquo;appartement est utilis\u00e9 par plus de personnes que pr\u00e9vu, des frais distincts de 500 euros doivent \u00eatre pay\u00e9s pour celles-ci. Dans ce cas, Landhaus Sonnrain a \u00e9galement le droit de r\u00e9silier le contrat sans pr\u00e9avis.<\/p>\n<p>La sous-location ou la cession de l&rsquo;appartement \u00e0 des tiers n&rsquo;est pas autoris\u00e9e. Le client accepte les conditions g\u00e9n\u00e9rales et le r\u00e8glement int\u00e9rieur des appartements de vacances. La d\u00e9claration de consentement a lieu avec le paiement.<\/p>\n<p>En cas de violation des conditions g\u00e9n\u00e9rales ou du r\u00e8glement int\u00e9rieur, Landhaus Sonnrain a le droit de r\u00e9silier le contrat de location imm\u00e9diatement et sans pr\u00e9avis. Il n\u2019existe aucun droit l\u00e9gal au remboursement du loyer ou \u00e0 une indemnisation.<\/p>\n<h3>\u00a7 8 Annulation du voyage<\/h3>\n<p>En cas d&rsquo;annulation, le client est tenu de payer une partie du prix convenu \u00e0 titre de compensation. L&rsquo;annulation doit \u00eatre faite par \u00e9crit. Le montant de l&rsquo;indemnisation d\u00e9pend du d\u00e9lai jusqu&rsquo;au jour de l&rsquo;arriv\u00e9e et est le suivant :<\/p>\n<p>1 jour avant l&rsquo;arriv\u00e9e ou non-pr\u00e9sentation 100% du prix convenu<\/p>\n<h3>\u00a7 9 Annulation par le propri\u00e9taire<\/h3>\n<p>En cas d&rsquo;annulation de notre part, pour cause de force majeure ou d&rsquo;autres circonstances impr\u00e9visibles (telles que des accidents ou des maladies des h\u00f4tes) ainsi que d&rsquo;autres circonstances ind\u00e9pendantes de notre volont\u00e9 qui rendent l&rsquo;ex\u00e9cution impossible ; la responsabilit\u00e9 est limit\u00e9e au remboursement des frais. En cas de r\u00e9tractation justifi\u00e9e, le client n&rsquo;a aucun droit \u00e0 indemnisation &#8211; la responsabilit\u00e9 pour les frais de voyage et d&rsquo;h\u00f4tel n&rsquo;est pas accept\u00e9e.<\/p>\n<p>Une r\u00e9siliation par Landhaus Sonnrain peut avoir lieu apr\u00e8s le d\u00e9but de la p\u00e9riode de location sans respecter de d\u00e9lai de pr\u00e9avis.<\/p>\n<h3>\u00a7 10 Responsabilit\u00e9 du propri\u00e9taire<\/h3>\n<p>Dans le cadre de son devoir de diligence, Landhaus Sonnrain est responsable de la mise \u00e0 disposition correcte du bien lou\u00e9. La responsabilit\u00e9 pour d&rsquo;\u00e9ventuelles pannes ou perturbations de l&rsquo;approvisionnement en eau ou en \u00e9lectricit\u00e9, ainsi que pour les \u00e9v\u00e9nements et cons\u00e9quences caus\u00e9s par un cas de force majeure, est exclue.<\/p>\n<h3>\u00a7 11 Autorisation d&rsquo;utiliser l&rsquo;acc\u00e8s Internet via WLAN<\/h3>\n<p>Le Landhaus Sonnrain dispose d&rsquo;un acc\u00e8s Internet via WLAN dans son appartement de vacances. Il permet au client de partager l&rsquo;acc\u00e8s WLAN \u00e0 Internet pendant toute la dur\u00e9e de son s\u00e9jour dans la propri\u00e9t\u00e9 de vacances. Le locataire n&rsquo;a pas le droit de permettre \u00e0 des tiers d&rsquo;utiliser le WiFi.<\/p>\n<p>Landhaus Sonnrain ne garantit pas la disponibilit\u00e9 r\u00e9elle, l&rsquo;ad\u00e9quation ou la fiabilit\u00e9 de l&rsquo;acc\u00e8s Internet \u00e0 quelque fin que ce soit. Il a le droit \u00e0 tout moment d&rsquo;autoriser des co-utilisateurs suppl\u00e9mentaires \u00e0 exploiter le WLAN en totalit\u00e9, en partie ou ponctuellement et de restreindre ou d&rsquo;exclure l&rsquo;acc\u00e8s du locataire en totalit\u00e9, en partie ou ponctuellement si la connexion est ou a \u00e9t\u00e9 utilis\u00e9e ill\u00e9galement, dans la mesure o\u00f9 Landhaus Sonnrain doit craindre un sinistre et ne peut pas l&#8217;emp\u00eacher dans un d\u00e9lai raisonnable avec les efforts habituels et raisonnables. Landhaus Sonnrain se r\u00e9serve notamment le droit de bloquer l&rsquo;acc\u00e8s \u00e0 certaines pages ou services via le WLAN, \u00e0 sa discr\u00e9tion raisonnable et \u00e0 tout moment (par exemple, les pages qui glorifient la violence, la pornographie ou les pages payantes).<\/p>\n<h3>\u00a7 11.1 Acc\u00e9der aux donn\u00e9es<\/h3>\n<p>L&rsquo;utilisation du WLAN s&rsquo;effectue via la s\u00e9curit\u00e9 d&rsquo;acc\u00e8s. Les donn\u00e9es d&rsquo;acc\u00e8s (identifiant et mot de passe) ne peuvent en aucun cas \u00eatre transmises \u00e0 des tiers. Si le client souhaite accorder \u00e0 des tiers l&rsquo;acc\u00e8s \u00e0 Internet via WLAN, cela d\u00e9pend de notre accord \u00e9crit pr\u00e9alable et de l&rsquo;acceptation par le tiers des dispositions du pr\u00e9sent contrat d&rsquo;utilisation, document\u00e9e par une signature et une identification compl\u00e8te. Le client s&rsquo;engage \u00e0 garder secr\u00e8tes ses donn\u00e9es d&rsquo;acc\u00e8s. Landhaus Sonnrain a le droit de modifier les codes d&rsquo;acc\u00e8s \u00e0 tout moment.<\/p>\n<h3>\u00a7 11.2 Dangers li\u00e9s \u00e0 l&rsquo;utilisation du WLAN, limitation de responsabilit\u00e9<\/h3>\n<p>Le client est inform\u00e9 que le WLAN permet uniquement l&rsquo;acc\u00e8s \u00e0 Internet ; la protection antivirus et le pare-feu ne sont pas disponibles. Le trafic de donn\u00e9es cr\u00e9\u00e9 via le WLAN n&rsquo;est pas crypt\u00e9. Les donn\u00e9es peuvent donc potentiellement \u00eatre consult\u00e9es par des tiers. Landhaus Sonnrain souligne express\u00e9ment qu&rsquo;il existe un risque que des logiciels malveillants (par exemple virus, chevaux de Troie, vers, etc.) puissent p\u00e9n\u00e9trer sur l&rsquo;appareil final lors de l&rsquo;utilisation du WLAN. L&rsquo;utilisation du WiFi se fait \u00e0 vos propres risques et aux propres risques du client. Nous n&rsquo;assumons aucune responsabilit\u00e9 pour les dommages caus\u00e9s aux m\u00e9dias num\u00e9riques du locataire r\u00e9sultant de l&rsquo;utilisation de l&rsquo;acc\u00e8s Internet, \u00e0 moins que les dommages aient \u00e9t\u00e9 caus\u00e9s intentionnellement ou par n\u00e9gligence grave de notre part et\/ou de nos auxiliaires d&rsquo;ex\u00e9cution.<\/p>\n<h3>\u00a7 12 R\u00e8glement int\u00e9rieur, droits et obligations g\u00e9n\u00e9raux<\/h3>\n<p>(1) Le client est tenu de respecter le r\u00e8glement int\u00e9rieur. Le calme nocturne s&rsquo;applique de 22h \u00e0 6h du matin. Pour \u00e9viter toute perturbation, la t\u00e9l\u00e9vision et les appareils audio doivent \u00eatre r\u00e9gl\u00e9s sur le volume de la pi\u00e8ce.<\/p>\n<p>(2) Pendant la dur\u00e9e de la location de l&rsquo;appartement de vacances, le client est tenu de garder les fen\u00eatres et les portes ferm\u00e9es lorsqu&rsquo;il quitte l&rsquo;appartement de vacances.<\/p>\n<p>(3) Il est g\u00e9n\u00e9ralement interdit de fumer dans l&rsquo;appartement de vacances. En cas de manquement, des frais de m\u00e9nage pouvant aller jusqu&rsquo;\u00e0 1000 euros pourront vous \u00eatre factur\u00e9s. Il est permis de fumer uniquement sur les balcons et les terrasses.<\/p>\n<p>(4) Notre parking interne offre 6 places de stationnement. Le plan de stationnement doit \u00eatre respect\u00e9 et\/ou un accord doit \u00eatre conclu avec les autres clients pour un stationnement tranquille et s\u00fbr.<\/p>\n<p>(5) L&rsquo;introduction et\/ou la fixation de mat\u00e9riaux de d\u00e9coration ou similaires n&rsquo;est pas autoris\u00e9e dans l&rsquo;appartement de vacances. Le client est responsable des d\u00e9corations install\u00e9es et\/ou fix\u00e9es, etc. seul. Le client est \u00e9galement tenu de r\u00e9parer les dommages caus\u00e9s par l&rsquo;installation ou la fixation de d\u00e9corations ou similaires.<\/p>\n<p>(6) Landhaus Sonnrain a le droit d&rsquo;acc\u00e9der \u00e0 l&rsquo;appartement de vacances \u00e0 tout moment, notamment en cas de danger imminent. Lors de l&rsquo;exercice du droit d&rsquo;acc\u00e8s, il convient de tenir d\u00fbment compte des int\u00e9r\u00eats dignes de protection du client. Nous informerons le client \u00e0 l&rsquo;avance de l&rsquo;exercice du droit d&rsquo;acc\u00e8s, \u00e0 moins que cela ne soit d\u00e9raisonnable ou impossible au vu des circonstances de chaque cas.<\/p>\n","protected":false},"excerpt":{"rendered":"<p>Table des mati\u00e8res \u00a7 1. D\u00e9finitions \u00a7 2 R\u00e9servation\/confirmation de r\u00e9servation \u00a7 3 Conditions de paiement \u00a7 4 Arriv\u00e9e et d\u00e9part \u00a7 5 Appartements de vacances \u00a7 6 Animaux domestiques \u00a7 7 S\u00e9jour \u00a7 8 Annulation du voyage \u00a7 9 Annulation par le propri\u00e9taire \u00a7 10 Responsabilit\u00e9 du propri\u00e9taire \u00a7 11 Autorisation d&rsquo;utiliser l&rsquo;acc\u00e8s Internet [&hellip;]<\/p>\n","protected":false},"author":2,"featured_media":0,"parent":584,"menu_order":0,"comment_status":"closed","ping_status":"closed","template":"","meta":{"_uf_show_specific_survey":0,"_uf_disable_surveys":false,"footnotes":""},"class_list":["post-2055","page","type-page","status-publish","hentry","wpbf-post"],"_links":{"self":[{"href":"https:\/\/landhaus-sonnrain.at\/fr\/wp-json\/wp\/v2\/pages\/2055","targetHints":{"allow":["GET"]}}],"collection":[{"href":"https:\/\/landhaus-sonnrain.at\/fr\/wp-json\/wp\/v2\/pages"}],"about":[{"href":"https:\/\/landhaus-sonnrain.at\/fr\/wp-json\/wp\/v2\/types\/page"}],"author":[{"embeddable":true,"href":"https:\/\/landhaus-sonnrain.at\/fr\/wp-json\/wp\/v2\/users\/2"}],"replies":[{"embeddable":true,"href":"https:\/\/landhaus-sonnrain.at\/fr\/wp-json\/wp\/v2\/comments?post=2055"}],"version-history":[{"count":1,"href":"https:\/\/landhaus-sonnrain.at\/fr\/wp-json\/wp\/v2\/pages\/2055\/revisions"}],"predecessor-version":[{"id":2765,"href":"https:\/\/landhaus-sonnrain.at\/fr\/wp-json\/wp\/v2\/pages\/2055\/revisions\/2765"}],"up":[{"embeddable":true,"href":"https:\/\/landhaus-sonnrain.at\/fr\/wp-json\/wp\/v2\/pages\/584"}],"wp:attachment":[{"href":"https:\/\/landhaus-sonnrain.at\/fr\/wp-json\/wp\/v2\/media?parent=2055"}],"curies":[{"name":"wp","href":"https:\/\/api.w.org\/{rel}","templated":true}]}}