{"id":2031,"date":"2024-04-23T14:12:47","date_gmt":"2024-04-23T12:12:47","guid":{"rendered":"https:\/\/landhaus-sonnrain.at\/reserver-un-sejour\/questions-frequemment-posees\/"},"modified":"2025-08-15T17:13:20","modified_gmt":"2025-08-15T15:13:20","slug":"questions-frequemment-posees","status":"publish","type":"page","link":"https:\/\/landhaus-sonnrain.at\/fr\/reserver-un-sejour\/questions-frequemment-posees\/","title":{"rendered":"Questions fr\u00e9quemment pos\u00e9es"},"content":{"rendered":"<section class=\"wpb-content-wrapper\"><p>[vc_row][vc_column][vc_column_text][\/vc_column_text][vc_toggle title=\u00a0\u00bbQuand recevrons-nous les informations d\u2019arriv\u00e9e + le code de la bo\u00eete \u00e0 cl\u00e9s ?\u00a0\u00bb]La veille de votre arriv\u00e9e par email[\/vc_toggle][\/vc_column][\/vc_row][vc_row][vc_column][vc_toggle title=\u00a0\u00bbQu&apos;est-ce qui est disponible dans l&apos;appartement de vacances ? Que devons-nous apporter ?\u00a0\u00bb]Disponible:<\/p>\n<ul>\n<li>Linge de lit et serviettes<\/li>\n<li>Papier toilette, savon, liquide vaisselle, pastilles lave-vaisselle, d\u00e9tergent<\/li>\n<li>Lave-linge, s\u00e8che-linge (payant)<\/li>\n<li>cuisine enti\u00e8rement \u00e9quip\u00e9e, appareil \u00e0 raclette<\/li>\n<li>Lit b\u00e9b\u00e9 et chaise haute (utilisation gratuite, peuvent \u00eatre r\u00e9cup\u00e9r\u00e9s \u00e0 tout moment au chambre de laver)<\/li>\n<li>cafeti\u00e8re<\/li>\n<\/ul>\n<p>Apporter:<\/p>\n<ul>\n<li>grains de caf\u00e9<\/li>\n<li>\u00c9piceries<\/li>\n<li>Chaussons<\/li>\n<li>Literie (oreillers, couvertures, couvertures) pour le lit b\u00e9b\u00e9<\/li>\n<\/ul>\n<p>[\/vc_toggle][\/vc_column][\/vc_row][vc_row][vc_column][vc_toggle title=\u00a0\u00bbM\u00e9decin, pharmacie, h\u00f4pital\u00a0\u00bb]M\u00e9decin + pharmacie<\/p>\n<ul>\n<li>Dr. Plangger, M\u00fchlgasse 6, 6522 Prutz +43 54726202, <a href=\"https:\/\/www.dr-plangger.com\/\">https:\/\/www.dr-plangger.com\/<\/a><\/li>\n<\/ul>\n<p>H\u00f4pital Zams<\/p>\n<ul>\n<li>Sanatoriumstr. 43, 6511 Zams, +43 5442 600, <a href=\"https:\/\/khzams.at\/de\/index.php\">https:\/\/khzams.at\/de\/index.php<\/a><\/li>\n<\/ul>\n<p>[\/vc_toggle][\/vc_column][\/vc_row][vc_row][vc_column][vc_toggle title=\u00a0\u00bbVoiture\u00a0\u00bb]Service de remorquage<\/p>\n<ul>\n<li>\u00d6AMTC, +43 120, <a href=\"https:\/\/www.oeamtc.at\/nothilfe\/\">https:\/\/www.oeamtc.at\/nothilfe\/<\/a><\/li>\n<\/ul>\n<p>Combien de temps dure le trajet de Fendels au domaine skiable de Serfaus-Fiss-Ladis ?<\/p>\n<ul>\n<li>25 minutes<\/li>\n<\/ul>\n<p>Borne de recharge pour voiture \u00e9lectrique<\/p>\n<ul>\n<li>\u00c0 la station-service Eni : Gewerbestr. 2, 6522 Prutz<\/li>\n<li>TIWAG: Dorfstr. 59, 6522 Prutz <\/li>\n<li>Pas de possibilit\u00e9 de recharge au Landhaus Sonnrain \/ \u00e0 Fendels !<\/li>\n<\/ul>\n<p>Atelier automobile + v\u00e9lo<\/p>\n<ul>\n<li>V&amp;M KFZ Reparaturen KG, Sauersteinweg 3, 6522 Prutz +43 5472 207 99, <a href=\"mailto:info@vmkfz.at\">info@vmkfz.at<\/a> <a href=\"https:\/\/www.vmkfz.at\/\">https:\/\/www.vmkfz.at\/<\/a><\/li>\n<\/ul>\n<p>parking<\/p>\n<ul>\n<li>Chaque appartement se voit attribuer une ou deux places de parking. Le plan de stationnement sera envoy\u00e9 avec les informations d&rsquo;arriv\u00e9e et sera affich\u00e9 sur place.<\/li>\n<li>S&rsquo;il y a de la neige ou de la glace, chaque invit\u00e9 doit d\u00e9gager l&rsquo;espace de stationnement (des pelles et du sel sont dans le garage). Ne vous garez pas sur la neige\/la glace ! <\/li>\n<\/ul>\n<p>Cha\u00eenes \u00e0 neige<\/p>\n<ul>\n<li>Selon la municipalit\u00e9, ils doivent \u00eatre transport\u00e9s pendant les mois d&rsquo;hiver.<\/li>\n<\/ul>\n<p>Vignette<\/p>\n<ul>\n<li>Est n\u00e9cessaire pour les autoroutes en Autriche et pour le tunnel de Landecker !<\/li>\n<\/ul>\n<p>[\/vc_toggle][\/vc_column][\/vc_row][vc_row][vc_column][vc_toggle title=\u00a0\u00bbtransport public\u00a0\u00bb]Liaison bus Fendels &#8211; Serfaus-Fiss-Ladis ou Glacier Kaunertal<\/p>\n<ul>\n<li>Indisponible<\/li>\n<\/ul>\n<p>Taxi<\/p>\n<ul>\n<li>Engelberts Taxi, Feldweg 7, 6522 Prutz +43547220288<\/li>\n<li>Taxi, Reschen Str. 8, 6522 Prutz +43 66058 51830, <a href=\"mailto:info@west.taxi\">info@west.taxi<\/a>, <a href=\"https:\/\/www.west.taxi\">https:\/\/www.west.taxi<\/a><\/li>\n<li>SFL Taxi +4354766700<\/li>\n<\/ul>\n<p>[\/vc_toggle][\/vc_column][\/vc_row][vc_row][vc_column][vc_toggle title=\u00a0\u00bb\u00e9piceries et restaurants\u00a0\u00bb]<\/p>\n<p>Possibilit\u00e9s de shopping \u00e0 Fendels<\/p>\n<ul>\n<li>non<\/li>\n<li>Les supermarch\u00e9s Hofer, MPreis et SPAR sont situ\u00e9s \u00e0 Prutz et Ried<\/li>\n<\/ul>\n<p>Bar<\/p>\n<ul>\n<li>Dave&rsquo;s Caf\u00e9  Bar, Kirchgasse 2, 6522 Prutz<\/li>\n<li>Bacchus Keller, Dorfstr. 13, 6522 Prutz <\/li>\n<li>H2O Adventure Bar Restaurant, Hsnr. 231 (Badesee), 6531 Ried im Oberinntal <\/li>\n<\/ul>\n<p>&nbsp;<\/p>\n<p>Des Restaurants<\/p>\n<ul>\n<li>Truyenstube, Nr. 46, 6528 Fendels, +43 5472 67 05<\/li>\n<li>Pizza, Erlebnishotel Fendels Nr. 72, 6528 Fendels, +43 5472 2403<\/li>\n<li class=\"fz14 pt-3 pb-4\">Sattelklause, station sup\u00e9rieure du t\u00e9l\u00e9ph\u00e9rique Fendels, 6528 Fendels, +43 5472 616023<\/li>\n<\/ul>\n<div class=\"row row--gutter-width-20 main-footer__phone\">\n<div class=\"col-1 d-flex align-items-center\">Service de livraison<\/div>\n<ul>\n<li>il n&rsquo;y en a pas \u00e0 Fendels<\/li>\n<\/ul>\n<div class=\"col\"><\/div>\n<\/div>\n<p>[\/vc_toggle][\/vc_column][\/vc_row][vc_row][vc_column][vc_toggle title=\u00a0\u00bbAnimaux domestiques\u00a0\u00bb]chien<\/p>\n<ul>\n<li>Veuillez apporter du mat\u00e9riel<\/li>\n<li>Utilisation obligatoire d&rsquo;une museli\u00e8re dans les transports publics et les remont\u00e9es m\u00e9caniques<\/li>\n<li>Frais de m\u00e9nage suppl\u00e9mentaires de 50 \u20ac \u00e0 r\u00e9gler en esp\u00e8ces au moment du d\u00e9part<\/li>\n<\/ul>\n<p>v\u00e9t\u00e9rinaire<\/p>\n<ul>\n<li>Dr. Demetz: 6351 Ried im Oberinntal Hsnr. 336, +436644682829<\/li>\n<\/ul>\n<p>[\/vc_toggle][\/vc_column][\/vc_row][vc_row][vc_column][vc_toggle title=\u00a0\u00bbCarte d&apos;h\u00f4te et r\u00e9duction\u00a0\u00bb]La poste<\/p>\n<ul>\n<li>Trendshop Sailer, Dorfstra\u00dfe 14a, 6522 Prutz<\/li>\n<\/ul>\n<p>Office du tourisme<\/p>\n<ul>\n<li>Fendels : No. 40, ouvert du lundi au vendredi de 9h \u00e0 11h <\/li>\n<li>Prutz: Hintergasse 2, 6522 Prutz Montag &#8211; Freitag 08:00 &#8211; 11:00 Uhr<br \/>\nSamstag 16:00 &#8211; 18:00 Uhr<br \/>\nSonntag &amp; Feiertage geschlossen<\/li>\n<li>Ried: Kirchplatz 48, 6531 Ried, Montag &#8211; Freitag 08:00 &#8211; 12:00 Uhr &amp; 13:00 &#8211; 17:00 Uhr<br \/>\nSamstag 16:00 &#8211; 18:00 Uhr<br \/>\nSonntag &amp; Feiertage geschlossen<\/li>\n<li>La taxe de s\u00e9jour de 3,50 \u20ac par personne (plus de 15 ans) et par nuit doit \u00eatre r\u00e9gl\u00e9e en esp\u00e8ces sur place<\/li>\n<li>La SummerCard Basic est incluse dans la r\u00e9servation<\/li>\n<li>Informations compl\u00e9mentaires et options :<a href=\"https:\/\/www.kaunertal.com\/de\/Ihr-Kaunertal\/im-Sommer\/Summercards\">https:\/\/www.kaunertal.com\/de\/Ihr-Kaunertal\/im-Sommer\/Summercards<\/a><\/li>\n<li>Pour acheter la SummerCard Gold (disponible \u00e0 la billetterie des remont\u00e9es m\u00e9caniques Fendels), la SummerCard Basic doit \u00eatre pr\u00e9sent\u00e9e<\/li>\n<\/ul>\n<p>R\u00e9duction sur les billets de ski<\/p>\n<ul>\n<li>Pas de rabais<\/li>\n<li>La Winter-Tal-Card est incluse lors de la r\u00e9servation au Landhaus Sonnrain (Fendels + Kaunertal)<\/li>\n<li><strong><u>ne s&rsquo;applique pas<\/u><\/strong> \u00e0 Serfaus-Fiss-Ladis<\/li>\n<\/ul>\n<p>[\/vc_toggle][\/vc_column][\/vc_row][vc_row][vc_column][vc_toggle title=\u00a0\u00bbMagasin de sport, location de v\u00e9los\/skis, \u00e9lectronique\u00a0\u00bb]Magasin de v\u00e9los + service + borne de recharge<\/p>\n<ul>\n<li>Intersport Pregenzer, Dorfstr. 11, 6522 Prutz<\/li>\n<\/ul>\n<p>Service de ski + location<\/p>\n<ul>\n<li>Sport Schranz, 6528 Fendels, 73 <a href=\"https:\/\/www.sportschranz.at\/de\/\">https:\/\/www.sportschranz.at\/de\/<\/a><\/li>\n<li>SPORT2000 Burtscher Talstation Fendels, Ried 302, 6531 Ried im Oberinntal<\/li>\n<\/ul>\n<p>Magasin de sport \/ \u00e9quipement de plein air<\/p>\n<ul>\n<li>SPORT BURTSCHER, Hauptstr. 22, 6531 Ried im Oberinntal <a href=\"https:\/\/www.sportburtscher.at\/de\">https:\/\/www.sportburtscher.at\/de<\/a><\/li>\n<\/ul>\n<p>Electronique (adaptateurs, chargeurs, etc.)<\/p>\n<ul>\n<li>G\u00fcnther Handle Elektrotechnik, Hsnr. 54, 6531 Ried im Oberinntal https:\/\/www.handle.co.at\/ <\/li>\n<li>Der Grissemann, Hauptstra\u00dfe 150, 6511 Zams https:\/\/www.dergrissemann.at\/page\/cms\/einkaufszentrum-grissemann\/elektro<\/li>\n<\/ul>\n<p>[\/vc_toggle][\/vc_column][\/vc_row][vc_row][vc_column][\/vc_column][\/vc_row]<\/p>\n<\/section>","protected":false},"excerpt":{"rendered":"<p>[vc_row][vc_column][vc_column_text][\/vc_column_text][vc_toggle title=\u00a0\u00bbQuand recevrons-nous les informations d\u2019arriv\u00e9e + le code de la bo\u00eete \u00e0 cl\u00e9s ?\u00a0\u00bb]La veille de votre arriv\u00e9e par email[\/vc_toggle][\/vc_column][\/vc_row][vc_row][vc_column][vc_toggle title=\u00a0\u00bbQu&apos;est-ce qui est disponible dans l&apos;appartement de vacances ? Que devons-nous apporter ?\u00a0\u00bb]Disponible: Linge de lit et serviettes Papier toilette, savon, liquide vaisselle, pastilles lave-vaisselle, d\u00e9tergent Lave-linge, s\u00e8che-linge (payant) cuisine enti\u00e8rement \u00e9quip\u00e9e, appareil \u00e0 [&hellip;]<\/p>\n","protected":false},"author":2,"featured_media":0,"parent":584,"menu_order":0,"comment_status":"closed","ping_status":"closed","template":"","meta":{"_uf_show_specific_survey":0,"_uf_disable_surveys":false,"footnotes":""},"class_list":["post-2031","page","type-page","status-publish","hentry","wpbf-post"],"_links":{"self":[{"href":"https:\/\/landhaus-sonnrain.at\/fr\/wp-json\/wp\/v2\/pages\/2031","targetHints":{"allow":["GET"]}}],"collection":[{"href":"https:\/\/landhaus-sonnrain.at\/fr\/wp-json\/wp\/v2\/pages"}],"about":[{"href":"https:\/\/landhaus-sonnrain.at\/fr\/wp-json\/wp\/v2\/types\/page"}],"author":[{"embeddable":true,"href":"https:\/\/landhaus-sonnrain.at\/fr\/wp-json\/wp\/v2\/users\/2"}],"replies":[{"embeddable":true,"href":"https:\/\/landhaus-sonnrain.at\/fr\/wp-json\/wp\/v2\/comments?post=2031"}],"version-history":[{"count":8,"href":"https:\/\/landhaus-sonnrain.at\/fr\/wp-json\/wp\/v2\/pages\/2031\/revisions"}],"predecessor-version":[{"id":2774,"href":"https:\/\/landhaus-sonnrain.at\/fr\/wp-json\/wp\/v2\/pages\/2031\/revisions\/2774"}],"up":[{"embeddable":true,"href":"https:\/\/landhaus-sonnrain.at\/fr\/wp-json\/wp\/v2\/pages\/584"}],"wp:attachment":[{"href":"https:\/\/landhaus-sonnrain.at\/fr\/wp-json\/wp\/v2\/media?parent=2031"}],"curies":[{"name":"wp","href":"https:\/\/api.w.org\/{rel}","templated":true}]}}