{"id":1965,"date":"2023-11-21T16:16:28","date_gmt":"2023-11-21T15:16:28","guid":{"rendered":"https:\/\/landhaus-sonnrain.at\/workation\/"},"modified":"2023-11-23T09:18:16","modified_gmt":"2023-11-23T08:18:16","slug":"workation","status":"publish","type":"page","link":"https:\/\/landhaus-sonnrain.at\/fr\/workation\/","title":{"rendered":"Workation"},"content":{"rendered":"<section class=\"wpb-content-wrapper\"><p>[vc_row full_width=\u00a0\u00bbstretch_row\u00a0\u00bb css=\u00a0\u00bb.vc_custom_1700580337453{background-position: center !important;background-repeat: no-repeat !important;background-size: cover !important;}\u00a0\u00bb][vc_column][vc_single_image image=\u00a0\u00bb1731&Prime; img_size=\u00a0\u00bbfull\u00a0\u00bb alignment=\u00a0\u00bbcenter\u00a0\u00bb][vc_column_text]<strong>Au Tyrol, les montagnes de travail se r\u00e9duisent : ta station de travail au Landhaus Sonnrain \u00e0 Fendels<\/strong><\/p>\n<p><strong>Bienvenue au Bureau des Montagnes<\/strong><\/p>\n<p>Fini les salles de r\u00e9union ennuyeuses et les conf\u00e9rences t\u00e9l\u00e9phoniques mornes &#8211; maintenant, <strong>on travaille l\u00e0 o\u00f9 d&rsquo;autres passent leurs vacances<\/strong> : dans la pittoresque maison de campagne Sonnrain \u00e0 Fendels ! Entour\u00e9s de prairies verdoyantes et de montagnes majestueuses, les h\u00f4tes peuvent y travailler dans le calme et la tranquillit\u00e9, sans pour autant renoncer au confort des commodit\u00e9s modernes. La maison est \u00e9quip\u00e9e d&rsquo;une <strong>connexion Wi-Fi \u00e0 haut d\u00e9bit<\/strong> afin de garantir que les obligations professionnelles puissent \u00eatre remplies sans effort.<\/p>\n<p><strong>Des logements confortables pour un travail efficace<\/strong><\/p>\n<p>Les logements du Landhaus Sonnrain ne sont pas seulement <strong>accueillants et confortables<\/strong>, ils sont \u00e9galement con\u00e7us pour favoriser le travail productif. Des chambres spacieuses avec une <strong>vue inspirante sur les montagnes<\/strong> et de beaux espaces de travail cr\u00e9ent l&rsquo;environnement id\u00e9al pour faire jaillir des id\u00e9es cr\u00e9atives et accomplir des t\u00e2ches de mani\u00e8re efficace.<\/p>\n<p><strong>L&rsquo;air des montagnes<\/strong> plut\u00f4t que celui du <strong>bureau<\/strong> : plongez dans l&rsquo;air frais des montagnes et laissez le stress de la grande ville derri\u00e8re vous ! Au Landhaus Sonnrain, tu travailles avec une vue panoramique \u00e0 couper le souffle sur les montagnes environnantes. Qui a besoin de murs de bureau gris quand on a les sommets majestueux et la vue sur la vall\u00e9e de l&rsquo;Inn sup\u00e9rieur sous le nez ?<\/p>\n<p><strong>Boost de productivit\u00e9 inclus<\/strong> : l&rsquo;air pur des montagnes et <strong>l&rsquo;atmosph\u00e8re d\u00e9tendue<\/strong> du Landhaus Sonnrain garantissent un v\u00e9ritable <strong>boost de productivit\u00e9 !<\/strong> Ici, tu peux faire jaillir tes id\u00e9es cr\u00e9atives et <strong>oublier le stress de la vie quotidienne.<\/strong><\/p>\n<p><strong>Lieu de travail dans un cadre verdoyant<\/strong> : la maison de campagne offre des possibilit\u00e9s de travail flexibles dans un cadre verdoyant &#8211; un endroit parfait pour chaque type de workstation !<\/p>\n<p><strong>Pauses gourmandes incluses<\/strong> : pendant la pause de midi, on ne ferme pas seulement l&rsquo;ordinateur portable, mais on r\u00e9gale aussi les papilles ! Dans la nouvelle cuisine de ton appartement de vacances au Landhaus Sonnrain, tu cuisineras tr\u00e8s facilement des <strong>d\u00e9lices r\u00e9gionaux et des sp\u00e9cialit\u00e9s culinaires<\/strong>, afin que tes papilles puissent partir en voyage de travail.<\/p>\n<p><strong>Work hard, play hard<\/strong> : une fois le travail termin\u00e9, c<strong>&lsquo;est parti pour la nature<\/strong> ! Fendels offre de nombreuses possibilit\u00e9s de loisirs, qu&rsquo;il s&rsquo;agisse d&rsquo;une randonn\u00e9e \u00e0 travers le paysage idyllique, d&rsquo;un <strong>pique-nique d\u00e9contract\u00e9 au bord du lac<\/strong> ou des <strong>plaisirs du ski<\/strong> en hiver. Il y en a pour tous les aventuriers !<\/p>\n<p><strong>Conclusion<\/strong> : au Landhaus Sonnrain, travailler devient un plaisir ! Finis les environnements de bureau ennuyeux et d\u00e9couvre \u00e0 quel point travailler dans la nature peut \u00eatre <strong>inspirant et productif.<\/strong> Fais une pause dans ton quotidien et participe \u00e0 une s\u00e9ance de travail que tu n&rsquo;oublieras pas de sit\u00f4t !<\/p>\n<p><strong>Landhaus Sonnrain &#8211; O\u00f9 le travail devient une aventure<\/strong><\/p>\n<p>L&rsquo;offre Workation est valable pour les mois d&rsquo;avril et de mai ainsi que pour les mois d&rsquo;octobre et de novembre. \u00c9cris tout de suite un mail \u00e0 info(at)landhaus-sonnrain.at pour recevoir ton offre personnelle.[\/vc_column_text][\/vc_column][\/vc_row]<\/p>\n<\/section>","protected":false},"excerpt":{"rendered":"<p>[vc_row full_width=\u00a0\u00bbstretch_row\u00a0\u00bb css=\u00a0\u00bb.vc_custom_1700580337453{background-position: center !important;background-repeat: no-repeat !important;background-size: cover !important;}\u00a0\u00bb][vc_column][vc_single_image image=\u00a0\u00bb1731&Prime; img_size=\u00a0\u00bbfull\u00a0\u00bb alignment=\u00a0\u00bbcenter\u00a0\u00bb][vc_column_text]Au Tyrol, les montagnes de travail se r\u00e9duisent : ta station de travail au Landhaus Sonnrain \u00e0 Fendels Bienvenue au Bureau des Montagnes Fini les salles de r\u00e9union ennuyeuses et les conf\u00e9rences t\u00e9l\u00e9phoniques mornes &#8211; maintenant, on travaille l\u00e0 o\u00f9 d&rsquo;autres passent leurs vacances [&hellip;]<\/p>\n","protected":false},"author":2,"featured_media":0,"parent":0,"menu_order":0,"comment_status":"closed","ping_status":"closed","template":"","meta":{"_uf_show_specific_survey":0,"_uf_disable_surveys":false,"footnotes":""},"class_list":["post-1965","page","type-page","status-publish","hentry","wpbf-post"],"_links":{"self":[{"href":"https:\/\/landhaus-sonnrain.at\/fr\/wp-json\/wp\/v2\/pages\/1965","targetHints":{"allow":["GET"]}}],"collection":[{"href":"https:\/\/landhaus-sonnrain.at\/fr\/wp-json\/wp\/v2\/pages"}],"about":[{"href":"https:\/\/landhaus-sonnrain.at\/fr\/wp-json\/wp\/v2\/types\/page"}],"author":[{"embeddable":true,"href":"https:\/\/landhaus-sonnrain.at\/fr\/wp-json\/wp\/v2\/users\/2"}],"replies":[{"embeddable":true,"href":"https:\/\/landhaus-sonnrain.at\/fr\/wp-json\/wp\/v2\/comments?post=1965"}],"version-history":[{"count":3,"href":"https:\/\/landhaus-sonnrain.at\/fr\/wp-json\/wp\/v2\/pages\/1965\/revisions"}],"predecessor-version":[{"id":1968,"href":"https:\/\/landhaus-sonnrain.at\/fr\/wp-json\/wp\/v2\/pages\/1965\/revisions\/1968"}],"wp:attachment":[{"href":"https:\/\/landhaus-sonnrain.at\/fr\/wp-json\/wp\/v2\/media?parent=1965"}],"curies":[{"name":"wp","href":"https:\/\/api.w.org\/{rel}","templated":true}]}}