{"id":1961,"date":"2023-11-21T15:27:32","date_gmt":"2023-11-21T14:27:32","guid":{"rendered":"https:\/\/landhaus-sonnrain.at\/vacances-avec-un-chien\/"},"modified":"2026-02-12T14:48:09","modified_gmt":"2026-02-12T13:48:09","slug":"vacances-avec-un-chien","status":"publish","type":"page","link":"https:\/\/landhaus-sonnrain.at\/fr\/vacances-avec-un-chien\/","title":{"rendered":"Vacances avec un chien"},"content":{"rendered":"<section class=\"wpb-content-wrapper\"><p>[vc_row full_width=\u00a0\u00bbstretch_row\u00a0\u00bb][vc_column][vc_single_image image=\u00a0\u00bb1727&Prime; img_size=\u00a0\u00bb1960&#215;600&Prime; alignment=\u00a0\u00bbcenter\u00a0\u00bb][vc_column_text]Paradis des chiens Landhaus Sonnrain[\/vc_column_text][vc_column_text]<\/p>\n<p data-start=\"0\" data-end=\"61\"><strong data-start=\"0\" data-end=\"61\">Vacances avec votre chien au Landhaus Sonnrain \u2013 d\u00e9couvrez Fendels \ud83d\udc3e<\/strong><\/p>\n<p data-start=\"63\" data-end=\"370\">Passez des vacances relaxantes au Landhaus Sonnrain \u00e0 Fendels, en compagnie de votre fid\u00e8le compagnon \u00e0 quatre pattes ! Entour\u00e9 de paysages montagneux impressionnants, respirant l&rsquo;air pur du Tyrol et bord\u00e9 de nombreux sentiers de randonn\u00e9e, votre s\u00e9jour sera une exp\u00e9rience id\u00e9ale pour vous et votre chien.<\/p>\n<p data-start=\"372\" data-end=\"552\">Votre chien est le bienvenu et, sur demande, nous pouvons organiser ses promenades pour que vous puissiez profiter pleinement de la r\u00e9gion en toute s\u00e9r\u00e9nit\u00e9.<\/p>\n<p data-start=\"554\" data-end=\"636\" data-is-last-node=\"\" data-is-only-node=\"\">Landhaus Sonnrain \u2013 des vacances synonymes de d\u00e9tente pour toute la famille. \ud83d\udc36\ud83c\udfd4\ufe0f \ud83d\udc36\ud83c\udfd4\ufe0f<\/p>\n<p>[\/vc_column_text][\/vc_column][\/vc_row][vc_row][vc_column][vc_single_image image=\u00a0\u00bb2817&Prime;][\/vc_column][\/vc_row]<\/p>\n<\/section>","protected":false},"excerpt":{"rendered":"<p>[vc_row full_width=\u00a0\u00bbstretch_row\u00a0\u00bb][vc_column][vc_single_image image=\u00a0\u00bb1727&Prime; img_size=\u00a0\u00bb1960&#215;600&Prime; alignment=\u00a0\u00bbcenter\u00a0\u00bb][vc_column_text]Paradis des chiens Landhaus Sonnrain[\/vc_column_text][vc_column_text] Vacances avec votre chien au Landhaus Sonnrain \u2013 d\u00e9couvrez Fendels \ud83d\udc3e Passez des vacances relaxantes au Landhaus Sonnrain \u00e0 Fendels, en compagnie de votre fid\u00e8le compagnon \u00e0 quatre pattes ! Entour\u00e9 de paysages montagneux impressionnants, respirant l&rsquo;air pur du Tyrol et bord\u00e9 de nombreux sentiers de [&hellip;]<\/p>\n","protected":false},"author":2,"featured_media":0,"parent":0,"menu_order":0,"comment_status":"closed","ping_status":"closed","template":"","meta":{"_uf_show_specific_survey":0,"_uf_disable_surveys":false,"footnotes":""},"class_list":["post-1961","page","type-page","status-publish","hentry","wpbf-post"],"_links":{"self":[{"href":"https:\/\/landhaus-sonnrain.at\/fr\/wp-json\/wp\/v2\/pages\/1961","targetHints":{"allow":["GET"]}}],"collection":[{"href":"https:\/\/landhaus-sonnrain.at\/fr\/wp-json\/wp\/v2\/pages"}],"about":[{"href":"https:\/\/landhaus-sonnrain.at\/fr\/wp-json\/wp\/v2\/types\/page"}],"author":[{"embeddable":true,"href":"https:\/\/landhaus-sonnrain.at\/fr\/wp-json\/wp\/v2\/users\/2"}],"replies":[{"embeddable":true,"href":"https:\/\/landhaus-sonnrain.at\/fr\/wp-json\/wp\/v2\/comments?post=1961"}],"version-history":[{"count":13,"href":"https:\/\/landhaus-sonnrain.at\/fr\/wp-json\/wp\/v2\/pages\/1961\/revisions"}],"predecessor-version":[{"id":2826,"href":"https:\/\/landhaus-sonnrain.at\/fr\/wp-json\/wp\/v2\/pages\/1961\/revisions\/2826"}],"wp:attachment":[{"href":"https:\/\/landhaus-sonnrain.at\/fr\/wp-json\/wp\/v2\/media?parent=1961"}],"curies":[{"name":"wp","href":"https:\/\/api.w.org\/{rel}","templated":true}]}}