{"id":498,"date":"2023-03-29T10:57:33","date_gmt":"2023-03-29T08:57:33","guid":{"rendered":"https:\/\/landhaus-sonnrain.at\/this-is-how-you-find-us\/"},"modified":"2023-11-23T10:18:24","modified_gmt":"2023-11-23T09:18:24","slug":"location","status":"publish","type":"page","link":"https:\/\/landhaus-sonnrain.at\/en\/location\/","title":{"rendered":"This is how you find us!"},"content":{"rendered":"<section class=\"wpb-content-wrapper\"><p>[vc_row full_width=&#8221;stretch_row&#8221; css=&#8221;.vc_custom_1700143976957{padding-top: 20% !important;padding-bottom: 20% !important;background-image: url(https:\/\/landhaus-sonnrain.at\/wp-content\/uploads\/2023\/11\/9.jpg?id=1759) !important;background-position: center !important;background-repeat: no-repeat !important;background-size: cover !important;}&#8221;][vc_column][\/vc_column][\/vc_row][vc_row css=&#8221;.vc_custom_1679057036536{padding-top: 50px !important;padding-bottom: 40px !important;}&#8221;][vc_column][vc_column_text]<span class=\"label\">Stand: November 2023<\/span>[\/vc_column_text][vc_column_text]<\/p>\n<h1>So findet ihr (zu) uns!<\/h1>\n<p>[\/vc_column_text][vc_row_inner][vc_column_inner width=&#8221;1\/2&#8243;][vc_column_text]Wenn ihr durch <strong>Landeck<\/strong> fahren m\u00f6chtet, k\u00f6nnt ihr die Landesstra\u00dfe in beiden Richtungen befahren, da sie wieder ge\u00f6ffnet ist. Beachtet jedoch, dass f\u00fcr die Benutzung des &#8220;<strong>Landecker Tunnels<\/strong>&#8221; eine Autobahnvignette erforderlich ist.<\/p>\n<p>Ihr m\u00fcsst die <strong>Baustelle in Prutz<\/strong> komplett durchfahren und dann nach links in Richtung Prutz abbiegen. Beachtet bitte, dass vor\u00fcbergehend nur diese Zufahrt verf\u00fcgbar ist.<\/p>\n<p>Wenn ihr zu uns nach <strong>Fendels<\/strong> kommt, beachtet bitte, dass die Stra\u00dfen im Ort bei Schneefall mehrmals t\u00e4glich ger\u00e4umt werden. Wenn es jedoch zu starkem Schneefall kommt, kann es l\u00e4nger dauern, bis der R\u00e4umdienst seine Runden gedreht hat. <strong>Es ist wichtig, dass ihr Schneeketten mitf\u00fchrt<\/strong>!<\/p>\n<p><strong>Bitte beachtet unbedingt alle Hinweise und fahrt vorsichtig und sicher auf den Stra\u00dfen.<\/strong>[\/vc_column_text][\/vc_column_inner][vc_column_inner width=&#8221;1\/2&#8243;][vc_gmaps link=&#8221;#E-8_JTNDaWZyYW1lJTIwc3JjJTNEJTIyaHR0cHMlM0ElMkYlMkZ3d3cuZ29vZ2xlLmNvbSUyRm1hcHMlMkZlbWJlZCUzRnBiJTNEJTIxMW0xOCUyMTFtMTIlMjExbTMlMjExZDI3MTguMzAyMzE5MTY4NDI4MyUyMTJkMTAuNjc1NTUwNDU3OTE5MzE0JTIxM2Q0Ny4wNTM5MTk2MzgyMTk1OSUyMTJtMyUyMTFmMCUyMTJmMCUyMTNmMCUyMTNtMiUyMTFpMTAyNCUyMTJpNzY4JTIxNGYxMy4xJTIxM20zJTIxMW0yJTIxMXMweDQ3OWNkMTExMzMxMWFiYWYlMjUzQTB4ODJmMjU5OTg5YTQ1OWI2JTIxMnNMYW5kaGF1cyUyNTIwU29ubnJhaW4lMjUyMEZlbmRlbHMlMjE1ZTAlMjEzbTIlMjExc2RlJTIxMnNkZSUyMTR2MTY4MDA4MTIwNTE2MyUyMTVtMiUyMTFzZGUlMjEyc2RlJTIyJTIwd2lkdGglM0QlMjI2MDAlMjIlMjBoZWlnaHQlM0QlMjI0NTAlMjIlMjBzdHlsZSUzRCUyMmJvcmRlciUzQTAlM0IlMjIlMjBhbGxvd2Z1bGxzY3JlZW4lM0QlMjIlMjIlMjBsb2FkaW5nJTNEJTIybGF6eSUyMiUyMHJlZmVycmVycG9saWN5JTNEJTIybm8tcmVmZXJyZXItd2hlbi1kb3duZ3JhZGUlMjIlM0UlM0MlMkZpZnJhbWUlM0U=&#8221;][\/vc_column_inner][\/vc_row_inner][\/vc_column][\/vc_row][vc_row full_width=&#8221;stretch_row&#8221; content_placement=&#8221;middle&#8221; css=&#8221;.vc_custom_1679061584980{background-color: #e9b44c !important;}&#8221; el_class=&#8221;cta&#8221;][vc_column width=&#8221;2\/3&#8243;][vc_column_text]<\/p>\n<h2>Habt ihr Fragen? Wir helfen gerne!<\/h2>\n<p>[\/vc_column_text][\/vc_column][vc_column width=&#8221;1\/3&#8243;][vc_btn title=&#8221;Send request&#8221; style=&#8221;outline-custom&#8221; outline_custom_color=&#8221;#ffffff&#8221; outline_custom_hover_background=&#8221;#1e3829&#8243; outline_custom_hover_text=&#8221;#ffffff&#8221; shape=&#8221;square&#8221; align=&#8221;center&#8221; button_block=&#8221;true&#8221; link=&#8221;url:mailto%3Ainfo%40landhaus-sonnrain.at|title:info%28at%29landhaus-sonnrain.at|&#8221;][\/vc_column][\/vc_row]<\/p>\n<\/section>","protected":false},"excerpt":{"rendered":"<p>[vc_row full_width=&#8221;stretch_row&#8221; css=&#8221;.vc_custom_1700143976957{padding-top: 20% !important;padding-bottom: 20% !important;background-image: url(https:\/\/landhaus-sonnrain.at\/wp-content\/uploads\/2023\/11\/9.jpg?id=1759) !important;background-position: center !important;background-repeat: no-repeat !important;background-size: cover !important;}&#8221;][vc_column][\/vc_column][\/vc_row][vc_row css=&#8221;.vc_custom_1679057036536{padding-top: 50px !important;padding-bottom: 40px !important;}&#8221;][vc_column][vc_column_text]Stand: November 2023[\/vc_column_text][vc_column_text] So findet ihr (zu) uns! [\/vc_column_text][vc_row_inner][vc_column_inner width=&#8221;1\/2&#8243;][vc_column_text]Wenn ihr durch Landeck fahren m\u00f6chtet, k\u00f6nnt ihr die Landesstra\u00dfe in beiden Richtungen befahren, da sie wieder ge\u00f6ffnet ist. Beachtet jedoch, dass f\u00fcr die Benutzung des &#8220;Landecker [&hellip;]<\/p>\n","protected":false},"author":1,"featured_media":0,"parent":0,"menu_order":0,"comment_status":"closed","ping_status":"closed","template":"","meta":{"_uf_show_specific_survey":0,"_uf_disable_surveys":false,"footnotes":""},"class_list":["post-498","page","type-page","status-publish","hentry","wpbf-post"],"_links":{"self":[{"href":"https:\/\/landhaus-sonnrain.at\/en\/wp-json\/wp\/v2\/pages\/498","targetHints":{"allow":["GET"]}}],"collection":[{"href":"https:\/\/landhaus-sonnrain.at\/en\/wp-json\/wp\/v2\/pages"}],"about":[{"href":"https:\/\/landhaus-sonnrain.at\/en\/wp-json\/wp\/v2\/types\/page"}],"author":[{"embeddable":true,"href":"https:\/\/landhaus-sonnrain.at\/en\/wp-json\/wp\/v2\/users\/1"}],"replies":[{"embeddable":true,"href":"https:\/\/landhaus-sonnrain.at\/en\/wp-json\/wp\/v2\/comments?post=498"}],"version-history":[{"count":10,"href":"https:\/\/landhaus-sonnrain.at\/en\/wp-json\/wp\/v2\/pages\/498\/revisions"}],"predecessor-version":[{"id":1972,"href":"https:\/\/landhaus-sonnrain.at\/en\/wp-json\/wp\/v2\/pages\/498\/revisions\/1972"}],"wp:attachment":[{"href":"https:\/\/landhaus-sonnrain.at\/en\/wp-json\/wp\/v2\/media?parent=498"}],"curies":[{"name":"wp","href":"https:\/\/api.w.org\/{rel}","templated":true}]}}